{"id":7772,"date":"2026-03-13T10:44:43","date_gmt":"2026-03-13T09:44:43","guid":{"rendered":"https:\/\/kardosystems.com\/sklep\/?post_type=product&#038;p=7772"},"modified":"2026-03-17T10:59:25","modified_gmt":"2026-03-17T09:59:25","slug":"przewod-grzewczy-elektra-tufftec-30-1230-1230-w-dl-40-m","status":"publish","type":"product","link":"https:\/\/kardosystems.com\/sklep\/produkt\/przewod-grzewczy-elektra-tufftec-30-1230-1230-w-dl-40-m\/","title":{"rendered":"Przew\u00f3d grzewczy ELEKTRA TuffTec 30\/1230 (30 W\/m) d\u0142. 40 m 1230W"},"content":{"rendered":"<p data-start=\"0\" data-end=\"84\"><strong data-start=\"0\" data-end=\"84\">Przew\u00f3d grzejny ELEKTRA TuffTec 30\/1230 \u2013 przew\u00f3d do system\u00f3w przeciwoblodzeniowych<\/strong><\/p>\n<p data-start=\"86\" data-end=\"526\">Przew\u00f3d grzejny <strong data-start=\"102\" data-end=\"128\">ELEKTRA TuffTec 30\/1230<\/strong> to wytrzyma\u0142y przew\u00f3d grzejny przeznaczony do ochrony powierzchni zewn\u0119trznych przed \u015bniegiem i lodem. Produkt zosta\u0142 wykonany zgodnie z norm\u0105 PN-EN 60335-1 i sk\u0142ada si\u0119 z dwu\u017cy\u0142owego przewodu grzejnego zako\u0144czonego przewodem zasilaj\u0105cym. System stosuje si\u0119 przede wszystkim w instalacjach przeciwoblodzeniowych na podjazdach, chodnikach, schodach, a tak\u017ce na dachach, w rynnach i rurach spustowych.<\/p>\n<p data-start=\"528\" data-end=\"954\">Nazwa <strong data-start=\"534\" data-end=\"545\">TuffTec<\/strong> (od ang. <em data-start=\"555\" data-end=\"562\">tough<\/em> \u2013 wytrzyma\u0142y) najlepiej oddaje charakter tego przewodu. Kabel wyr\u00f3\u017cnia si\u0119 bardzo wysok\u0105 odporno\u015bci\u0105 mechaniczn\u0105 i termiczn\u0105, dlatego mo\u017ce pracowa\u0107 w trudnych warunkach instalacyjnych. Dzi\u0119ki maksymalnej temperaturze ekspozycji si\u0119gaj\u0105cej <strong data-start=\"802\" data-end=\"811\">240\u00b0C<\/strong> mo\u017cliwy jest monta\u017c przewodu nawet bezpo\u015brednio w asfalcie, co czyni go idealnym rozwi\u0105zaniem dla wymagaj\u0105cych system\u00f3w przeciwoblodzeniowych.<\/p>\n<h3 data-section-id=\"heby9z\" data-start=\"956\" data-end=\"975\">Dane techniczne<\/h3>\n<p data-start=\"979\" data-end=\"1008\">Moc jednostkowa: <strong data-start=\"996\" data-end=\"1006\">30 W\/m<br \/>\n<\/strong>Moc przewodu: <strong>1230 W<br \/>\n<\/strong>D\u0142ugo\u015b\u0107 przewodu:\u00a0<strong>40 m<\/strong><br \/>\nNapi\u0119cie zasilania: <strong data-start=\"1056\" data-end=\"1076\">230 V ~ 50\/60 Hz<br \/>\n<\/strong>\u015arednica przewodu: <strong data-start=\"1100\" data-end=\"1114\">ok. 6,8 mm<br \/>\n<\/strong>Min. temperatura instalowania: <strong data-start=\"1150\" data-end=\"1159\">-25\u00b0C<br \/>\n<\/strong>Max. temperatura pracy: <strong data-start=\"1188\" data-end=\"1198\">+110\u00b0C<br \/>\n<\/strong>Max. temperatura ekspozycji (10 min): <strong data-start=\"1241\" data-end=\"1251\">+240\u00b0C<br \/>\n<\/strong>Rodzaj przewodu grzejnego: <strong data-start=\"1283\" data-end=\"1320\">dwu\u017cy\u0142owy, zasilany jednostronnie<br \/>\n<\/strong>Przew\u00f3d przy\u0142\u0105czeniowy: <strong data-start=\"1349\" data-end=\"1386\">4 m (3 \u00d7 1,5 mm\u00b2 lub 3 \u00d7 2,5 mm\u00b2)<\/strong> w izolacji gumowej<br \/>\nIzolacja: <strong data-start=\"1420\" data-end=\"1445\">podw\u00f3jna \u2013 FEP + HDPE<br \/>\n<\/strong>Pow\u0142oka zewn\u0119trzna: <strong data-start=\"1470\" data-end=\"1507\">HFFR odporna na promieniowanie UV<br \/>\n<\/strong>Ekran: <strong data-start=\"1519\" data-end=\"1577\">100% pokrycia \u2013 obw\u00f3j z ocynowanych drut\u00f3w miedzianych<br \/>\n<\/strong>Min. promie\u0144 gi\u0119cia: <strong data-start=\"1603\" data-end=\"1612\">3,5 D<br \/>\n<\/strong>Wytrzyma\u0142o\u015b\u0107 na \u015bciskanie: <strong data-start=\"1644\" data-end=\"1656\">&gt; 2000 N<br \/>\n<\/strong>Wytrzyma\u0142o\u015b\u0107 na rozci\u0105ganie: <strong data-start=\"1690\" data-end=\"1701\">&gt; 300 N<br \/>\n<\/strong>Stopie\u0144 ochrony: <strong data-start=\"1723\" data-end=\"1731\">IPX7<br \/>\n<\/strong>Tolerancja mocy znamionowej: <strong data-start=\"1765\" data-end=\"1779\">+5% \/ -10%<br \/>\n<\/strong>Certyfikaty: <strong data-start=\"1797\" data-end=\"1804\">EAC<br \/>\n<\/strong>Certyfikacja systemu jako\u015bci: <strong data-start=\"1839\" data-end=\"1865\">ISO 9001 \u2013 IQNET, PCBC<br \/>\n<\/strong>Oznakowanie: <strong data-start=\"1883\" data-end=\"1889\">CE<\/strong><\/p>\n<h3 data-section-id=\"nipjsk\" data-start=\"1891\" data-end=\"1915\">Zawarto\u015b\u0107 opakowania<\/h3>\n<p data-start=\"1917\" data-end=\"2045\">Ka\u017cdy zestaw zawiera:<br data-start=\"1938\" data-end=\"1941\" \/>\u2022 przew\u00f3d grzejny <strong data-start=\"1959\" data-end=\"1985\">ELEKTRA TuffTec 30\/1230<\/strong>,<br data-start=\"1986\" data-end=\"1989\" \/>\u2022 kart\u0119 gwarancyjn\u0105,<br data-start=\"2009\" data-end=\"2012\" \/>\u2022 szczeg\u00f3\u0142ow\u0105 instrukcj\u0119 monta\u017cu.<\/p>\n<p data-start=\"2047\" data-end=\"2301\" data-is-last-node=\"\" data-is-only-node=\"\">Przew\u00f3d grzejny <strong data-start=\"2063\" data-end=\"2089\">ELEKTRA TuffTec 30\/1230<\/strong> to profesjonalne rozwi\u0105zanie stosowane w systemach przeciwoblodzeniowych, kt\u00f3re zapewnia wysok\u0105 trwa\u0142o\u015b\u0107, odporno\u015b\u0107 na trudne warunki pracy oraz skuteczn\u0105 ochron\u0119 powierzchni zewn\u0119trznych przed \u015bniegiem i lodem.<\/p>\n","protected":false},"excerpt":{"rendered":"<article class=\"text-token-text-primary w-full focus:outline-none [--shadow-height:45px] has-data-writing-block:pointer-events-none has-data-writing-block:-mt-(--shadow-height) has-data-writing-block:pt-(--shadow-height) [&amp;:has([data-writing-block])&gt;*]:pointer-events-auto scroll-mt-(--header-height)\" dir=\"auto\" tabindex=\"-1\" data-turn-id=\"167eb2cb-1bc5-4300-a958-afce2cb51400\" data-testid=\"conversation-turn-127\" data-scroll-anchor=\"false\" data-turn=\"user\"><\/article>\n<article class=\"text-token-text-primary w-full focus:outline-none [--shadow-height:45px] has-data-writing-block:pointer-events-none has-data-writing-block:-mt-(--shadow-height) has-data-writing-block:pt-(--shadow-height) [&amp;:has([data-writing-block])&gt;*]:pointer-events-auto scroll-mt-[calc(var(--header-height)+min(200px,max(70px,20svh)))]\" dir=\"auto\" tabindex=\"-1\" data-turn-id=\"request-69a6a608-05a0-8326-b70c-8655c09d3207-6\" data-testid=\"conversation-turn-128\" data-scroll-anchor=\"true\" data-turn=\"assistant\">\n<div class=\"text-base my-auto mx-auto pb-10 [--thread-content-margin:var(--thread-content-margin-xs,calc(var(--spacing)*4))] @w-sm\/main:[--thread-content-margin:var(--thread-content-margin-sm,calc(var(--spacing)*6))] @w-lg\/main:[--thread-content-margin:var(--thread-content-margin-lg,calc(var(--spacing)*16))] px-(--thread-content-margin)\">\n<div class=\"[--thread-content-max-width:40rem] @w-lg\/main:[--thread-content-max-width:48rem] mx-auto max-w-(--thread-content-max-width) flex-1 group\/turn-messages focus-visible:outline-hidden relative flex w-full min-w-0 flex-col agent-turn\" tabindex=\"-1\">\n<div class=\"flex max-w-full flex-col gap-4 grow\">\n<div class=\"min-h-8 text-message relative flex w-full flex-col items-end gap-2 text-start break-words whitespace-normal [.text-message+&amp;]:mt-1\" dir=\"auto\" data-message-author-role=\"assistant\" data-message-id=\"0998d616-f460-4a88-b649-56494ee9fdeb\" data-message-model-slug=\"gpt-5-3\">\n<div class=\"flex w-full flex-col gap-1 empty:hidden\">\n<div class=\"markdown prose dark:prose-invert w-full wrap-break-word light markdown-new-styling\">\n<p data-start=\"0\" data-end=\"53\"><strong data-start=\"0\" data-end=\"51\">Przew\u00f3d grzejny ELEKTRA TuffTec 30\/1230 (30 W\/m)<\/strong><\/p>\n<p data-start=\"55\" data-end=\"841\"><strong>Gotowy do monta\u017cu<\/strong> \u2013 wytrzyma\u0142y przew\u00f3d grzejny przeznaczony do system\u00f3w przeciwoblodzeniowych powierzchni zewn\u0119trznych.<br data-start=\"174\" data-end=\"177\" \/><strong>Bezpieczna konstrukcja<\/strong> \u2013 dwu\u017cy\u0142owy kabel z pe\u0142nym ekranowaniem (oplot z ocynowanych drut\u00f3w miedzianych) oraz podw\u00f3jn\u0105 izolacj\u0105 FEP + HDPE.<br data-start=\"315\" data-end=\"318\" data-is-only-node=\"\" \/><strong>Wodoodporno\u015b\u0107 IPX7<\/strong> \u2013 przystosowany do pracy w trudnych warunkach atmosferycznych i wilgotnych \u015brodowiskach.<br data-start=\"425\" data-end=\"428\" \/><strong>Wszechstronne zastosowanie<\/strong> \u2013 do ochrony podjazd\u00f3w, chodnik\u00f3w, schod\u00f3w, dach\u00f3w, rynien i rur spustowych przed \u015bniegiem i lodem.<br data-start=\"554\" data-end=\"557\" \/><strong>Efektywna moc<\/strong> \u2013 moc grzewcza 30 W\/m, moc ca\u0142kowita 1230 W, napi\u0119cie zasilania 230 V.<br data-start=\"640\" data-end=\"643\" \/><strong>Odporna konstrukcja<\/strong> \u2013 pow\u0142oka HFFR odporna na promieniowanie UV oraz bardzo wysoka temperatura ekspozycji do 240\u00b0C umo\u017cliwiaj\u0105ca monta\u017c nawet w asfalcie.<br data-start=\"796\" data-end=\"799\" \/><strong>Certyfikaty jako\u015bci<\/strong> \u2013 CE, EAC, ISO 9001.<\/p>\n<p data-start=\"843\" data-end=\"939\" data-is-last-node=\"\" data-is-only-node=\"\"><strong data-start=\"843\" data-end=\"858\">W zestawie:<\/strong><br data-start=\"858\" data-end=\"861\" \/>Przew\u00f3d grzejny ELEKTRA TuffTec 30\/1230, karta gwarancyjna, instrukcja monta\u017cu.<\/p>\n<\/div>\n<\/div>\n<\/div>\n<\/div>\n<\/div>\n<\/div>\n<\/article>\n","protected":false},"featured_media":7766,"comment_status":"open","ping_status":"closed","template":"","meta":{"ocean_post_layout":"","ocean_both_sidebars_style":"","ocean_both_sidebars_content_width":0,"ocean_both_sidebars_sidebars_width":0,"ocean_sidebar":"0","ocean_second_sidebar":"0","ocean_disable_margins":"enable","ocean_add_body_class":"","ocean_shortcode_before_top_bar":"","ocean_shortcode_after_top_bar":"","ocean_shortcode_before_header":"","ocean_shortcode_after_header":"","ocean_has_shortcode":"","ocean_shortcode_after_title":"","ocean_shortcode_before_footer_widgets":"","ocean_shortcode_after_footer_widgets":"","ocean_shortcode_before_footer_bottom":"","ocean_shortcode_after_footer_bottom":"","ocean_display_top_bar":"default","ocean_display_header":"default","ocean_header_style":"","ocean_center_header_left_menu":"0","ocean_custom_header_template":"0","ocean_custom_logo":0,"ocean_custom_retina_logo":0,"ocean_custom_logo_max_width":0,"ocean_custom_logo_tablet_max_width":0,"ocean_custom_logo_mobile_max_width":0,"ocean_custom_logo_max_height":0,"ocean_custom_logo_tablet_max_height":0,"ocean_custom_logo_mobile_max_height":0,"ocean_header_custom_menu":"0","ocean_menu_typo_font_family":"0","ocean_menu_typo_font_subset":"","ocean_menu_typo_font_size":0,"ocean_menu_typo_font_size_tablet":0,"ocean_menu_typo_font_size_mobile":0,"ocean_menu_typo_font_size_unit":"px","ocean_menu_typo_font_weight":"","ocean_menu_typo_font_weight_tablet":"","ocean_menu_typo_font_weight_mobile":"","ocean_menu_typo_transform":"","ocean_menu_typo_transform_tablet":"","ocean_menu_typo_transform_mobile":"","ocean_menu_typo_line_height":0,"ocean_menu_typo_line_height_tablet":0,"ocean_menu_typo_line_height_mobile":0,"ocean_menu_typo_line_height_unit":"","ocean_menu_typo_spacing":0,"ocean_menu_typo_spacing_tablet":0,"ocean_menu_typo_spacing_mobile":0,"ocean_menu_typo_spacing_unit":"","ocean_menu_link_color":"","ocean_menu_link_color_hover":"","ocean_menu_link_color_active":"","ocean_menu_link_background":"","ocean_menu_link_hover_background":"","ocean_menu_link_active_background":"","ocean_menu_social_links_bg":"","ocean_menu_social_hover_links_bg":"","ocean_menu_social_links_color":"","ocean_menu_social_hover_links_color":"","ocean_disable_title":"default","ocean_disable_heading":"default","ocean_post_title":"","ocean_post_subheading":"","ocean_post_title_style":"","ocean_post_title_background_color":"","ocean_post_title_background":0,"ocean_post_title_bg_image_position":"","ocean_post_title_bg_image_attachment":"","ocean_post_title_bg_image_repeat":"","ocean_post_title_bg_image_size":"","ocean_post_title_height":0,"ocean_post_title_bg_overlay":0.5,"ocean_post_title_bg_overlay_color":"","ocean_disable_breadcrumbs":"default","ocean_breadcrumbs_color":"","ocean_breadcrumbs_separator_color":"","ocean_breadcrumbs_links_color":"","ocean_breadcrumbs_links_hover_color":"","ocean_display_footer_widgets":"default","ocean_display_footer_bottom":"default","ocean_custom_footer_template":"0"},"product_brand":[],"product_cat":[73,149,275],"product_tag":[],"class_list":{"0":"post-7772","1":"product","2":"type-product","3":"status-publish","4":"has-post-thumbnail","6":"product_cat-elektryczne","7":"product_cat-kable-grzewcze","8":"product_cat-tufftec","9":"product_shipping_class-male","11":"entry","12":"has-media","14":"first","15":"instock","16":"sale","17":"taxable","18":"shipping-taxable","19":"purchasable","20":"product-type-simple","21":"has-product-nav","22":"col","23":"span_1_of_3","24":"owp-content-center","25":"item-entry","26":"owp-thumbs-layout-horizontal","27":"owp-btn-normal","28":"owp-tabs-layout-horizontal","29":"has-no-thumbnails"},"yoast_head":"<!-- This site is optimized with the Yoast SEO plugin v27.4 - https:\/\/yoast.com\/product\/yoast-seo-wordpress\/ -->\n<title>Przew\u00f3d grzewczy ELEKTRA TuffTec 30\/1230 (30 W\/m) d\u0142. 40 m 1230W - KARDO Sklep - Ogrzewanie pod\u0142ogowe i systemy grzejne<\/title>\n<meta name=\"robots\" content=\"index, follow, max-snippet:-1, max-image-preview:large, max-video-preview:-1\" \/>\n<link rel=\"canonical\" href=\"https:\/\/kardosystems.com\/sklep\/produkt\/przewod-grzewczy-elektra-tufftec-30-1230-1230-w-dl-40-m\/\" \/>\n<meta property=\"og:locale\" content=\"pl_PL\" \/>\n<meta property=\"og:type\" content=\"article\" \/>\n<meta property=\"og:title\" content=\"Przew\u00f3d grzewczy ELEKTRA TuffTec 30\/1230 (30 W\/m) d\u0142. 40 m 1230W - KARDO Sklep - Ogrzewanie pod\u0142ogowe i systemy grzejne\" \/>\n<meta property=\"og:description\" content=\"Przew\u00f3d grzejny ELEKTRA TuffTec 30\/1230 (30 W\/m) Gotowy do monta\u017cu \u2013 wytrzyma\u0142y przew\u00f3d grzejny przeznaczony do system\u00f3w przeciwoblodzeniowych powierzchni zewn\u0119trznych.Bezpieczna konstrukcja \u2013 dwu\u017cy\u0142owy kabel z pe\u0142nym ekranowaniem (oplot z ocynowanych drut\u00f3w miedzianych) oraz podw\u00f3jn\u0105 izolacj\u0105 FEP + HDPE.Wodoodporno\u015b\u0107 IPX7 \u2013 przystosowany do pracy w trudnych warunkach atmosferycznych i wilgotnych \u015brodowiskach.Wszechstronne zastosowanie \u2013 do ochrony podjazd\u00f3w, chodnik\u00f3w, schod\u00f3w, dach\u00f3w, rynien i rur spustowych przed \u015bniegiem i lodem.Efektywna moc \u2013 moc grzewcza 30 W\/m, moc ca\u0142kowita 1230 W, napi\u0119cie zasilania 230 V.Odporna konstrukcja \u2013 pow\u0142oka HFFR odporna na promieniowanie UV oraz bardzo wysoka temperatura ekspozycji do 240\u00b0C umo\u017cliwiaj\u0105ca monta\u017c nawet w asfalcie.Certyfikaty jako\u015bci \u2013 CE, EAC, ISO 9001. W zestawie:Przew\u00f3d grzejny ELEKTRA TuffTec 30\/1230, karta gwarancyjna, instrukcja monta\u017cu.\" \/>\n<meta property=\"og:url\" content=\"https:\/\/kardosystems.com\/sklep\/produkt\/przewod-grzewczy-elektra-tufftec-30-1230-1230-w-dl-40-m\/\" \/>\n<meta property=\"og:site_name\" content=\"KARDO Sklep - Ogrzewanie pod\u0142ogowe i systemy grzejne\" \/>\n<meta property=\"article:modified_time\" content=\"2026-03-17T09:59:25+00:00\" \/>\n<meta property=\"og:image\" content=\"https:\/\/kardosystems.com\/sklep\/wp-content\/uploads\/2026\/03\/ELEKTRA_TuffTec-300x251-1.png\" \/>\n\t<meta property=\"og:image:width\" content=\"300\" \/>\n\t<meta property=\"og:image:height\" content=\"251\" \/>\n\t<meta property=\"og:image:type\" content=\"image\/png\" \/>\n<meta name=\"twitter:card\" content=\"summary_large_image\" \/>\n<meta name=\"twitter:label1\" content=\"Szacowany czas czytania\" \/>\n\t<meta name=\"twitter:data1\" content=\"2 minuty\" \/>\n<script type=\"application\/ld+json\" class=\"yoast-schema-graph\">{\"@context\":\"https:\\\/\\\/schema.org\",\"@graph\":[{\"@type\":\"WebPage\",\"@id\":\"https:\\\/\\\/kardosystems.com\\\/sklep\\\/produkt\\\/przewod-grzewczy-elektra-tufftec-30-1230-1230-w-dl-40-m\\\/\",\"url\":\"https:\\\/\\\/kardosystems.com\\\/sklep\\\/produkt\\\/przewod-grzewczy-elektra-tufftec-30-1230-1230-w-dl-40-m\\\/\",\"name\":\"Przew\u00f3d grzewczy ELEKTRA TuffTec 30\\\/1230 (30 W\\\/m) d\u0142. 40 m 1230W - KARDO Sklep - Ogrzewanie pod\u0142ogowe i systemy grzejne\",\"isPartOf\":{\"@id\":\"https:\\\/\\\/kardosystems.com\\\/sklep\\\/#website\"},\"primaryImageOfPage\":{\"@id\":\"https:\\\/\\\/kardosystems.com\\\/sklep\\\/produkt\\\/przewod-grzewczy-elektra-tufftec-30-1230-1230-w-dl-40-m\\\/#primaryimage\"},\"image\":{\"@id\":\"https:\\\/\\\/kardosystems.com\\\/sklep\\\/produkt\\\/przewod-grzewczy-elektra-tufftec-30-1230-1230-w-dl-40-m\\\/#primaryimage\"},\"thumbnailUrl\":\"https:\\\/\\\/kardosystems.com\\\/sklep\\\/wp-content\\\/uploads\\\/2026\\\/03\\\/ELEKTRA_TuffTec-300x251-1.png\",\"datePublished\":\"2026-03-13T09:44:43+00:00\",\"dateModified\":\"2026-03-17T09:59:25+00:00\",\"breadcrumb\":{\"@id\":\"https:\\\/\\\/kardosystems.com\\\/sklep\\\/produkt\\\/przewod-grzewczy-elektra-tufftec-30-1230-1230-w-dl-40-m\\\/#breadcrumb\"},\"inLanguage\":\"pl-PL\",\"potentialAction\":[{\"@type\":\"ReadAction\",\"target\":[\"https:\\\/\\\/kardosystems.com\\\/sklep\\\/produkt\\\/przewod-grzewczy-elektra-tufftec-30-1230-1230-w-dl-40-m\\\/\"]}]},{\"@type\":\"ImageObject\",\"inLanguage\":\"pl-PL\",\"@id\":\"https:\\\/\\\/kardosystems.com\\\/sklep\\\/produkt\\\/przewod-grzewczy-elektra-tufftec-30-1230-1230-w-dl-40-m\\\/#primaryimage\",\"url\":\"https:\\\/\\\/kardosystems.com\\\/sklep\\\/wp-content\\\/uploads\\\/2026\\\/03\\\/ELEKTRA_TuffTec-300x251-1.png\",\"contentUrl\":\"https:\\\/\\\/kardosystems.com\\\/sklep\\\/wp-content\\\/uploads\\\/2026\\\/03\\\/ELEKTRA_TuffTec-300x251-1.png\",\"width\":300,\"height\":251},{\"@type\":\"BreadcrumbList\",\"@id\":\"https:\\\/\\\/kardosystems.com\\\/sklep\\\/produkt\\\/przewod-grzewczy-elektra-tufftec-30-1230-1230-w-dl-40-m\\\/#breadcrumb\",\"itemListElement\":[{\"@type\":\"ListItem\",\"position\":1,\"name\":\"Strona g\u0142\u00f3wna\",\"item\":\"https:\\\/\\\/kardosystems.com\\\/sklep\\\/\"},{\"@type\":\"ListItem\",\"position\":2,\"name\":\"Wszystkie produkty\",\"item\":\"https:\\\/\\\/kardosystems.com\\\/sklep\\\/produkty\\\/\"},{\"@type\":\"ListItem\",\"position\":3,\"name\":\"Przew\u00f3d grzewczy ELEKTRA TuffTec 30\\\/1230 (30 W\\\/m) d\u0142. 40 m 1230W\"}]},{\"@type\":\"WebSite\",\"@id\":\"https:\\\/\\\/kardosystems.com\\\/sklep\\\/#website\",\"url\":\"https:\\\/\\\/kardosystems.com\\\/sklep\\\/\",\"name\":\"KARDO Sklep - Ogrzewanie pod\u0142ogowe i systemy grzejne\",\"description\":\"Systemy KARDO izolacyjno grzewcze\",\"publisher\":{\"@id\":\"https:\\\/\\\/kardosystems.com\\\/sklep\\\/#organization\"},\"potentialAction\":[{\"@type\":\"SearchAction\",\"target\":{\"@type\":\"EntryPoint\",\"urlTemplate\":\"https:\\\/\\\/kardosystems.com\\\/sklep\\\/?s={search_term_string}\"},\"query-input\":{\"@type\":\"PropertyValueSpecification\",\"valueRequired\":true,\"valueName\":\"search_term_string\"}}],\"inLanguage\":\"pl-PL\"},{\"@type\":\"Organization\",\"@id\":\"https:\\\/\\\/kardosystems.com\\\/sklep\\\/#organization\",\"name\":\"KARDO SYSTEMS\",\"url\":\"https:\\\/\\\/kardosystems.com\\\/sklep\\\/\",\"logo\":{\"@type\":\"ImageObject\",\"inLanguage\":\"pl-PL\",\"@id\":\"https:\\\/\\\/kardosystems.com\\\/sklep\\\/#\\\/schema\\\/logo\\\/image\\\/\",\"url\":\"https:\\\/\\\/kardosystems.com\\\/sklep\\\/wp-content\\\/uploads\\\/2020\\\/06\\\/cropped-logosdsdsd.png\",\"contentUrl\":\"https:\\\/\\\/kardosystems.com\\\/sklep\\\/wp-content\\\/uploads\\\/2020\\\/06\\\/cropped-logosdsdsd.png\",\"width\":512,\"height\":512,\"caption\":\"KARDO SYSTEMS\"},\"image\":{\"@id\":\"https:\\\/\\\/kardosystems.com\\\/sklep\\\/#\\\/schema\\\/logo\\\/image\\\/\"}}]}<\/script>\n<!-- \/ Yoast SEO plugin. -->","yoast_head_json":{"title":"Przew\u00f3d grzewczy ELEKTRA TuffTec 30\/1230 (30 W\/m) d\u0142. 40 m 1230W - KARDO Sklep - Ogrzewanie pod\u0142ogowe i systemy grzejne","robots":{"index":"index","follow":"follow","max-snippet":"max-snippet:-1","max-image-preview":"max-image-preview:large","max-video-preview":"max-video-preview:-1"},"canonical":"https:\/\/kardosystems.com\/sklep\/produkt\/przewod-grzewczy-elektra-tufftec-30-1230-1230-w-dl-40-m\/","og_locale":"pl_PL","og_type":"article","og_title":"Przew\u00f3d grzewczy ELEKTRA TuffTec 30\/1230 (30 W\/m) d\u0142. 40 m 1230W - KARDO Sklep - Ogrzewanie pod\u0142ogowe i systemy grzejne","og_description":"Przew\u00f3d grzejny ELEKTRA TuffTec 30\/1230 (30 W\/m) Gotowy do monta\u017cu \u2013 wytrzyma\u0142y przew\u00f3d grzejny przeznaczony do system\u00f3w przeciwoblodzeniowych powierzchni zewn\u0119trznych.Bezpieczna konstrukcja \u2013 dwu\u017cy\u0142owy kabel z pe\u0142nym ekranowaniem (oplot z ocynowanych drut\u00f3w miedzianych) oraz podw\u00f3jn\u0105 izolacj\u0105 FEP + HDPE.Wodoodporno\u015b\u0107 IPX7 \u2013 przystosowany do pracy w trudnych warunkach atmosferycznych i wilgotnych \u015brodowiskach.Wszechstronne zastosowanie \u2013 do ochrony podjazd\u00f3w, chodnik\u00f3w, schod\u00f3w, dach\u00f3w, rynien i rur spustowych przed \u015bniegiem i lodem.Efektywna moc \u2013 moc grzewcza 30 W\/m, moc ca\u0142kowita 1230 W, napi\u0119cie zasilania 230 V.Odporna konstrukcja \u2013 pow\u0142oka HFFR odporna na promieniowanie UV oraz bardzo wysoka temperatura ekspozycji do 240\u00b0C umo\u017cliwiaj\u0105ca monta\u017c nawet w asfalcie.Certyfikaty jako\u015bci \u2013 CE, EAC, ISO 9001. W zestawie:Przew\u00f3d grzejny ELEKTRA TuffTec 30\/1230, karta gwarancyjna, instrukcja monta\u017cu.","og_url":"https:\/\/kardosystems.com\/sklep\/produkt\/przewod-grzewczy-elektra-tufftec-30-1230-1230-w-dl-40-m\/","og_site_name":"KARDO Sklep - Ogrzewanie pod\u0142ogowe i systemy grzejne","article_modified_time":"2026-03-17T09:59:25+00:00","og_image":[{"width":300,"height":251,"url":"https:\/\/kardosystems.com\/sklep\/wp-content\/uploads\/2026\/03\/ELEKTRA_TuffTec-300x251-1.png","type":"image\/png"}],"twitter_card":"summary_large_image","twitter_misc":{"Szacowany czas czytania":"2 minuty"},"schema":{"@context":"https:\/\/schema.org","@graph":[{"@type":"WebPage","@id":"https:\/\/kardosystems.com\/sklep\/produkt\/przewod-grzewczy-elektra-tufftec-30-1230-1230-w-dl-40-m\/","url":"https:\/\/kardosystems.com\/sklep\/produkt\/przewod-grzewczy-elektra-tufftec-30-1230-1230-w-dl-40-m\/","name":"Przew\u00f3d grzewczy ELEKTRA TuffTec 30\/1230 (30 W\/m) d\u0142. 40 m 1230W - KARDO Sklep - Ogrzewanie pod\u0142ogowe i systemy grzejne","isPartOf":{"@id":"https:\/\/kardosystems.com\/sklep\/#website"},"primaryImageOfPage":{"@id":"https:\/\/kardosystems.com\/sklep\/produkt\/przewod-grzewczy-elektra-tufftec-30-1230-1230-w-dl-40-m\/#primaryimage"},"image":{"@id":"https:\/\/kardosystems.com\/sklep\/produkt\/przewod-grzewczy-elektra-tufftec-30-1230-1230-w-dl-40-m\/#primaryimage"},"thumbnailUrl":"https:\/\/kardosystems.com\/sklep\/wp-content\/uploads\/2026\/03\/ELEKTRA_TuffTec-300x251-1.png","datePublished":"2026-03-13T09:44:43+00:00","dateModified":"2026-03-17T09:59:25+00:00","breadcrumb":{"@id":"https:\/\/kardosystems.com\/sklep\/produkt\/przewod-grzewczy-elektra-tufftec-30-1230-1230-w-dl-40-m\/#breadcrumb"},"inLanguage":"pl-PL","potentialAction":[{"@type":"ReadAction","target":["https:\/\/kardosystems.com\/sklep\/produkt\/przewod-grzewczy-elektra-tufftec-30-1230-1230-w-dl-40-m\/"]}]},{"@type":"ImageObject","inLanguage":"pl-PL","@id":"https:\/\/kardosystems.com\/sklep\/produkt\/przewod-grzewczy-elektra-tufftec-30-1230-1230-w-dl-40-m\/#primaryimage","url":"https:\/\/kardosystems.com\/sklep\/wp-content\/uploads\/2026\/03\/ELEKTRA_TuffTec-300x251-1.png","contentUrl":"https:\/\/kardosystems.com\/sklep\/wp-content\/uploads\/2026\/03\/ELEKTRA_TuffTec-300x251-1.png","width":300,"height":251},{"@type":"BreadcrumbList","@id":"https:\/\/kardosystems.com\/sklep\/produkt\/przewod-grzewczy-elektra-tufftec-30-1230-1230-w-dl-40-m\/#breadcrumb","itemListElement":[{"@type":"ListItem","position":1,"name":"Strona g\u0142\u00f3wna","item":"https:\/\/kardosystems.com\/sklep\/"},{"@type":"ListItem","position":2,"name":"Wszystkie produkty","item":"https:\/\/kardosystems.com\/sklep\/produkty\/"},{"@type":"ListItem","position":3,"name":"Przew\u00f3d grzewczy ELEKTRA TuffTec 30\/1230 (30 W\/m) d\u0142. 40 m 1230W"}]},{"@type":"WebSite","@id":"https:\/\/kardosystems.com\/sklep\/#website","url":"https:\/\/kardosystems.com\/sklep\/","name":"KARDO Sklep - Ogrzewanie pod\u0142ogowe i systemy grzejne","description":"Systemy KARDO izolacyjno grzewcze","publisher":{"@id":"https:\/\/kardosystems.com\/sklep\/#organization"},"potentialAction":[{"@type":"SearchAction","target":{"@type":"EntryPoint","urlTemplate":"https:\/\/kardosystems.com\/sklep\/?s={search_term_string}"},"query-input":{"@type":"PropertyValueSpecification","valueRequired":true,"valueName":"search_term_string"}}],"inLanguage":"pl-PL"},{"@type":"Organization","@id":"https:\/\/kardosystems.com\/sklep\/#organization","name":"KARDO SYSTEMS","url":"https:\/\/kardosystems.com\/sklep\/","logo":{"@type":"ImageObject","inLanguage":"pl-PL","@id":"https:\/\/kardosystems.com\/sklep\/#\/schema\/logo\/image\/","url":"https:\/\/kardosystems.com\/sklep\/wp-content\/uploads\/2020\/06\/cropped-logosdsdsd.png","contentUrl":"https:\/\/kardosystems.com\/sklep\/wp-content\/uploads\/2020\/06\/cropped-logosdsdsd.png","width":512,"height":512,"caption":"KARDO SYSTEMS"},"image":{"@id":"https:\/\/kardosystems.com\/sklep\/#\/schema\/logo\/image\/"}}]}},"_links":{"self":[{"href":"https:\/\/kardosystems.com\/sklep\/wp-json\/wp\/v2\/product\/7772","targetHints":{"allow":["GET"]}}],"collection":[{"href":"https:\/\/kardosystems.com\/sklep\/wp-json\/wp\/v2\/product"}],"about":[{"href":"https:\/\/kardosystems.com\/sklep\/wp-json\/wp\/v2\/types\/product"}],"replies":[{"embeddable":true,"href":"https:\/\/kardosystems.com\/sklep\/wp-json\/wp\/v2\/comments?post=7772"}],"version-history":[{"count":2,"href":"https:\/\/kardosystems.com\/sklep\/wp-json\/wp\/v2\/product\/7772\/revisions"}],"predecessor-version":[{"id":7963,"href":"https:\/\/kardosystems.com\/sklep\/wp-json\/wp\/v2\/product\/7772\/revisions\/7963"}],"wp:featuredmedia":[{"embeddable":true,"href":"https:\/\/kardosystems.com\/sklep\/wp-json\/wp\/v2\/media\/7766"}],"wp:attachment":[{"href":"https:\/\/kardosystems.com\/sklep\/wp-json\/wp\/v2\/media?parent=7772"}],"wp:term":[{"taxonomy":"product_brand","embeddable":true,"href":"https:\/\/kardosystems.com\/sklep\/wp-json\/wp\/v2\/product_brand?post=7772"},{"taxonomy":"product_cat","embeddable":true,"href":"https:\/\/kardosystems.com\/sklep\/wp-json\/wp\/v2\/product_cat?post=7772"},{"taxonomy":"product_tag","embeddable":true,"href":"https:\/\/kardosystems.com\/sklep\/wp-json\/wp\/v2\/product_tag?post=7772"}],"curies":[{"name":"wp","href":"https:\/\/api.w.org\/{rel}","templated":true}]}}