{"id":7603,"date":"2026-03-09T10:41:51","date_gmt":"2026-03-09T09:41:51","guid":{"rendered":"https:\/\/kardosystems.com\/sklep\/?post_type=product&#038;p=7603"},"modified":"2026-03-17T10:41:30","modified_gmt":"2026-03-17T09:41:30","slug":"przewod-grzejny-selftec-16-2-32w-o-dlugosci-2-m-samoregulujacy-elektra","status":"publish","type":"product","link":"https:\/\/kardosystems.com\/sklep\/produkt\/przewod-grzejny-selftec-16-2-32w-o-dlugosci-2-m-samoregulujacy-elektra\/","title":{"rendered":"Przew\u00f3d grzejny SelfTec\u00ae 16\/2 (16 W\/m) d\u0142 2 m 32W samoreguluj\u0105cy Elektra"},"content":{"rendered":"<p data-start=\"0\" data-end=\"94\"><strong data-start=\"0\" data-end=\"94\">Przew\u00f3d grzejny ELEKTRA SelfTec\u00ae 16\/2 \u2013 samoreguluj\u0105cy kabel grzejny do ochrony instalacji<\/strong><\/p>\n<p data-start=\"96\" data-end=\"554\">Przew\u00f3d grzejny <strong data-start=\"112\" data-end=\"137\">ELEKTRA SelfTec\u00ae 16\/2<\/strong> to gotowy do monta\u017cu, samoreguluj\u0105cy kabel grzejny przeznaczony do ochrony element\u00f3w instalacji nara\u017conych na dzia\u0142anie niskich temperatur. System sk\u0142ada si\u0119 z przewodu grzejnego zako\u0144czonego przewodem zasilaj\u0105cym z hermetyczn\u0105 wtyczk\u0105, dzi\u0119ki czemu instalacja jest szybka i wygodna. Rozwi\u0105zanie to skutecznie zabezpiecza rury, rynny, rury spustowe, zawory, si\u0142owniki oraz inne elementy instalacji przed zamarzaniem.<\/p>\n<p data-start=\"556\" data-end=\"880\">Technologia samoregulacji sprawia, \u017ce przew\u00f3d automatycznie dostosowuje ilo\u015b\u0107 oddawanego ciep\u0142a do temperatury otoczenia. W ch\u0142odniejszych miejscach generuje wi\u0119cej ciep\u0142a, natomiast w cieplejszych ogranicza moc grzewcz\u0105. Dzi\u0119ki temu system pracuje bezpiecznie, energooszcz\u0119dnie i minimalizuje ryzyko przegrzania instalacji.<\/p>\n<h3 data-section-id=\"heby9z\" data-start=\"882\" data-end=\"901\">Dane techniczne<\/h3>\n<p data-start=\"905\" data-end=\"938\">Moc jednostkowa (+10\u00b0C): 16 W\/m<br \/>\nCa\u0142kowita moc przewodu grzewczego (+10\u00b0C): 32 W<br \/>\nNapi\u0119cie zasilania: 230 V ~ 50\/60 Hz<br \/>\nWymiar zewn\u0119trzny przewodu: ok. 6 \u00d7 9 mm<br \/>\nMin. temperatura instalowania: -25\u00b0C<br \/>\nMax. temperatura pracy: +65\u00b0C<br \/>\nMax. temperatura ekspozycji: +65\u00b0C (w stanie wy\u0142\u0105czonym)<br \/>\nPrzew\u00f3d przy\u0142\u0105czeniowy: 3 m (3 \u00d7 0,75 mm\u00b2 lub 3 \u00d7 1,0 mm\u00b2) z wtyczk\u0105<br \/>\nRodzaj przewodu grzejnego: samoreguluj\u0105cy, zasilany jednostronnie<br \/>\nEkran: 100% pokrycia \u2013 folia AL\/PET + oplot z ocynowanych drut\u00f3w miedzianych<br \/>\n\u017by\u0142y: mied\u017a ocynowana 2 \u00d7 0,6 mm<br \/>\nIzolacja: modyfikowana poliolefina<br \/>\nPow\u0142oka zewn\u0119trzna: bezhalogenowa poliolefina odporna na promieniowanie UV<br \/>\nMin. promie\u0144 gi\u0119cia: 3,5 D<br \/>\nWytrzyma\u0142o\u015b\u0107 na \u015bciskanie: &gt; 1500 N<br \/>\nWytrzyma\u0142o\u015b\u0107 na rozci\u0105ganie: &gt; 300 N<br \/>\nCertyfikaty: EAC<br \/>\nCertyfikacja systemu jako\u015bci ISO 9001: IQNET, PCBC<br \/>\nOznakowanie: CE<\/p>\n<h3 data-section-id=\"nipjsk\" data-start=\"1777\" data-end=\"1801\">Zawarto\u015b\u0107 opakowania<\/h3>\n<p data-start=\"1803\" data-end=\"1977\">Ka\u017cdy zestaw zawiera:<br data-start=\"1824\" data-end=\"1827\" \/>\u2022 przew\u00f3d grzejny <strong data-start=\"1845\" data-end=\"1869\">ELEKTRA SelfTec 16\/2<\/strong>,<br data-start=\"1870\" data-end=\"1873\" \/>\u2022 samoklej\u0105c\u0105 ta\u015bm\u0119 monta\u017cow\u0105 (5 lub 10 m),<br data-start=\"1916\" data-end=\"1919\" \/>\u2022 kart\u0119 gwarancyjn\u0105,<br data-start=\"1939\" data-end=\"1942\" \/>\u2022 szczeg\u00f3\u0142ow\u0105 instrukcj\u0119 monta\u017cu.<\/p>\n<p data-start=\"1979\" data-end=\"2201\" data-is-last-node=\"\" data-is-only-node=\"\">Przew\u00f3d grzejny <strong data-start=\"1995\" data-end=\"2020\">ELEKTRA SelfTec\u00ae 16\/2<\/strong> to trwa\u0142e, bezpieczne i energooszcz\u0119dne rozwi\u0105zanie do ochrony instalacji przed zamarzaniem, kt\u00f3re sprawdza si\u0119 zar\u00f3wno w budynkach mieszkalnych, jak i w instalacjach zewn\u0119trznych.<\/p>\n","protected":false},"excerpt":{"rendered":"<article class=\"text-token-text-primary w-full focus:outline-none [--shadow-height:45px] has-data-writing-block:pointer-events-none has-data-writing-block:-mt-(--shadow-height) has-data-writing-block:pt-(--shadow-height) [&amp;:has([data-writing-block])&gt;*]:pointer-events-auto scroll-mt-(--header-height)\" dir=\"auto\" tabindex=\"-1\" data-turn-id=\"b1e5c129-c464-4f89-934c-162ad871014a\" data-testid=\"conversation-turn-57\" data-scroll-anchor=\"false\" data-turn=\"user\"><\/article>\n<article class=\"text-token-text-primary w-full focus:outline-none [--shadow-height:45px] has-data-writing-block:pointer-events-none has-data-writing-block:-mt-(--shadow-height) has-data-writing-block:pt-(--shadow-height) [&amp;:has([data-writing-block])&gt;*]:pointer-events-auto scroll-mt-[calc(var(--header-height)+min(200px,max(70px,20svh)))]\" dir=\"auto\" tabindex=\"-1\" data-turn-id=\"request-69a6a608-05a0-8326-b70c-8655c09d3207-1\" data-testid=\"conversation-turn-58\" data-scroll-anchor=\"true\" data-turn=\"assistant\">\n<div class=\"text-base my-auto mx-auto pb-10 [--thread-content-margin:--spacing(4)] @w-sm\/main:[--thread-content-margin:--spacing(6)] @w-lg\/main:[--thread-content-margin:--spacing(16)] px-(--thread-content-margin)\">\n<div class=\"[--thread-content-max-width:40rem] @w-lg\/main:[--thread-content-max-width:48rem] mx-auto max-w-(--thread-content-max-width) flex-1 group\/turn-messages focus-visible:outline-hidden relative flex w-full min-w-0 flex-col agent-turn\" tabindex=\"-1\">\n<div class=\"flex max-w-full flex-col grow\">\n<div class=\"min-h-8 text-message relative flex w-full flex-col items-end gap-2 text-start break-words whitespace-normal [.text-message+&amp;]:mt-1\" dir=\"auto\" data-message-author-role=\"assistant\" data-message-id=\"404910f0-256b-4fca-90f5-dfcd07ddafec\" data-message-model-slug=\"gpt-5-3\">\n<div class=\"flex w-full flex-col gap-1 empty:hidden first:pt-[1px]\">\n<div class=\"markdown prose dark:prose-invert w-full wrap-break-word light markdown-new-styling\">\n<p><strong>Przew\u00f3d grzejny ELEKTRA SelfTec 16\/2 (32 W\/m)<\/strong><\/p>\n<ul>\n<li><strong>Gotowy do monta\u017cu<\/strong> \u2013 samoreguluj\u0105cy przew\u00f3d grzejny z przewodem przy\u0142\u0105czeniowym zako\u0144czonym hermetyczn\u0105 wtyczk\u0105.<\/li>\n<li><strong>Bezpieczna konstrukcja<\/strong> \u2013 ekranowanie 100% (folia AL\/PET + oplot z ocynowanych drut\u00f3w miedzianych) oraz izolacja z modyfikowanej poliolefiny.<\/li>\n<li><strong>Wodoodporno\u015b\u0107 IPX7<\/strong> \u2013 bezpieczny do stosowania w wilgotnych miejscach i instalacjach zewn\u0119trznych.<\/li>\n<li><strong>Wszechstronne zastosowanie<\/strong> \u2013 do ochrony rur, rynien, rur spustowych, zawor\u00f3w i innych element\u00f3w instalacji przed zamarzaniem.<\/li>\n<li><strong>Efektywna moc<\/strong> \u2013 samoreguluj\u0105ca moc grzewcza 16 W\/m, napi\u0119cie 230 V.<\/li>\n<li><strong>Odporna konstrukcja<\/strong> \u2013 bezhalogenowa pow\u0142oka zewn\u0119trzna odporna na promieniowanie UV oraz temperatur\u0119 monta\u017cu do -25\u00b0C.<\/li>\n<li><strong>Certyfikaty jako\u015bci<\/strong> \u2013 CE, EAC, ISO 9001.<\/li>\n<\/ul>\n<p data-start=\"773\" data-end=\"914\" data-is-last-node=\"\" data-is-only-node=\"\"><strong data-start=\"773\" data-end=\"788\">W zestawie:<\/strong><br data-start=\"788\" data-end=\"791\" \/>Przew\u00f3d grzejny ELEKTRA SelfTec 16\/2, samoklej\u0105ca ta\u015bma monta\u017cowa (5 lub 10 m), karta gwarancyjna, instrukcja monta\u017cu (PL).<\/p>\n<\/div>\n<\/div>\n<\/div>\n<\/div>\n<\/div>\n<\/div>\n<\/article>\n","protected":false},"featured_media":7529,"comment_status":"open","ping_status":"closed","template":"","meta":{"ocean_post_layout":"","ocean_both_sidebars_style":"","ocean_both_sidebars_content_width":0,"ocean_both_sidebars_sidebars_width":0,"ocean_sidebar":"0","ocean_second_sidebar":"0","ocean_disable_margins":"enable","ocean_add_body_class":"","ocean_shortcode_before_top_bar":"","ocean_shortcode_after_top_bar":"","ocean_shortcode_before_header":"","ocean_shortcode_after_header":"","ocean_has_shortcode":"","ocean_shortcode_after_title":"","ocean_shortcode_before_footer_widgets":"","ocean_shortcode_after_footer_widgets":"","ocean_shortcode_before_footer_bottom":"","ocean_shortcode_after_footer_bottom":"","ocean_display_top_bar":"default","ocean_display_header":"default","ocean_header_style":"","ocean_center_header_left_menu":"0","ocean_custom_header_template":"0","ocean_custom_logo":0,"ocean_custom_retina_logo":0,"ocean_custom_logo_max_width":0,"ocean_custom_logo_tablet_max_width":0,"ocean_custom_logo_mobile_max_width":0,"ocean_custom_logo_max_height":0,"ocean_custom_logo_tablet_max_height":0,"ocean_custom_logo_mobile_max_height":0,"ocean_header_custom_menu":"0","ocean_menu_typo_font_family":"0","ocean_menu_typo_font_subset":"","ocean_menu_typo_font_size":0,"ocean_menu_typo_font_size_tablet":0,"ocean_menu_typo_font_size_mobile":0,"ocean_menu_typo_font_size_unit":"px","ocean_menu_typo_font_weight":"","ocean_menu_typo_font_weight_tablet":"","ocean_menu_typo_font_weight_mobile":"","ocean_menu_typo_transform":"","ocean_menu_typo_transform_tablet":"","ocean_menu_typo_transform_mobile":"","ocean_menu_typo_line_height":0,"ocean_menu_typo_line_height_tablet":0,"ocean_menu_typo_line_height_mobile":0,"ocean_menu_typo_line_height_unit":"","ocean_menu_typo_spacing":0,"ocean_menu_typo_spacing_tablet":0,"ocean_menu_typo_spacing_mobile":0,"ocean_menu_typo_spacing_unit":"","ocean_menu_link_color":"","ocean_menu_link_color_hover":"","ocean_menu_link_color_active":"","ocean_menu_link_background":"","ocean_menu_link_hover_background":"","ocean_menu_link_active_background":"","ocean_menu_social_links_bg":"","ocean_menu_social_hover_links_bg":"","ocean_menu_social_links_color":"","ocean_menu_social_hover_links_color":"","ocean_disable_title":"default","ocean_disable_heading":"default","ocean_post_title":"","ocean_post_subheading":"","ocean_post_title_style":"","ocean_post_title_background_color":"","ocean_post_title_background":0,"ocean_post_title_bg_image_position":"","ocean_post_title_bg_image_attachment":"","ocean_post_title_bg_image_repeat":"","ocean_post_title_bg_image_size":"","ocean_post_title_height":0,"ocean_post_title_bg_overlay":0.5,"ocean_post_title_bg_overlay_color":"","ocean_disable_breadcrumbs":"default","ocean_breadcrumbs_color":"","ocean_breadcrumbs_separator_color":"","ocean_breadcrumbs_links_color":"","ocean_breadcrumbs_links_hover_color":"","ocean_display_footer_widgets":"default","ocean_display_footer_bottom":"default","ocean_custom_footer_template":"0"},"product_brand":[],"product_cat":[271,73,149,268,255],"product_tag":[],"class_list":{"0":"post-7603","1":"product","2":"type-product","3":"status-publish","4":"has-post-thumbnail","6":"product_cat-16w","7":"product_cat-elektryczne","8":"product_cat-kable-grzewcze","9":"product_cat-selftec","10":"product_cat-przewody-grzewcze","11":"product_shipping_class-male","13":"entry","14":"has-media","16":"first","17":"instock","18":"sale","19":"taxable","20":"shipping-taxable","21":"purchasable","22":"product-type-simple","23":"has-product-nav","24":"col","25":"span_1_of_3","26":"owp-content-center","27":"item-entry","28":"owp-thumbs-layout-horizontal","29":"owp-btn-normal","30":"owp-tabs-layout-horizontal","31":"has-no-thumbnails"},"yoast_head":"<!-- This site is optimized with the Yoast SEO plugin v27.4 - https:\/\/yoast.com\/product\/yoast-seo-wordpress\/ -->\n<title>Przew\u00f3d grzejny SelfTec\u00ae 16\/2 (16 W\/m) d\u0142 2 m 32W samoreguluj\u0105cy Elektra - KARDO Sklep - Ogrzewanie pod\u0142ogowe i systemy grzejne<\/title>\n<meta name=\"robots\" content=\"index, follow, max-snippet:-1, max-image-preview:large, max-video-preview:-1\" \/>\n<link rel=\"canonical\" href=\"https:\/\/kardosystems.com\/sklep\/produkt\/przewod-grzejny-selftec-16-2-32w-o-dlugosci-2-m-samoregulujacy-elektra\/\" \/>\n<meta property=\"og:locale\" content=\"pl_PL\" \/>\n<meta property=\"og:type\" content=\"article\" \/>\n<meta property=\"og:title\" content=\"Przew\u00f3d grzejny SelfTec\u00ae 16\/2 (16 W\/m) d\u0142 2 m 32W samoreguluj\u0105cy Elektra - KARDO Sklep - Ogrzewanie pod\u0142ogowe i systemy grzejne\" \/>\n<meta property=\"og:description\" content=\"Przew\u00f3d grzejny ELEKTRA SelfTec 16\/2 (32 W\/m)   Gotowy do monta\u017cu \u2013 samoreguluj\u0105cy przew\u00f3d grzejny z przewodem przy\u0142\u0105czeniowym zako\u0144czonym hermetyczn\u0105 wtyczk\u0105.  Bezpieczna konstrukcja \u2013 ekranowanie 100% (folia AL\/PET + oplot z ocynowanych drut\u00f3w miedzianych) oraz izolacja z modyfikowanej poliolefiny.  Wodoodporno\u015b\u0107 IPX7 \u2013 bezpieczny do stosowania w wilgotnych miejscach i instalacjach zewn\u0119trznych.  Wszechstronne zastosowanie \u2013 do ochrony rur, rynien, rur spustowych, zawor\u00f3w i innych element\u00f3w instalacji przed zamarzaniem.  Efektywna moc \u2013 samoreguluj\u0105ca moc grzewcza 16 W\/m, napi\u0119cie 230 V.  Odporna konstrukcja \u2013 bezhalogenowa pow\u0142oka zewn\u0119trzna odporna na promieniowanie UV oraz temperatur\u0119 monta\u017cu do -25\u00b0C.  Certyfikaty jako\u015bci \u2013 CE, EAC, ISO 9001.  W zestawie:Przew\u00f3d grzejny ELEKTRA SelfTec 16\/2, samoklej\u0105ca ta\u015bma monta\u017cowa (5 lub 10 m), karta gwarancyjna, instrukcja monta\u017cu (PL).\" \/>\n<meta property=\"og:url\" content=\"https:\/\/kardosystems.com\/sklep\/produkt\/przewod-grzejny-selftec-16-2-32w-o-dlugosci-2-m-samoregulujacy-elektra\/\" \/>\n<meta property=\"og:site_name\" content=\"KARDO Sklep - Ogrzewanie pod\u0142ogowe i systemy grzejne\" \/>\n<meta property=\"article:modified_time\" content=\"2026-03-17T09:41:30+00:00\" \/>\n<meta property=\"og:image\" content=\"https:\/\/kardosystems.com\/sklep\/wp-content\/uploads\/2026\/03\/SelfTec-ready2heat.png\" \/>\n\t<meta property=\"og:image:width\" content=\"1159\" \/>\n\t<meta property=\"og:image:height\" content=\"1159\" \/>\n\t<meta property=\"og:image:type\" content=\"image\/png\" \/>\n<meta name=\"twitter:card\" content=\"summary_large_image\" \/>\n<meta name=\"twitter:label1\" content=\"Szacowany czas czytania\" \/>\n\t<meta name=\"twitter:data1\" content=\"2 minuty\" \/>\n<script type=\"application\/ld+json\" class=\"yoast-schema-graph\">{\"@context\":\"https:\\\/\\\/schema.org\",\"@graph\":[{\"@type\":\"WebPage\",\"@id\":\"https:\\\/\\\/kardosystems.com\\\/sklep\\\/produkt\\\/przewod-grzejny-selftec-16-2-32w-o-dlugosci-2-m-samoregulujacy-elektra\\\/\",\"url\":\"https:\\\/\\\/kardosystems.com\\\/sklep\\\/produkt\\\/przewod-grzejny-selftec-16-2-32w-o-dlugosci-2-m-samoregulujacy-elektra\\\/\",\"name\":\"Przew\u00f3d grzejny SelfTec\u00ae 16\\\/2 (16 W\\\/m) d\u0142 2 m 32W samoreguluj\u0105cy Elektra - KARDO Sklep - Ogrzewanie pod\u0142ogowe i systemy grzejne\",\"isPartOf\":{\"@id\":\"https:\\\/\\\/kardosystems.com\\\/sklep\\\/#website\"},\"primaryImageOfPage\":{\"@id\":\"https:\\\/\\\/kardosystems.com\\\/sklep\\\/produkt\\\/przewod-grzejny-selftec-16-2-32w-o-dlugosci-2-m-samoregulujacy-elektra\\\/#primaryimage\"},\"image\":{\"@id\":\"https:\\\/\\\/kardosystems.com\\\/sklep\\\/produkt\\\/przewod-grzejny-selftec-16-2-32w-o-dlugosci-2-m-samoregulujacy-elektra\\\/#primaryimage\"},\"thumbnailUrl\":\"https:\\\/\\\/kardosystems.com\\\/sklep\\\/wp-content\\\/uploads\\\/2026\\\/03\\\/SelfTec-ready2heat.png\",\"datePublished\":\"2026-03-09T09:41:51+00:00\",\"dateModified\":\"2026-03-17T09:41:30+00:00\",\"breadcrumb\":{\"@id\":\"https:\\\/\\\/kardosystems.com\\\/sklep\\\/produkt\\\/przewod-grzejny-selftec-16-2-32w-o-dlugosci-2-m-samoregulujacy-elektra\\\/#breadcrumb\"},\"inLanguage\":\"pl-PL\",\"potentialAction\":[{\"@type\":\"ReadAction\",\"target\":[\"https:\\\/\\\/kardosystems.com\\\/sklep\\\/produkt\\\/przewod-grzejny-selftec-16-2-32w-o-dlugosci-2-m-samoregulujacy-elektra\\\/\"]}]},{\"@type\":\"ImageObject\",\"inLanguage\":\"pl-PL\",\"@id\":\"https:\\\/\\\/kardosystems.com\\\/sklep\\\/produkt\\\/przewod-grzejny-selftec-16-2-32w-o-dlugosci-2-m-samoregulujacy-elektra\\\/#primaryimage\",\"url\":\"https:\\\/\\\/kardosystems.com\\\/sklep\\\/wp-content\\\/uploads\\\/2026\\\/03\\\/SelfTec-ready2heat.png\",\"contentUrl\":\"https:\\\/\\\/kardosystems.com\\\/sklep\\\/wp-content\\\/uploads\\\/2026\\\/03\\\/SelfTec-ready2heat.png\",\"width\":1159,\"height\":1159},{\"@type\":\"BreadcrumbList\",\"@id\":\"https:\\\/\\\/kardosystems.com\\\/sklep\\\/produkt\\\/przewod-grzejny-selftec-16-2-32w-o-dlugosci-2-m-samoregulujacy-elektra\\\/#breadcrumb\",\"itemListElement\":[{\"@type\":\"ListItem\",\"position\":1,\"name\":\"Strona g\u0142\u00f3wna\",\"item\":\"https:\\\/\\\/kardosystems.com\\\/sklep\\\/\"},{\"@type\":\"ListItem\",\"position\":2,\"name\":\"Wszystkie produkty\",\"item\":\"https:\\\/\\\/kardosystems.com\\\/sklep\\\/produkty\\\/\"},{\"@type\":\"ListItem\",\"position\":3,\"name\":\"Przew\u00f3d grzejny SelfTec\u00ae 16\\\/2 (16 W\\\/m) d\u0142 2 m 32W samoreguluj\u0105cy Elektra\"}]},{\"@type\":\"WebSite\",\"@id\":\"https:\\\/\\\/kardosystems.com\\\/sklep\\\/#website\",\"url\":\"https:\\\/\\\/kardosystems.com\\\/sklep\\\/\",\"name\":\"KARDO Sklep - Ogrzewanie pod\u0142ogowe i systemy grzejne\",\"description\":\"Systemy KARDO izolacyjno grzewcze\",\"publisher\":{\"@id\":\"https:\\\/\\\/kardosystems.com\\\/sklep\\\/#organization\"},\"potentialAction\":[{\"@type\":\"SearchAction\",\"target\":{\"@type\":\"EntryPoint\",\"urlTemplate\":\"https:\\\/\\\/kardosystems.com\\\/sklep\\\/?s={search_term_string}\"},\"query-input\":{\"@type\":\"PropertyValueSpecification\",\"valueRequired\":true,\"valueName\":\"search_term_string\"}}],\"inLanguage\":\"pl-PL\"},{\"@type\":\"Organization\",\"@id\":\"https:\\\/\\\/kardosystems.com\\\/sklep\\\/#organization\",\"name\":\"KARDO SYSTEMS\",\"url\":\"https:\\\/\\\/kardosystems.com\\\/sklep\\\/\",\"logo\":{\"@type\":\"ImageObject\",\"inLanguage\":\"pl-PL\",\"@id\":\"https:\\\/\\\/kardosystems.com\\\/sklep\\\/#\\\/schema\\\/logo\\\/image\\\/\",\"url\":\"https:\\\/\\\/kardosystems.com\\\/sklep\\\/wp-content\\\/uploads\\\/2020\\\/06\\\/cropped-logosdsdsd.png\",\"contentUrl\":\"https:\\\/\\\/kardosystems.com\\\/sklep\\\/wp-content\\\/uploads\\\/2020\\\/06\\\/cropped-logosdsdsd.png\",\"width\":512,\"height\":512,\"caption\":\"KARDO SYSTEMS\"},\"image\":{\"@id\":\"https:\\\/\\\/kardosystems.com\\\/sklep\\\/#\\\/schema\\\/logo\\\/image\\\/\"}}]}<\/script>\n<!-- \/ Yoast SEO plugin. -->","yoast_head_json":{"title":"Przew\u00f3d grzejny SelfTec\u00ae 16\/2 (16 W\/m) d\u0142 2 m 32W samoreguluj\u0105cy Elektra - KARDO Sklep - Ogrzewanie pod\u0142ogowe i systemy grzejne","robots":{"index":"index","follow":"follow","max-snippet":"max-snippet:-1","max-image-preview":"max-image-preview:large","max-video-preview":"max-video-preview:-1"},"canonical":"https:\/\/kardosystems.com\/sklep\/produkt\/przewod-grzejny-selftec-16-2-32w-o-dlugosci-2-m-samoregulujacy-elektra\/","og_locale":"pl_PL","og_type":"article","og_title":"Przew\u00f3d grzejny SelfTec\u00ae 16\/2 (16 W\/m) d\u0142 2 m 32W samoreguluj\u0105cy Elektra - KARDO Sklep - Ogrzewanie pod\u0142ogowe i systemy grzejne","og_description":"Przew\u00f3d grzejny ELEKTRA SelfTec 16\/2 (32 W\/m)   Gotowy do monta\u017cu \u2013 samoreguluj\u0105cy przew\u00f3d grzejny z przewodem przy\u0142\u0105czeniowym zako\u0144czonym hermetyczn\u0105 wtyczk\u0105.  Bezpieczna konstrukcja \u2013 ekranowanie 100% (folia AL\/PET + oplot z ocynowanych drut\u00f3w miedzianych) oraz izolacja z modyfikowanej poliolefiny.  Wodoodporno\u015b\u0107 IPX7 \u2013 bezpieczny do stosowania w wilgotnych miejscach i instalacjach zewn\u0119trznych.  Wszechstronne zastosowanie \u2013 do ochrony rur, rynien, rur spustowych, zawor\u00f3w i innych element\u00f3w instalacji przed zamarzaniem.  Efektywna moc \u2013 samoreguluj\u0105ca moc grzewcza 16 W\/m, napi\u0119cie 230 V.  Odporna konstrukcja \u2013 bezhalogenowa pow\u0142oka zewn\u0119trzna odporna na promieniowanie UV oraz temperatur\u0119 monta\u017cu do -25\u00b0C.  Certyfikaty jako\u015bci \u2013 CE, EAC, ISO 9001.  W zestawie:Przew\u00f3d grzejny ELEKTRA SelfTec 16\/2, samoklej\u0105ca ta\u015bma monta\u017cowa (5 lub 10 m), karta gwarancyjna, instrukcja monta\u017cu (PL).","og_url":"https:\/\/kardosystems.com\/sklep\/produkt\/przewod-grzejny-selftec-16-2-32w-o-dlugosci-2-m-samoregulujacy-elektra\/","og_site_name":"KARDO Sklep - Ogrzewanie pod\u0142ogowe i systemy grzejne","article_modified_time":"2026-03-17T09:41:30+00:00","og_image":[{"width":1159,"height":1159,"url":"https:\/\/kardosystems.com\/sklep\/wp-content\/uploads\/2026\/03\/SelfTec-ready2heat.png","type":"image\/png"}],"twitter_card":"summary_large_image","twitter_misc":{"Szacowany czas czytania":"2 minuty"},"schema":{"@context":"https:\/\/schema.org","@graph":[{"@type":"WebPage","@id":"https:\/\/kardosystems.com\/sklep\/produkt\/przewod-grzejny-selftec-16-2-32w-o-dlugosci-2-m-samoregulujacy-elektra\/","url":"https:\/\/kardosystems.com\/sklep\/produkt\/przewod-grzejny-selftec-16-2-32w-o-dlugosci-2-m-samoregulujacy-elektra\/","name":"Przew\u00f3d grzejny SelfTec\u00ae 16\/2 (16 W\/m) d\u0142 2 m 32W samoreguluj\u0105cy Elektra - KARDO Sklep - Ogrzewanie pod\u0142ogowe i systemy grzejne","isPartOf":{"@id":"https:\/\/kardosystems.com\/sklep\/#website"},"primaryImageOfPage":{"@id":"https:\/\/kardosystems.com\/sklep\/produkt\/przewod-grzejny-selftec-16-2-32w-o-dlugosci-2-m-samoregulujacy-elektra\/#primaryimage"},"image":{"@id":"https:\/\/kardosystems.com\/sklep\/produkt\/przewod-grzejny-selftec-16-2-32w-o-dlugosci-2-m-samoregulujacy-elektra\/#primaryimage"},"thumbnailUrl":"https:\/\/kardosystems.com\/sklep\/wp-content\/uploads\/2026\/03\/SelfTec-ready2heat.png","datePublished":"2026-03-09T09:41:51+00:00","dateModified":"2026-03-17T09:41:30+00:00","breadcrumb":{"@id":"https:\/\/kardosystems.com\/sklep\/produkt\/przewod-grzejny-selftec-16-2-32w-o-dlugosci-2-m-samoregulujacy-elektra\/#breadcrumb"},"inLanguage":"pl-PL","potentialAction":[{"@type":"ReadAction","target":["https:\/\/kardosystems.com\/sklep\/produkt\/przewod-grzejny-selftec-16-2-32w-o-dlugosci-2-m-samoregulujacy-elektra\/"]}]},{"@type":"ImageObject","inLanguage":"pl-PL","@id":"https:\/\/kardosystems.com\/sklep\/produkt\/przewod-grzejny-selftec-16-2-32w-o-dlugosci-2-m-samoregulujacy-elektra\/#primaryimage","url":"https:\/\/kardosystems.com\/sklep\/wp-content\/uploads\/2026\/03\/SelfTec-ready2heat.png","contentUrl":"https:\/\/kardosystems.com\/sklep\/wp-content\/uploads\/2026\/03\/SelfTec-ready2heat.png","width":1159,"height":1159},{"@type":"BreadcrumbList","@id":"https:\/\/kardosystems.com\/sklep\/produkt\/przewod-grzejny-selftec-16-2-32w-o-dlugosci-2-m-samoregulujacy-elektra\/#breadcrumb","itemListElement":[{"@type":"ListItem","position":1,"name":"Strona g\u0142\u00f3wna","item":"https:\/\/kardosystems.com\/sklep\/"},{"@type":"ListItem","position":2,"name":"Wszystkie produkty","item":"https:\/\/kardosystems.com\/sklep\/produkty\/"},{"@type":"ListItem","position":3,"name":"Przew\u00f3d grzejny SelfTec\u00ae 16\/2 (16 W\/m) d\u0142 2 m 32W samoreguluj\u0105cy Elektra"}]},{"@type":"WebSite","@id":"https:\/\/kardosystems.com\/sklep\/#website","url":"https:\/\/kardosystems.com\/sklep\/","name":"KARDO Sklep - Ogrzewanie pod\u0142ogowe i systemy grzejne","description":"Systemy KARDO izolacyjno grzewcze","publisher":{"@id":"https:\/\/kardosystems.com\/sklep\/#organization"},"potentialAction":[{"@type":"SearchAction","target":{"@type":"EntryPoint","urlTemplate":"https:\/\/kardosystems.com\/sklep\/?s={search_term_string}"},"query-input":{"@type":"PropertyValueSpecification","valueRequired":true,"valueName":"search_term_string"}}],"inLanguage":"pl-PL"},{"@type":"Organization","@id":"https:\/\/kardosystems.com\/sklep\/#organization","name":"KARDO SYSTEMS","url":"https:\/\/kardosystems.com\/sklep\/","logo":{"@type":"ImageObject","inLanguage":"pl-PL","@id":"https:\/\/kardosystems.com\/sklep\/#\/schema\/logo\/image\/","url":"https:\/\/kardosystems.com\/sklep\/wp-content\/uploads\/2020\/06\/cropped-logosdsdsd.png","contentUrl":"https:\/\/kardosystems.com\/sklep\/wp-content\/uploads\/2020\/06\/cropped-logosdsdsd.png","width":512,"height":512,"caption":"KARDO SYSTEMS"},"image":{"@id":"https:\/\/kardosystems.com\/sklep\/#\/schema\/logo\/image\/"}}]}},"_links":{"self":[{"href":"https:\/\/kardosystems.com\/sklep\/wp-json\/wp\/v2\/product\/7603","targetHints":{"allow":["GET"]}}],"collection":[{"href":"https:\/\/kardosystems.com\/sklep\/wp-json\/wp\/v2\/product"}],"about":[{"href":"https:\/\/kardosystems.com\/sklep\/wp-json\/wp\/v2\/types\/product"}],"replies":[{"embeddable":true,"href":"https:\/\/kardosystems.com\/sklep\/wp-json\/wp\/v2\/comments?post=7603"}],"version-history":[{"count":3,"href":"https:\/\/kardosystems.com\/sklep\/wp-json\/wp\/v2\/product\/7603\/revisions"}],"predecessor-version":[{"id":7930,"href":"https:\/\/kardosystems.com\/sklep\/wp-json\/wp\/v2\/product\/7603\/revisions\/7930"}],"wp:featuredmedia":[{"embeddable":true,"href":"https:\/\/kardosystems.com\/sklep\/wp-json\/wp\/v2\/media\/7529"}],"wp:attachment":[{"href":"https:\/\/kardosystems.com\/sklep\/wp-json\/wp\/v2\/media?parent=7603"}],"wp:term":[{"taxonomy":"product_brand","embeddable":true,"href":"https:\/\/kardosystems.com\/sklep\/wp-json\/wp\/v2\/product_brand?post=7603"},{"taxonomy":"product_cat","embeddable":true,"href":"https:\/\/kardosystems.com\/sklep\/wp-json\/wp\/v2\/product_cat?post=7603"},{"taxonomy":"product_tag","embeddable":true,"href":"https:\/\/kardosystems.com\/sklep\/wp-json\/wp\/v2\/product_tag?post=7603"}],"curies":[{"name":"wp","href":"https:\/\/api.w.org\/{rel}","templated":true}]}}