{"id":7296,"date":"2026-03-03T10:41:44","date_gmt":"2026-03-03T09:41:44","guid":{"rendered":"https:\/\/kardosystems.com\/sklep\/?post_type=product&#038;p=7296"},"modified":"2026-03-17T10:08:36","modified_gmt":"2026-03-17T09:08:36","slug":"przewod-grzejny-vcd-17-2660-2660w-o-dlugosci-155-m-jednostronnie-zasilany-elektra","status":"publish","type":"product","link":"https:\/\/kardosystems.com\/sklep\/produkt\/przewod-grzejny-vcd-17-2660-2660w-o-dlugosci-155-m-jednostronnie-zasilany-elektra\/","title":{"rendered":"Przew\u00f3d grzejny VCD 17\/2660 (17 W\/m) d\u0142 155 m 2660W jednostronnie zasilany Elektra"},"content":{"rendered":"<p data-start=\"198\" data-end=\"637\"><strong data-start=\"198\" data-end=\"220\">ELEKTRA VCD 17 W\/m<\/strong> to wysokiej jako\u015bci, gotowy do monta\u017cu przew\u00f3d grzewczy wyposa\u017cony w przew\u00f3d przy\u0142\u0105czeniowy o d\u0142ugo\u015bci 2,5 m. Zaprojektowany zosta\u0142 z my\u015bl\u0105 o wszechstronnym zastosowaniu \u2013 zar\u00f3wno jako element <strong data-start=\"414\" data-end=\"440\">ogrzewania pod\u0142ogowego<\/strong> (zatapianego w warstwie wylewki betonowej), jak i do <strong data-start=\"494\" data-end=\"558\">zabezpieczania rur oraz instalacji wodnych przed zamarzaniem<\/strong>. Sprawdza si\u0119 w domach, gara\u017cach, piwnicach oraz w rozwi\u0105zaniach technicznych.<\/p>\n<p data-start=\"639\" data-end=\"1047\">Przew\u00f3d jest <strong data-start=\"652\" data-end=\"678\">jednostronnie zasilany<\/strong>, co znacznie u\u0142atwia jego uk\u0142adanie i monta\u017c. Konstrukcja opiera si\u0119 na dwu\u017cy\u0142owym kablu z pe\u0142nym ekranowaniem (folia AL\/PET + oplot z ocynowanej miedzi) oraz podw\u00f3jn\u0105 izolacj\u0105 (XLPE + PVC odporny na wysok\u0105 temperatur\u0119). Dzi\u0119ki temu przew\u00f3d charakteryzuje si\u0119 wyj\u0105tkow\u0105 trwa\u0142o\u015bci\u0105, odporno\u015bci\u0105 na uszkodzenia mechaniczne i wilgo\u0107 \u2013 potwierdzon\u0105 klas\u0105 ochrony <strong data-start=\"1038\" data-end=\"1046\">IPX7<\/strong>.<\/p>\n<p data-start=\"1049\" data-end=\"1310\">Zosta\u0142 zaprojektowany z my\u015bl\u0105 o <strong data-start=\"1081\" data-end=\"1121\">domach energooszcz\u0119dnych i pasywnych<\/strong>, gdzie zapotrzebowanie na moc grzewcz\u0105 jest niewielkie. Doskonale sprawdza si\u0119 w nowoczesnych, dobrze izolowanych wn\u0119trzach, zapewniaj\u0105c wysoki komfort cieplny przy niskim poborze energii.<\/p>\n<p data-start=\"1312\" data-end=\"1632\">Mo\u017ce by\u0107 r\u00f3wnie\u017c stosowany do <strong data-start=\"1342\" data-end=\"1410\">ochrony rur z wod\u0105 u\u017cytkow\u0105, rur kanalizacyjnych oraz zbiornik\u00f3w<\/strong> \u2013 zar\u00f3wno wewn\u0105trz, jak i na zewn\u0105trz budynk\u00f3w.<br data-start=\"1458\" data-end=\"1461\" \/>Aby system dzia\u0142a\u0142 prawid\u0142owo, wymagane jest u\u017cycie <strong data-start=\"1513\" data-end=\"1552\">termostatu z czujnikiem temperatury<\/strong>, kt\u00f3ry zapewni precyzyjn\u0105 regulacj\u0119, oszcz\u0119dno\u015b\u0107 energii i komfort u\u017cytkowania.<\/p>\n<p data-start=\"1634\" data-end=\"1759\">Przew\u00f3d dobiera si\u0119 do powierzchni ogrzewanej lub d\u0142ugo\u015bci zabezpieczanej instalacji. <strong data-start=\"1720\" data-end=\"1759\">Nie wolno go skraca\u0107 ani przecina\u0107.<\/strong><\/p>\n<p data-start=\"1761\" data-end=\"1836\">Ka\u017cdy zestaw zawiera kart\u0119 gwarancyjn\u0105 oraz szczeg\u00f3\u0142ow\u0105 instrukcj\u0119 monta\u017cu.<\/p>\n<p data-start=\"1838\" data-end=\"1938\"><strong data-start=\"1838\" data-end=\"1892\">Produkt obj\u0119ty jest 20-letni\u0105 gwarancj\u0105 producenta<\/strong>, potwierdzaj\u0105c\u0105 jego trwa\u0142o\u015b\u0107 i niezawodno\u015b\u0107.<\/p>\n","protected":false},"excerpt":{"rendered":"<p><strong>Przew\u00f3d grzejny VCD 17\/2660 (2660W) o d\u0142ugo\u015bci 155 m jednostronnie zasilany Elektra <\/strong><\/p>\n<ul>\n<li><strong><span style=\"color: #313131;\"><span style=\"font-family: Arial, Arial, Tahoma, Verdana, sans-serif;\"><span style=\"font-size: small;\">Gotowy do monta\u017cu<\/span><\/span><\/span><\/strong><span style=\"color: #313131;\"><span style=\"font-family: Arial, Arial, Tahoma, Verdana, sans-serif;\"><span style=\"font-size: small;\"> \u2013\u00a0 jednostronne zasilany z przygotowanym przewodem przy\u0142\u0105czeniowym<\/span><\/span><\/span><\/li>\n<li><strong><span style=\"color: #313131;\"><span style=\"font-family: Arial, Arial, Tahoma, Verdana, sans-serif;\"><span style=\"font-size: small;\">Bezpieczna konstrukcja<\/span><\/span><\/span><\/strong><span style=\"color: #313131;\"><span style=\"font-family: Arial, Arial, Tahoma, Verdana, sans-serif;\"><span style=\"font-size: small;\"> \u2013 ekranowanie + podw\u00f3jna izolacja (XLPE + PVC)<\/span><\/span><\/span><\/li>\n<li><strong><span style=\"color: #313131;\"><span style=\"font-family: Arial, Arial, Tahoma, Verdana, sans-serif;\"><span style=\"font-size: small;\">Wodoodporno\u015b\u0107 IPX7<\/span><\/span><\/span><\/strong><span style=\"color: #313131;\"><span style=\"font-family: Arial, Arial, Tahoma, Verdana, sans-serif;\"><span style=\"font-size: small;\">\u00a0\u2013 bezpieczny przy monta\u017cu w pomieszczeniach o zwi\u0119kszonej wilgotno\u015bci\u00a0<\/span><\/span><\/span><\/li>\n<li><strong><span style=\"color: #313131;\"><span style=\"font-family: Arial, Arial, Tahoma, Verdana, sans-serif;\"><span style=\"font-size: small;\">Wszechstronne zastosowanie<\/span><\/span><\/span><\/strong><span style=\"color: #313131;\"><span style=\"font-family: Arial, Arial, Tahoma, Verdana, sans-serif;\"><span style=\"font-size: small;\">\u00a0\u2013 do pod\u0142\u00f3g oraz zabezpieczenia rur przed mrozem<\/span><\/span><\/span><\/li>\n<li><strong><span style=\"color: #313131;\"><span style=\"font-family: Arial, Arial, Tahoma, Verdana, sans-serif;\"><span style=\"font-size: small;\">Efektywna moc<\/span><\/span><\/span><\/strong><span style=\"color: #313131;\"><span style=\"font-family: Arial, Arial, Tahoma, Verdana, sans-serif;\"><span style=\"font-size: small;\"> \u2013 jednostkowa moc grzewcza 17\u202fW\/m, napi\u0119cie 230\u202fV<\/span><\/span><\/span><\/li>\n<li><strong><span style=\"color: #313131;\"><span style=\"font-family: Arial, Arial, Tahoma, Verdana, sans-serif;\"><span style=\"font-size: small;\">Certyfikaty jako\u015bci<\/span><\/span><\/span><\/strong><span style=\"color: #313131;\"><span style=\"font-family: Arial, Arial, Tahoma, Verdana, sans-serif;\"><span style=\"font-size: small;\"> \u2013 CE, EAC, ISO 9001<\/span><\/span><\/span><\/li>\n<\/ul>\n<p>&nbsp;<\/p>\n<p>W zestawie:<\/p>\n<ul>\n<li><span style=\"color: #313131; font-family: Arial, Arial, Tahoma, Verdana, sans-serif;\"><span style=\"font-size: small;\">Przew\u00f3d grzejny ELEKTRA VCD 17\u202fW\/m, <\/span><\/span>Karta gwarancyjna (20 lat), Instrukcja monta\u017cu (PL)<\/li>\n<\/ul>\n","protected":false},"featured_media":6906,"comment_status":"open","ping_status":"closed","template":"","meta":{"ocean_post_layout":"","ocean_both_sidebars_style":"","ocean_both_sidebars_content_width":0,"ocean_both_sidebars_sidebars_width":0,"ocean_sidebar":"0","ocean_second_sidebar":"0","ocean_disable_margins":"enable","ocean_add_body_class":"","ocean_shortcode_before_top_bar":"","ocean_shortcode_after_top_bar":"","ocean_shortcode_before_header":"","ocean_shortcode_after_header":"","ocean_has_shortcode":"","ocean_shortcode_after_title":"","ocean_shortcode_before_footer_widgets":"","ocean_shortcode_after_footer_widgets":"","ocean_shortcode_before_footer_bottom":"","ocean_shortcode_after_footer_bottom":"","ocean_display_top_bar":"default","ocean_display_header":"default","ocean_header_style":"","ocean_center_header_left_menu":"0","ocean_custom_header_template":"0","ocean_custom_logo":0,"ocean_custom_retina_logo":0,"ocean_custom_logo_max_width":0,"ocean_custom_logo_tablet_max_width":0,"ocean_custom_logo_mobile_max_width":0,"ocean_custom_logo_max_height":0,"ocean_custom_logo_tablet_max_height":0,"ocean_custom_logo_mobile_max_height":0,"ocean_header_custom_menu":"0","ocean_menu_typo_font_family":"0","ocean_menu_typo_font_subset":"","ocean_menu_typo_font_size":0,"ocean_menu_typo_font_size_tablet":0,"ocean_menu_typo_font_size_mobile":0,"ocean_menu_typo_font_size_unit":"px","ocean_menu_typo_font_weight":"","ocean_menu_typo_font_weight_tablet":"","ocean_menu_typo_font_weight_mobile":"","ocean_menu_typo_transform":"","ocean_menu_typo_transform_tablet":"","ocean_menu_typo_transform_mobile":"","ocean_menu_typo_line_height":0,"ocean_menu_typo_line_height_tablet":0,"ocean_menu_typo_line_height_mobile":0,"ocean_menu_typo_line_height_unit":"","ocean_menu_typo_spacing":0,"ocean_menu_typo_spacing_tablet":0,"ocean_menu_typo_spacing_mobile":0,"ocean_menu_typo_spacing_unit":"","ocean_menu_link_color":"","ocean_menu_link_color_hover":"","ocean_menu_link_color_active":"","ocean_menu_link_background":"","ocean_menu_link_hover_background":"","ocean_menu_link_active_background":"","ocean_menu_social_links_bg":"","ocean_menu_social_hover_links_bg":"","ocean_menu_social_links_color":"","ocean_menu_social_hover_links_color":"","ocean_disable_title":"default","ocean_disable_heading":"default","ocean_post_title":"","ocean_post_subheading":"","ocean_post_title_style":"","ocean_post_title_background_color":"","ocean_post_title_background":0,"ocean_post_title_bg_image_position":"","ocean_post_title_bg_image_attachment":"","ocean_post_title_bg_image_repeat":"","ocean_post_title_bg_image_size":"","ocean_post_title_height":0,"ocean_post_title_bg_overlay":0.5,"ocean_post_title_bg_overlay_color":"","ocean_disable_breadcrumbs":"default","ocean_breadcrumbs_color":"","ocean_breadcrumbs_separator_color":"","ocean_breadcrumbs_links_color":"","ocean_breadcrumbs_links_hover_color":"","ocean_display_footer_widgets":"default","ocean_display_footer_bottom":"default","ocean_custom_footer_template":"0"},"product_brand":[],"product_cat":[260,73,149,258,255],"product_tag":[],"class_list":{"0":"post-7296","1":"product","2":"type-product","3":"status-publish","4":"has-post-thumbnail","6":"product_cat-17w","7":"product_cat-elektryczne","8":"product_cat-kable-grzewcze","9":"product_cat-vcd","10":"product_cat-przewody-grzewcze","11":"product_shipping_class-male","13":"entry","14":"has-media","16":"first","17":"instock","18":"sale","19":"taxable","20":"shipping-taxable","21":"purchasable","22":"product-type-simple","23":"has-product-nav","24":"col","25":"span_1_of_3","26":"owp-content-center","27":"item-entry","28":"owp-thumbs-layout-horizontal","29":"owp-btn-normal","30":"owp-tabs-layout-horizontal","31":"has-no-thumbnails"},"yoast_head":"<!-- This site is optimized with the Yoast SEO plugin v27.4 - https:\/\/yoast.com\/product\/yoast-seo-wordpress\/ -->\n<title>Przew\u00f3d grzejny VCD 17\/2660 (17 W\/m) d\u0142 155 m 2660W jednostronnie zasilany Elektra - KARDO Sklep - Ogrzewanie pod\u0142ogowe i systemy grzejne<\/title>\n<meta name=\"robots\" content=\"index, follow, max-snippet:-1, max-image-preview:large, max-video-preview:-1\" \/>\n<link rel=\"canonical\" href=\"https:\/\/kardosystems.com\/sklep\/produkt\/przewod-grzejny-vcd-17-2660-2660w-o-dlugosci-155-m-jednostronnie-zasilany-elektra\/\" \/>\n<meta property=\"og:locale\" content=\"pl_PL\" \/>\n<meta property=\"og:type\" content=\"article\" \/>\n<meta property=\"og:title\" content=\"Przew\u00f3d grzejny VCD 17\/2660 (17 W\/m) d\u0142 155 m 2660W jednostronnie zasilany Elektra - KARDO Sklep - Ogrzewanie pod\u0142ogowe i systemy grzejne\" \/>\n<meta property=\"og:description\" content=\"Przew\u00f3d grzejny VCD 17\/2660 (2660W) o d\u0142ugo\u015bci 155 m jednostronnie zasilany Elektra    Gotowy do monta\u017cu \u2013\u00a0 jednostronne zasilany z przygotowanym przewodem przy\u0142\u0105czeniowym  Bezpieczna konstrukcja \u2013 ekranowanie + podw\u00f3jna izolacja (XLPE + PVC)  Wodoodporno\u015b\u0107 IPX7\u00a0\u2013 bezpieczny przy monta\u017cu w pomieszczeniach o zwi\u0119kszonej wilgotno\u015bci\u00a0  Wszechstronne zastosowanie\u00a0\u2013 do pod\u0142\u00f3g oraz zabezpieczenia rur przed mrozem  Efektywna moc \u2013 jednostkowa moc grzewcza 17\u202fW\/m, napi\u0119cie 230\u202fV  Certyfikaty jako\u015bci \u2013 CE, EAC, ISO 9001  &nbsp;  W zestawie:   Przew\u00f3d grzejny ELEKTRA VCD 17\u202fW\/m, Karta gwarancyjna (20 lat), Instrukcja monta\u017cu (PL)\" \/>\n<meta property=\"og:url\" content=\"https:\/\/kardosystems.com\/sklep\/produkt\/przewod-grzejny-vcd-17-2660-2660w-o-dlugosci-155-m-jednostronnie-zasilany-elektra\/\" \/>\n<meta property=\"og:site_name\" content=\"KARDO Sklep - Ogrzewanie pod\u0142ogowe i systemy grzejne\" \/>\n<meta property=\"article:modified_time\" content=\"2026-03-17T09:08:36+00:00\" \/>\n<meta property=\"og:image\" content=\"https:\/\/kardosystems.com\/sklep\/wp-content\/uploads\/2025\/12\/sklep-elektra-przewody-grzejne-vcd.jpg\" \/>\n\t<meta property=\"og:image:width\" content=\"1000\" \/>\n\t<meta property=\"og:image:height\" content=\"1000\" \/>\n\t<meta property=\"og:image:type\" content=\"image\/jpeg\" \/>\n<meta name=\"twitter:card\" content=\"summary_large_image\" \/>\n<meta name=\"twitter:label1\" content=\"Szacowany czas czytania\" \/>\n\t<meta name=\"twitter:data1\" content=\"2 minuty\" \/>\n<script type=\"application\/ld+json\" class=\"yoast-schema-graph\">{\"@context\":\"https:\\\/\\\/schema.org\",\"@graph\":[{\"@type\":\"WebPage\",\"@id\":\"https:\\\/\\\/kardosystems.com\\\/sklep\\\/produkt\\\/przewod-grzejny-vcd-17-2660-2660w-o-dlugosci-155-m-jednostronnie-zasilany-elektra\\\/\",\"url\":\"https:\\\/\\\/kardosystems.com\\\/sklep\\\/produkt\\\/przewod-grzejny-vcd-17-2660-2660w-o-dlugosci-155-m-jednostronnie-zasilany-elektra\\\/\",\"name\":\"Przew\u00f3d grzejny VCD 17\\\/2660 (17 W\\\/m) d\u0142 155 m 2660W jednostronnie zasilany Elektra - KARDO Sklep - Ogrzewanie pod\u0142ogowe i systemy grzejne\",\"isPartOf\":{\"@id\":\"https:\\\/\\\/kardosystems.com\\\/sklep\\\/#website\"},\"primaryImageOfPage\":{\"@id\":\"https:\\\/\\\/kardosystems.com\\\/sklep\\\/produkt\\\/przewod-grzejny-vcd-17-2660-2660w-o-dlugosci-155-m-jednostronnie-zasilany-elektra\\\/#primaryimage\"},\"image\":{\"@id\":\"https:\\\/\\\/kardosystems.com\\\/sklep\\\/produkt\\\/przewod-grzejny-vcd-17-2660-2660w-o-dlugosci-155-m-jednostronnie-zasilany-elektra\\\/#primaryimage\"},\"thumbnailUrl\":\"https:\\\/\\\/kardosystems.com\\\/sklep\\\/wp-content\\\/uploads\\\/2025\\\/12\\\/sklep-elektra-przewody-grzejne-vcd.jpg\",\"datePublished\":\"2026-03-03T09:41:44+00:00\",\"dateModified\":\"2026-03-17T09:08:36+00:00\",\"breadcrumb\":{\"@id\":\"https:\\\/\\\/kardosystems.com\\\/sklep\\\/produkt\\\/przewod-grzejny-vcd-17-2660-2660w-o-dlugosci-155-m-jednostronnie-zasilany-elektra\\\/#breadcrumb\"},\"inLanguage\":\"pl-PL\",\"potentialAction\":[{\"@type\":\"ReadAction\",\"target\":[\"https:\\\/\\\/kardosystems.com\\\/sklep\\\/produkt\\\/przewod-grzejny-vcd-17-2660-2660w-o-dlugosci-155-m-jednostronnie-zasilany-elektra\\\/\"]}]},{\"@type\":\"ImageObject\",\"inLanguage\":\"pl-PL\",\"@id\":\"https:\\\/\\\/kardosystems.com\\\/sklep\\\/produkt\\\/przewod-grzejny-vcd-17-2660-2660w-o-dlugosci-155-m-jednostronnie-zasilany-elektra\\\/#primaryimage\",\"url\":\"https:\\\/\\\/kardosystems.com\\\/sklep\\\/wp-content\\\/uploads\\\/2025\\\/12\\\/sklep-elektra-przewody-grzejne-vcd.jpg\",\"contentUrl\":\"https:\\\/\\\/kardosystems.com\\\/sklep\\\/wp-content\\\/uploads\\\/2025\\\/12\\\/sklep-elektra-przewody-grzejne-vcd.jpg\",\"width\":1000,\"height\":1000},{\"@type\":\"BreadcrumbList\",\"@id\":\"https:\\\/\\\/kardosystems.com\\\/sklep\\\/produkt\\\/przewod-grzejny-vcd-17-2660-2660w-o-dlugosci-155-m-jednostronnie-zasilany-elektra\\\/#breadcrumb\",\"itemListElement\":[{\"@type\":\"ListItem\",\"position\":1,\"name\":\"Strona g\u0142\u00f3wna\",\"item\":\"https:\\\/\\\/kardosystems.com\\\/sklep\\\/\"},{\"@type\":\"ListItem\",\"position\":2,\"name\":\"Wszystkie produkty\",\"item\":\"https:\\\/\\\/kardosystems.com\\\/sklep\\\/produkty\\\/\"},{\"@type\":\"ListItem\",\"position\":3,\"name\":\"Przew\u00f3d grzejny VCD 17\\\/2660 (17 W\\\/m) d\u0142 155 m 2660W jednostronnie zasilany Elektra\"}]},{\"@type\":\"WebSite\",\"@id\":\"https:\\\/\\\/kardosystems.com\\\/sklep\\\/#website\",\"url\":\"https:\\\/\\\/kardosystems.com\\\/sklep\\\/\",\"name\":\"KARDO Sklep - Ogrzewanie pod\u0142ogowe i systemy grzejne\",\"description\":\"Systemy KARDO izolacyjno grzewcze\",\"publisher\":{\"@id\":\"https:\\\/\\\/kardosystems.com\\\/sklep\\\/#organization\"},\"potentialAction\":[{\"@type\":\"SearchAction\",\"target\":{\"@type\":\"EntryPoint\",\"urlTemplate\":\"https:\\\/\\\/kardosystems.com\\\/sklep\\\/?s={search_term_string}\"},\"query-input\":{\"@type\":\"PropertyValueSpecification\",\"valueRequired\":true,\"valueName\":\"search_term_string\"}}],\"inLanguage\":\"pl-PL\"},{\"@type\":\"Organization\",\"@id\":\"https:\\\/\\\/kardosystems.com\\\/sklep\\\/#organization\",\"name\":\"KARDO SYSTEMS\",\"url\":\"https:\\\/\\\/kardosystems.com\\\/sklep\\\/\",\"logo\":{\"@type\":\"ImageObject\",\"inLanguage\":\"pl-PL\",\"@id\":\"https:\\\/\\\/kardosystems.com\\\/sklep\\\/#\\\/schema\\\/logo\\\/image\\\/\",\"url\":\"https:\\\/\\\/kardosystems.com\\\/sklep\\\/wp-content\\\/uploads\\\/2020\\\/06\\\/cropped-logosdsdsd.png\",\"contentUrl\":\"https:\\\/\\\/kardosystems.com\\\/sklep\\\/wp-content\\\/uploads\\\/2020\\\/06\\\/cropped-logosdsdsd.png\",\"width\":512,\"height\":512,\"caption\":\"KARDO SYSTEMS\"},\"image\":{\"@id\":\"https:\\\/\\\/kardosystems.com\\\/sklep\\\/#\\\/schema\\\/logo\\\/image\\\/\"}}]}<\/script>\n<!-- \/ Yoast SEO plugin. -->","yoast_head_json":{"title":"Przew\u00f3d grzejny VCD 17\/2660 (17 W\/m) d\u0142 155 m 2660W jednostronnie zasilany Elektra - KARDO Sklep - Ogrzewanie pod\u0142ogowe i systemy grzejne","robots":{"index":"index","follow":"follow","max-snippet":"max-snippet:-1","max-image-preview":"max-image-preview:large","max-video-preview":"max-video-preview:-1"},"canonical":"https:\/\/kardosystems.com\/sklep\/produkt\/przewod-grzejny-vcd-17-2660-2660w-o-dlugosci-155-m-jednostronnie-zasilany-elektra\/","og_locale":"pl_PL","og_type":"article","og_title":"Przew\u00f3d grzejny VCD 17\/2660 (17 W\/m) d\u0142 155 m 2660W jednostronnie zasilany Elektra - KARDO Sklep - Ogrzewanie pod\u0142ogowe i systemy grzejne","og_description":"Przew\u00f3d grzejny VCD 17\/2660 (2660W) o d\u0142ugo\u015bci 155 m jednostronnie zasilany Elektra    Gotowy do monta\u017cu \u2013\u00a0 jednostronne zasilany z przygotowanym przewodem przy\u0142\u0105czeniowym  Bezpieczna konstrukcja \u2013 ekranowanie + podw\u00f3jna izolacja (XLPE + PVC)  Wodoodporno\u015b\u0107 IPX7\u00a0\u2013 bezpieczny przy monta\u017cu w pomieszczeniach o zwi\u0119kszonej wilgotno\u015bci\u00a0  Wszechstronne zastosowanie\u00a0\u2013 do pod\u0142\u00f3g oraz zabezpieczenia rur przed mrozem  Efektywna moc \u2013 jednostkowa moc grzewcza 17\u202fW\/m, napi\u0119cie 230\u202fV  Certyfikaty jako\u015bci \u2013 CE, EAC, ISO 9001  &nbsp;  W zestawie:   Przew\u00f3d grzejny ELEKTRA VCD 17\u202fW\/m, Karta gwarancyjna (20 lat), Instrukcja monta\u017cu (PL)","og_url":"https:\/\/kardosystems.com\/sklep\/produkt\/przewod-grzejny-vcd-17-2660-2660w-o-dlugosci-155-m-jednostronnie-zasilany-elektra\/","og_site_name":"KARDO Sklep - Ogrzewanie pod\u0142ogowe i systemy grzejne","article_modified_time":"2026-03-17T09:08:36+00:00","og_image":[{"width":1000,"height":1000,"url":"https:\/\/kardosystems.com\/sklep\/wp-content\/uploads\/2025\/12\/sklep-elektra-przewody-grzejne-vcd.jpg","type":"image\/jpeg"}],"twitter_card":"summary_large_image","twitter_misc":{"Szacowany czas czytania":"2 minuty"},"schema":{"@context":"https:\/\/schema.org","@graph":[{"@type":"WebPage","@id":"https:\/\/kardosystems.com\/sklep\/produkt\/przewod-grzejny-vcd-17-2660-2660w-o-dlugosci-155-m-jednostronnie-zasilany-elektra\/","url":"https:\/\/kardosystems.com\/sklep\/produkt\/przewod-grzejny-vcd-17-2660-2660w-o-dlugosci-155-m-jednostronnie-zasilany-elektra\/","name":"Przew\u00f3d grzejny VCD 17\/2660 (17 W\/m) d\u0142 155 m 2660W jednostronnie zasilany Elektra - KARDO Sklep - Ogrzewanie pod\u0142ogowe i systemy grzejne","isPartOf":{"@id":"https:\/\/kardosystems.com\/sklep\/#website"},"primaryImageOfPage":{"@id":"https:\/\/kardosystems.com\/sklep\/produkt\/przewod-grzejny-vcd-17-2660-2660w-o-dlugosci-155-m-jednostronnie-zasilany-elektra\/#primaryimage"},"image":{"@id":"https:\/\/kardosystems.com\/sklep\/produkt\/przewod-grzejny-vcd-17-2660-2660w-o-dlugosci-155-m-jednostronnie-zasilany-elektra\/#primaryimage"},"thumbnailUrl":"https:\/\/kardosystems.com\/sklep\/wp-content\/uploads\/2025\/12\/sklep-elektra-przewody-grzejne-vcd.jpg","datePublished":"2026-03-03T09:41:44+00:00","dateModified":"2026-03-17T09:08:36+00:00","breadcrumb":{"@id":"https:\/\/kardosystems.com\/sklep\/produkt\/przewod-grzejny-vcd-17-2660-2660w-o-dlugosci-155-m-jednostronnie-zasilany-elektra\/#breadcrumb"},"inLanguage":"pl-PL","potentialAction":[{"@type":"ReadAction","target":["https:\/\/kardosystems.com\/sklep\/produkt\/przewod-grzejny-vcd-17-2660-2660w-o-dlugosci-155-m-jednostronnie-zasilany-elektra\/"]}]},{"@type":"ImageObject","inLanguage":"pl-PL","@id":"https:\/\/kardosystems.com\/sklep\/produkt\/przewod-grzejny-vcd-17-2660-2660w-o-dlugosci-155-m-jednostronnie-zasilany-elektra\/#primaryimage","url":"https:\/\/kardosystems.com\/sklep\/wp-content\/uploads\/2025\/12\/sklep-elektra-przewody-grzejne-vcd.jpg","contentUrl":"https:\/\/kardosystems.com\/sklep\/wp-content\/uploads\/2025\/12\/sklep-elektra-przewody-grzejne-vcd.jpg","width":1000,"height":1000},{"@type":"BreadcrumbList","@id":"https:\/\/kardosystems.com\/sklep\/produkt\/przewod-grzejny-vcd-17-2660-2660w-o-dlugosci-155-m-jednostronnie-zasilany-elektra\/#breadcrumb","itemListElement":[{"@type":"ListItem","position":1,"name":"Strona g\u0142\u00f3wna","item":"https:\/\/kardosystems.com\/sklep\/"},{"@type":"ListItem","position":2,"name":"Wszystkie produkty","item":"https:\/\/kardosystems.com\/sklep\/produkty\/"},{"@type":"ListItem","position":3,"name":"Przew\u00f3d grzejny VCD 17\/2660 (17 W\/m) d\u0142 155 m 2660W jednostronnie zasilany Elektra"}]},{"@type":"WebSite","@id":"https:\/\/kardosystems.com\/sklep\/#website","url":"https:\/\/kardosystems.com\/sklep\/","name":"KARDO Sklep - Ogrzewanie pod\u0142ogowe i systemy grzejne","description":"Systemy KARDO izolacyjno grzewcze","publisher":{"@id":"https:\/\/kardosystems.com\/sklep\/#organization"},"potentialAction":[{"@type":"SearchAction","target":{"@type":"EntryPoint","urlTemplate":"https:\/\/kardosystems.com\/sklep\/?s={search_term_string}"},"query-input":{"@type":"PropertyValueSpecification","valueRequired":true,"valueName":"search_term_string"}}],"inLanguage":"pl-PL"},{"@type":"Organization","@id":"https:\/\/kardosystems.com\/sklep\/#organization","name":"KARDO SYSTEMS","url":"https:\/\/kardosystems.com\/sklep\/","logo":{"@type":"ImageObject","inLanguage":"pl-PL","@id":"https:\/\/kardosystems.com\/sklep\/#\/schema\/logo\/image\/","url":"https:\/\/kardosystems.com\/sklep\/wp-content\/uploads\/2020\/06\/cropped-logosdsdsd.png","contentUrl":"https:\/\/kardosystems.com\/sklep\/wp-content\/uploads\/2020\/06\/cropped-logosdsdsd.png","width":512,"height":512,"caption":"KARDO SYSTEMS"},"image":{"@id":"https:\/\/kardosystems.com\/sklep\/#\/schema\/logo\/image\/"}}]}},"_links":{"self":[{"href":"https:\/\/kardosystems.com\/sklep\/wp-json\/wp\/v2\/product\/7296","targetHints":{"allow":["GET"]}}],"collection":[{"href":"https:\/\/kardosystems.com\/sklep\/wp-json\/wp\/v2\/product"}],"about":[{"href":"https:\/\/kardosystems.com\/sklep\/wp-json\/wp\/v2\/types\/product"}],"replies":[{"embeddable":true,"href":"https:\/\/kardosystems.com\/sklep\/wp-json\/wp\/v2\/comments?post=7296"}],"version-history":[{"count":3,"href":"https:\/\/kardosystems.com\/sklep\/wp-json\/wp\/v2\/product\/7296\/revisions"}],"predecessor-version":[{"id":7874,"href":"https:\/\/kardosystems.com\/sklep\/wp-json\/wp\/v2\/product\/7296\/revisions\/7874"}],"wp:featuredmedia":[{"embeddable":true,"href":"https:\/\/kardosystems.com\/sklep\/wp-json\/wp\/v2\/media\/6906"}],"wp:attachment":[{"href":"https:\/\/kardosystems.com\/sklep\/wp-json\/wp\/v2\/media?parent=7296"}],"wp:term":[{"taxonomy":"product_brand","embeddable":true,"href":"https:\/\/kardosystems.com\/sklep\/wp-json\/wp\/v2\/product_brand?post=7296"},{"taxonomy":"product_cat","embeddable":true,"href":"https:\/\/kardosystems.com\/sklep\/wp-json\/wp\/v2\/product_cat?post=7296"},{"taxonomy":"product_tag","embeddable":true,"href":"https:\/\/kardosystems.com\/sklep\/wp-json\/wp\/v2\/product_tag?post=7296"}],"curies":[{"name":"wp","href":"https:\/\/api.w.org\/{rel}","templated":true}]}}