{"id":6527,"date":"2025-07-23T13:31:19","date_gmt":"2025-07-23T11:31:19","guid":{"rendered":"https:\/\/kardosystems.com\/sklep\/?post_type=product&#038;p=6527"},"modified":"2026-03-02T16:57:21","modified_gmt":"2026-03-02T15:57:21","slug":"oslona-wentylacyjna-biala-pod-kanal-fi-125-eureka-euro-130cws","status":"publish","type":"product","link":"https:\/\/kardosystems.com\/sklep\/produkt\/oslona-wentylacyjna-biala-pod-kanal-fi-125-eureka-euro-130cws\/","title":{"rendered":"Os\u0142ona wentylacyjna Bia\u0142a  pod kana\u0142 fi 125 Eureka Euro 130cWS"},"content":{"rendered":"<h3 data-start=\"114\" data-end=\"179\">Os\u0142ona wentylacyjna plastikowa fi 125<\/h3>\n<p data-start=\"181\" data-end=\"569\"><strong data-start=\"181\" data-end=\"199\">Opis produktu:<\/strong><br data-start=\"199\" data-end=\"202\" \/>Plastikowa os\u0142ona wentylacyjna przeznaczona do maskowania wlot\u00f3w i wylot\u00f3w kana\u0142\u00f3w wentylacyjnych w systemach wentylacji domowej. Wykonana z wysokiej jako\u015bci tworzywa sztucznego, zapewniaj\u0105cego estetyczny wygl\u0105d, odporno\u015b\u0107 mechaniczn\u0105 i d\u0142ug\u0105 trwa\u0142o\u015b\u0107 u\u017cytkowania.<\/p>\n<p data-start=\"571\" data-end=\"591\"><strong data-start=\"571\" data-end=\"591\">Zalety produktu:<\/strong><\/p>\n<ul data-start=\"592\" data-end=\"824\">\n<li data-start=\"592\" data-end=\"634\">\n<p data-start=\"594\" data-end=\"634\">Stabilne parametry przep\u0142ywu powietrza<\/p>\n<\/li>\n<li data-start=\"635\" data-end=\"668\">\n<p data-start=\"637\" data-end=\"668\">Dobre w\u0142a\u015bciwo\u015bci mechaniczne<\/p>\n<\/li>\n<li data-start=\"669\" data-end=\"718\">\n<p data-start=\"671\" data-end=\"718\">Odporno\u015b\u0107 na dzia\u0142anie czynnik\u00f3w zewn\u0119trznych<\/p>\n<\/li>\n<li data-start=\"755\" data-end=\"776\">\n<p data-start=\"757\" data-end=\"776\">Estetyczny wygl\u0105d<\/p>\n<\/li>\n<li data-start=\"777\" data-end=\"824\">\n<p data-start=\"779\" data-end=\"824\">\u0141atwy monta\u017c \u2013 bezpo\u015brednio do rury fi 125 mm<\/p>\n<\/li>\n<\/ul>\n<p data-start=\"826\" data-end=\"846\"><strong data-start=\"826\" data-end=\"846\">Dane techniczne:<\/strong><\/p>\n<ul data-start=\"847\" data-end=\"1087\">\n<li data-start=\"847\" data-end=\"889\">\n<p data-start=\"849\" data-end=\"889\"><strong data-start=\"849\" data-end=\"862\">Materia\u0142:<\/strong> wysokiej jako\u015bci plastik<\/p>\n<\/li>\n<li data-start=\"890\" data-end=\"924\">\n<p data-start=\"892\" data-end=\"924\"><strong data-start=\"892\" data-end=\"914\">Wymiar zewn\u0119trzny:<\/strong> \u00d8176 mm<\/p>\n<\/li>\n<li data-start=\"925\" data-end=\"972\">\n<p data-start=\"927\" data-end=\"972\"><strong data-start=\"927\" data-end=\"962\">Wymiar wewn\u0119trzny (do monta\u017cu):<\/strong> \u00d8124 mm<\/p>\n<\/li>\n<li data-start=\"973\" data-end=\"997\">\n<p data-start=\"975\" data-end=\"997\"><strong data-start=\"975\" data-end=\"989\">G\u0142\u0119boko\u015b\u0107:<\/strong> 58 mm<\/p>\n<\/li>\n<li data-start=\"998\" data-end=\"1019\">\n<p data-start=\"1000\" data-end=\"1019\"><strong data-start=\"1000\" data-end=\"1013\">Ko\u0142nierz:<\/strong> TAK<\/p>\n<\/li>\n<li data-start=\"1020\" data-end=\"1065\">\n<p data-start=\"1022\" data-end=\"1065\"><strong data-start=\"1022\" data-end=\"1056\">Maksymalny przep\u0142yw powietrza:<\/strong> 82 cm\u00b2<\/p>\n<\/li>\n<li data-start=\"1066\" data-end=\"1087\">\n<p data-start=\"1068\" data-end=\"1087\"><strong data-start=\"1068\" data-end=\"1077\">Waga:<\/strong> 0,15 kg<\/p>\n<\/li>\n<\/ul>\n<p data-start=\"1089\" data-end=\"1231\">\n","protected":false},"excerpt":{"rendered":"<p>Plastikowa os\u0142ona wentylacyjna idealna do zastosowa\u0144 w wentylacji grawitacyjnej i mechanicznej w domach jednorodzinnych, mieszkaniach oraz innych pomieszczeniach u\u017cytkowych<\/p>\n","protected":false},"featured_media":6597,"comment_status":"open","ping_status":"closed","template":"","meta":{"ocean_post_layout":"","ocean_both_sidebars_style":"","ocean_both_sidebars_content_width":0,"ocean_both_sidebars_sidebars_width":0,"ocean_sidebar":"0","ocean_second_sidebar":"0","ocean_disable_margins":"enable","ocean_add_body_class":"","ocean_shortcode_before_top_bar":"","ocean_shortcode_after_top_bar":"","ocean_shortcode_before_header":"","ocean_shortcode_after_header":"","ocean_has_shortcode":"","ocean_shortcode_after_title":"","ocean_shortcode_before_footer_widgets":"","ocean_shortcode_after_footer_widgets":"","ocean_shortcode_before_footer_bottom":"","ocean_shortcode_after_footer_bottom":"","ocean_display_top_bar":"default","ocean_display_header":"default","ocean_header_style":"","ocean_center_header_left_menu":"0","ocean_custom_header_template":"0","ocean_custom_logo":0,"ocean_custom_retina_logo":0,"ocean_custom_logo_max_width":0,"ocean_custom_logo_tablet_max_width":0,"ocean_custom_logo_mobile_max_width":0,"ocean_custom_logo_max_height":0,"ocean_custom_logo_tablet_max_height":0,"ocean_custom_logo_mobile_max_height":0,"ocean_header_custom_menu":"0","ocean_menu_typo_font_family":"0","ocean_menu_typo_font_subset":"","ocean_menu_typo_font_size":0,"ocean_menu_typo_font_size_tablet":0,"ocean_menu_typo_font_size_mobile":0,"ocean_menu_typo_font_size_unit":"px","ocean_menu_typo_font_weight":"","ocean_menu_typo_font_weight_tablet":"","ocean_menu_typo_font_weight_mobile":"","ocean_menu_typo_transform":"","ocean_menu_typo_transform_tablet":"","ocean_menu_typo_transform_mobile":"","ocean_menu_typo_line_height":0,"ocean_menu_typo_line_height_tablet":0,"ocean_menu_typo_line_height_mobile":0,"ocean_menu_typo_line_height_unit":"","ocean_menu_typo_spacing":0,"ocean_menu_typo_spacing_tablet":0,"ocean_menu_typo_spacing_mobile":0,"ocean_menu_typo_spacing_unit":"","ocean_menu_link_color":"","ocean_menu_link_color_hover":"","ocean_menu_link_color_active":"","ocean_menu_link_background":"","ocean_menu_link_hover_background":"","ocean_menu_link_active_background":"","ocean_menu_social_links_bg":"","ocean_menu_social_hover_links_bg":"","ocean_menu_social_links_color":"","ocean_menu_social_hover_links_color":"","ocean_disable_title":"default","ocean_disable_heading":"default","ocean_post_title":"","ocean_post_subheading":"","ocean_post_title_style":"","ocean_post_title_background_color":"","ocean_post_title_background":0,"ocean_post_title_bg_image_position":"","ocean_post_title_bg_image_attachment":"","ocean_post_title_bg_image_repeat":"","ocean_post_title_bg_image_size":"","ocean_post_title_height":0,"ocean_post_title_bg_overlay":0.5,"ocean_post_title_bg_overlay_color":"","ocean_disable_breadcrumbs":"default","ocean_breadcrumbs_color":"","ocean_breadcrumbs_separator_color":"","ocean_breadcrumbs_links_color":"","ocean_breadcrumbs_links_hover_color":"","ocean_display_footer_widgets":"default","ocean_display_footer_bottom":"default","ocean_custom_footer_template":"0"},"product_brand":[],"product_cat":[240,233,230],"product_tag":[],"class_list":{"0":"post-6527","1":"product","2":"type-product","3":"status-publish","4":"has-post-thumbnail","6":"product_cat-elewacyjne","7":"product_cat-wentylacyjne","8":"product_cat-wentylacja","10":"entry","11":"has-media","13":"first","14":"instock","15":"taxable","16":"shipping-taxable","17":"purchasable","18":"product-type-simple","19":"has-product-nav","20":"col","21":"span_1_of_3","22":"owp-content-center","23":"item-entry","24":"owp-thumbs-layout-horizontal","25":"owp-btn-normal","26":"owp-tabs-layout-horizontal"},"yoast_head":"<!-- This site is optimized with the Yoast SEO plugin v27.4 - https:\/\/yoast.com\/product\/yoast-seo-wordpress\/ -->\n<title>Os\u0142ona wentylacyjna Bia\u0142a pod kana\u0142 fi 125 Eureka Euro 130cWS - KARDO Sklep - Ogrzewanie pod\u0142ogowe i systemy grzejne<\/title>\n<meta name=\"robots\" content=\"index, follow, max-snippet:-1, max-image-preview:large, max-video-preview:-1\" \/>\n<link rel=\"canonical\" href=\"https:\/\/kardosystems.com\/sklep\/produkt\/oslona-wentylacyjna-biala-pod-kanal-fi-125-eureka-euro-130cws\/\" \/>\n<meta property=\"og:locale\" content=\"pl_PL\" \/>\n<meta property=\"og:type\" content=\"article\" \/>\n<meta property=\"og:title\" content=\"Os\u0142ona wentylacyjna Bia\u0142a pod kana\u0142 fi 125 Eureka Euro 130cWS - KARDO Sklep - Ogrzewanie pod\u0142ogowe i systemy grzejne\" \/>\n<meta property=\"og:description\" content=\"Plastikowa os\u0142ona wentylacyjna idealna do zastosowa\u0144 w wentylacji grawitacyjnej i mechanicznej w domach jednorodzinnych, mieszkaniach oraz innych pomieszczeniach u\u017cytkowych\" \/>\n<meta property=\"og:url\" content=\"https:\/\/kardosystems.com\/sklep\/produkt\/oslona-wentylacyjna-biala-pod-kanal-fi-125-eureka-euro-130cws\/\" \/>\n<meta property=\"og:site_name\" content=\"KARDO Sklep - Ogrzewanie pod\u0142ogowe i systemy grzejne\" \/>\n<meta property=\"article:modified_time\" content=\"2026-03-02T15:57:21+00:00\" \/>\n<meta property=\"og:image\" content=\"https:\/\/kardosystems.com\/sklep\/wp-content\/uploads\/2025\/07\/EUREKA-OSLONA-WENTYLACYJNA-BIALA-130CWS-POD-KANAL-1251.png\" \/>\n\t<meta property=\"og:image:width\" content=\"574\" \/>\n\t<meta property=\"og:image:height\" content=\"574\" \/>\n\t<meta property=\"og:image:type\" content=\"image\/png\" \/>\n<meta name=\"twitter:card\" content=\"summary_large_image\" \/>\n<meta name=\"twitter:label1\" content=\"Szacowany czas czytania\" \/>\n\t<meta name=\"twitter:data1\" content=\"1 minuta\" \/>\n<script type=\"application\/ld+json\" class=\"yoast-schema-graph\">{\"@context\":\"https:\\\/\\\/schema.org\",\"@graph\":[{\"@type\":\"WebPage\",\"@id\":\"https:\\\/\\\/kardosystems.com\\\/sklep\\\/produkt\\\/oslona-wentylacyjna-biala-pod-kanal-fi-125-eureka-euro-130cws\\\/\",\"url\":\"https:\\\/\\\/kardosystems.com\\\/sklep\\\/produkt\\\/oslona-wentylacyjna-biala-pod-kanal-fi-125-eureka-euro-130cws\\\/\",\"name\":\"Os\u0142ona wentylacyjna Bia\u0142a pod kana\u0142 fi 125 Eureka Euro 130cWS - KARDO Sklep - Ogrzewanie pod\u0142ogowe i systemy grzejne\",\"isPartOf\":{\"@id\":\"https:\\\/\\\/kardosystems.com\\\/sklep\\\/#website\"},\"primaryImageOfPage\":{\"@id\":\"https:\\\/\\\/kardosystems.com\\\/sklep\\\/produkt\\\/oslona-wentylacyjna-biala-pod-kanal-fi-125-eureka-euro-130cws\\\/#primaryimage\"},\"image\":{\"@id\":\"https:\\\/\\\/kardosystems.com\\\/sklep\\\/produkt\\\/oslona-wentylacyjna-biala-pod-kanal-fi-125-eureka-euro-130cws\\\/#primaryimage\"},\"thumbnailUrl\":\"https:\\\/\\\/kardosystems.com\\\/sklep\\\/wp-content\\\/uploads\\\/2025\\\/07\\\/EUREKA-OSLONA-WENTYLACYJNA-BIALA-130CWS-POD-KANAL-1251.png\",\"datePublished\":\"2025-07-23T11:31:19+00:00\",\"dateModified\":\"2026-03-02T15:57:21+00:00\",\"breadcrumb\":{\"@id\":\"https:\\\/\\\/kardosystems.com\\\/sklep\\\/produkt\\\/oslona-wentylacyjna-biala-pod-kanal-fi-125-eureka-euro-130cws\\\/#breadcrumb\"},\"inLanguage\":\"pl-PL\",\"potentialAction\":[{\"@type\":\"ReadAction\",\"target\":[\"https:\\\/\\\/kardosystems.com\\\/sklep\\\/produkt\\\/oslona-wentylacyjna-biala-pod-kanal-fi-125-eureka-euro-130cws\\\/\"]}]},{\"@type\":\"ImageObject\",\"inLanguage\":\"pl-PL\",\"@id\":\"https:\\\/\\\/kardosystems.com\\\/sklep\\\/produkt\\\/oslona-wentylacyjna-biala-pod-kanal-fi-125-eureka-euro-130cws\\\/#primaryimage\",\"url\":\"https:\\\/\\\/kardosystems.com\\\/sklep\\\/wp-content\\\/uploads\\\/2025\\\/07\\\/EUREKA-OSLONA-WENTYLACYJNA-BIALA-130CWS-POD-KANAL-1251.png\",\"contentUrl\":\"https:\\\/\\\/kardosystems.com\\\/sklep\\\/wp-content\\\/uploads\\\/2025\\\/07\\\/EUREKA-OSLONA-WENTYLACYJNA-BIALA-130CWS-POD-KANAL-1251.png\",\"width\":574,\"height\":574},{\"@type\":\"BreadcrumbList\",\"@id\":\"https:\\\/\\\/kardosystems.com\\\/sklep\\\/produkt\\\/oslona-wentylacyjna-biala-pod-kanal-fi-125-eureka-euro-130cws\\\/#breadcrumb\",\"itemListElement\":[{\"@type\":\"ListItem\",\"position\":1,\"name\":\"Strona g\u0142\u00f3wna\",\"item\":\"https:\\\/\\\/kardosystems.com\\\/sklep\\\/\"},{\"@type\":\"ListItem\",\"position\":2,\"name\":\"Wszystkie produkty\",\"item\":\"https:\\\/\\\/kardosystems.com\\\/sklep\\\/produkty\\\/\"},{\"@type\":\"ListItem\",\"position\":3,\"name\":\"Os\u0142ona wentylacyjna Bia\u0142a pod kana\u0142 fi 125 Eureka Euro 130cWS\"}]},{\"@type\":\"WebSite\",\"@id\":\"https:\\\/\\\/kardosystems.com\\\/sklep\\\/#website\",\"url\":\"https:\\\/\\\/kardosystems.com\\\/sklep\\\/\",\"name\":\"KARDO Sklep - Ogrzewanie pod\u0142ogowe i systemy grzejne\",\"description\":\"Systemy KARDO izolacyjno grzewcze\",\"publisher\":{\"@id\":\"https:\\\/\\\/kardosystems.com\\\/sklep\\\/#organization\"},\"potentialAction\":[{\"@type\":\"SearchAction\",\"target\":{\"@type\":\"EntryPoint\",\"urlTemplate\":\"https:\\\/\\\/kardosystems.com\\\/sklep\\\/?s={search_term_string}\"},\"query-input\":{\"@type\":\"PropertyValueSpecification\",\"valueRequired\":true,\"valueName\":\"search_term_string\"}}],\"inLanguage\":\"pl-PL\"},{\"@type\":\"Organization\",\"@id\":\"https:\\\/\\\/kardosystems.com\\\/sklep\\\/#organization\",\"name\":\"KARDO SYSTEMS\",\"url\":\"https:\\\/\\\/kardosystems.com\\\/sklep\\\/\",\"logo\":{\"@type\":\"ImageObject\",\"inLanguage\":\"pl-PL\",\"@id\":\"https:\\\/\\\/kardosystems.com\\\/sklep\\\/#\\\/schema\\\/logo\\\/image\\\/\",\"url\":\"https:\\\/\\\/kardosystems.com\\\/sklep\\\/wp-content\\\/uploads\\\/2020\\\/06\\\/cropped-logosdsdsd.png\",\"contentUrl\":\"https:\\\/\\\/kardosystems.com\\\/sklep\\\/wp-content\\\/uploads\\\/2020\\\/06\\\/cropped-logosdsdsd.png\",\"width\":512,\"height\":512,\"caption\":\"KARDO SYSTEMS\"},\"image\":{\"@id\":\"https:\\\/\\\/kardosystems.com\\\/sklep\\\/#\\\/schema\\\/logo\\\/image\\\/\"}}]}<\/script>\n<!-- \/ Yoast SEO plugin. -->","yoast_head_json":{"title":"Os\u0142ona wentylacyjna Bia\u0142a pod kana\u0142 fi 125 Eureka Euro 130cWS - KARDO Sklep - Ogrzewanie pod\u0142ogowe i systemy grzejne","robots":{"index":"index","follow":"follow","max-snippet":"max-snippet:-1","max-image-preview":"max-image-preview:large","max-video-preview":"max-video-preview:-1"},"canonical":"https:\/\/kardosystems.com\/sklep\/produkt\/oslona-wentylacyjna-biala-pod-kanal-fi-125-eureka-euro-130cws\/","og_locale":"pl_PL","og_type":"article","og_title":"Os\u0142ona wentylacyjna Bia\u0142a pod kana\u0142 fi 125 Eureka Euro 130cWS - KARDO Sklep - Ogrzewanie pod\u0142ogowe i systemy grzejne","og_description":"Plastikowa os\u0142ona wentylacyjna idealna do zastosowa\u0144 w wentylacji grawitacyjnej i mechanicznej w domach jednorodzinnych, mieszkaniach oraz innych pomieszczeniach u\u017cytkowych","og_url":"https:\/\/kardosystems.com\/sklep\/produkt\/oslona-wentylacyjna-biala-pod-kanal-fi-125-eureka-euro-130cws\/","og_site_name":"KARDO Sklep - Ogrzewanie pod\u0142ogowe i systemy grzejne","article_modified_time":"2026-03-02T15:57:21+00:00","og_image":[{"width":574,"height":574,"url":"https:\/\/kardosystems.com\/sklep\/wp-content\/uploads\/2025\/07\/EUREKA-OSLONA-WENTYLACYJNA-BIALA-130CWS-POD-KANAL-1251.png","type":"image\/png"}],"twitter_card":"summary_large_image","twitter_misc":{"Szacowany czas czytania":"1 minuta"},"schema":{"@context":"https:\/\/schema.org","@graph":[{"@type":"WebPage","@id":"https:\/\/kardosystems.com\/sklep\/produkt\/oslona-wentylacyjna-biala-pod-kanal-fi-125-eureka-euro-130cws\/","url":"https:\/\/kardosystems.com\/sklep\/produkt\/oslona-wentylacyjna-biala-pod-kanal-fi-125-eureka-euro-130cws\/","name":"Os\u0142ona wentylacyjna Bia\u0142a pod kana\u0142 fi 125 Eureka Euro 130cWS - KARDO Sklep - Ogrzewanie pod\u0142ogowe i systemy grzejne","isPartOf":{"@id":"https:\/\/kardosystems.com\/sklep\/#website"},"primaryImageOfPage":{"@id":"https:\/\/kardosystems.com\/sklep\/produkt\/oslona-wentylacyjna-biala-pod-kanal-fi-125-eureka-euro-130cws\/#primaryimage"},"image":{"@id":"https:\/\/kardosystems.com\/sklep\/produkt\/oslona-wentylacyjna-biala-pod-kanal-fi-125-eureka-euro-130cws\/#primaryimage"},"thumbnailUrl":"https:\/\/kardosystems.com\/sklep\/wp-content\/uploads\/2025\/07\/EUREKA-OSLONA-WENTYLACYJNA-BIALA-130CWS-POD-KANAL-1251.png","datePublished":"2025-07-23T11:31:19+00:00","dateModified":"2026-03-02T15:57:21+00:00","breadcrumb":{"@id":"https:\/\/kardosystems.com\/sklep\/produkt\/oslona-wentylacyjna-biala-pod-kanal-fi-125-eureka-euro-130cws\/#breadcrumb"},"inLanguage":"pl-PL","potentialAction":[{"@type":"ReadAction","target":["https:\/\/kardosystems.com\/sklep\/produkt\/oslona-wentylacyjna-biala-pod-kanal-fi-125-eureka-euro-130cws\/"]}]},{"@type":"ImageObject","inLanguage":"pl-PL","@id":"https:\/\/kardosystems.com\/sklep\/produkt\/oslona-wentylacyjna-biala-pod-kanal-fi-125-eureka-euro-130cws\/#primaryimage","url":"https:\/\/kardosystems.com\/sklep\/wp-content\/uploads\/2025\/07\/EUREKA-OSLONA-WENTYLACYJNA-BIALA-130CWS-POD-KANAL-1251.png","contentUrl":"https:\/\/kardosystems.com\/sklep\/wp-content\/uploads\/2025\/07\/EUREKA-OSLONA-WENTYLACYJNA-BIALA-130CWS-POD-KANAL-1251.png","width":574,"height":574},{"@type":"BreadcrumbList","@id":"https:\/\/kardosystems.com\/sklep\/produkt\/oslona-wentylacyjna-biala-pod-kanal-fi-125-eureka-euro-130cws\/#breadcrumb","itemListElement":[{"@type":"ListItem","position":1,"name":"Strona g\u0142\u00f3wna","item":"https:\/\/kardosystems.com\/sklep\/"},{"@type":"ListItem","position":2,"name":"Wszystkie produkty","item":"https:\/\/kardosystems.com\/sklep\/produkty\/"},{"@type":"ListItem","position":3,"name":"Os\u0142ona wentylacyjna Bia\u0142a pod kana\u0142 fi 125 Eureka Euro 130cWS"}]},{"@type":"WebSite","@id":"https:\/\/kardosystems.com\/sklep\/#website","url":"https:\/\/kardosystems.com\/sklep\/","name":"KARDO Sklep - Ogrzewanie pod\u0142ogowe i systemy grzejne","description":"Systemy KARDO izolacyjno grzewcze","publisher":{"@id":"https:\/\/kardosystems.com\/sklep\/#organization"},"potentialAction":[{"@type":"SearchAction","target":{"@type":"EntryPoint","urlTemplate":"https:\/\/kardosystems.com\/sklep\/?s={search_term_string}"},"query-input":{"@type":"PropertyValueSpecification","valueRequired":true,"valueName":"search_term_string"}}],"inLanguage":"pl-PL"},{"@type":"Organization","@id":"https:\/\/kardosystems.com\/sklep\/#organization","name":"KARDO SYSTEMS","url":"https:\/\/kardosystems.com\/sklep\/","logo":{"@type":"ImageObject","inLanguage":"pl-PL","@id":"https:\/\/kardosystems.com\/sklep\/#\/schema\/logo\/image\/","url":"https:\/\/kardosystems.com\/sklep\/wp-content\/uploads\/2020\/06\/cropped-logosdsdsd.png","contentUrl":"https:\/\/kardosystems.com\/sklep\/wp-content\/uploads\/2020\/06\/cropped-logosdsdsd.png","width":512,"height":512,"caption":"KARDO SYSTEMS"},"image":{"@id":"https:\/\/kardosystems.com\/sklep\/#\/schema\/logo\/image\/"}}]}},"_links":{"self":[{"href":"https:\/\/kardosystems.com\/sklep\/wp-json\/wp\/v2\/product\/6527","targetHints":{"allow":["GET"]}}],"collection":[{"href":"https:\/\/kardosystems.com\/sklep\/wp-json\/wp\/v2\/product"}],"about":[{"href":"https:\/\/kardosystems.com\/sklep\/wp-json\/wp\/v2\/types\/product"}],"replies":[{"embeddable":true,"href":"https:\/\/kardosystems.com\/sklep\/wp-json\/wp\/v2\/comments?post=6527"}],"version-history":[{"count":5,"href":"https:\/\/kardosystems.com\/sklep\/wp-json\/wp\/v2\/product\/6527\/revisions"}],"predecessor-version":[{"id":6595,"href":"https:\/\/kardosystems.com\/sklep\/wp-json\/wp\/v2\/product\/6527\/revisions\/6595"}],"wp:featuredmedia":[{"embeddable":true,"href":"https:\/\/kardosystems.com\/sklep\/wp-json\/wp\/v2\/media\/6597"}],"wp:attachment":[{"href":"https:\/\/kardosystems.com\/sklep\/wp-json\/wp\/v2\/media?parent=6527"}],"wp:term":[{"taxonomy":"product_brand","embeddable":true,"href":"https:\/\/kardosystems.com\/sklep\/wp-json\/wp\/v2\/product_brand?post=6527"},{"taxonomy":"product_cat","embeddable":true,"href":"https:\/\/kardosystems.com\/sklep\/wp-json\/wp\/v2\/product_cat?post=6527"},{"taxonomy":"product_tag","embeddable":true,"href":"https:\/\/kardosystems.com\/sklep\/wp-json\/wp\/v2\/product_tag?post=6527"}],"curies":[{"name":"wp","href":"https:\/\/api.w.org\/{rel}","templated":true}]}}