{"id":6434,"date":"2025-06-23T15:42:32","date_gmt":"2025-06-23T13:42:32","guid":{"rendered":"https:\/\/kardosystems.com\/sklep\/?post_type=product&#038;p=6434"},"modified":"2025-06-26T14:20:42","modified_gmt":"2025-06-26T12:20:42","slug":"kolanko-poziome-venlux-110-44-eureka-polskie","status":"publish","type":"product","link":"https:\/\/kardosystems.com\/sklep\/produkt\/kolanko-poziome-venlux-110-44-eureka-polskie\/","title":{"rendered":"Kolanko poziome Venlux 110mm-44mm Eureka Polskie"},"content":{"rendered":"<p>Program VENLUX\u00ae to system oparty na prostok\u0105tnych kana\u0142ach i kszta\u0142tkach uzupe\u0142niaj\u0105cych wykonanych z tworzywa sztucznego.Przeznaczony przede wszystkim do odprowadzenia opar\u00f3w z domowych okap\u00f3w kuchennych oraz do wspomagania w projektowaniu niewielkich system\u00f3w wentylacji grawitacyjno-mechanicznej.<\/p>\n<h3 data-start=\"830\" data-end=\"862\"><strong data-start=\"834\" data-end=\"862\">Specyfikacja techniczna:<\/strong><\/h3>\n<ul data-start=\"864\" data-end=\"1241\">\n<li data-start=\"864\" data-end=\"901\">\n<p data-start=\"866\" data-end=\"901\"><strong data-start=\"866\" data-end=\"882\">Typ \/ model:<\/strong> VENLUX\u00ae 110 &#8211; 44<\/p>\n<\/li>\n<li data-start=\"902\" data-end=\"963\">\n<p data-start=\"904\" data-end=\"963\"><strong data-start=\"904\" data-end=\"923\">Wymiary kana\u0142u:<\/strong> 110 mm x 44 mm (szeroko\u015b\u0107 x wysoko\u015b\u0107)<\/p>\n<\/li>\n<li data-start=\"964\" data-end=\"1063\">\n<p data-start=\"966\" data-end=\"1063\"><strong data-start=\"966\" data-end=\"979\">Materia\u0142:<\/strong> Tworzywo sztuczne (najcz\u0119\u015bciej PVC \u2013 odporny na dzia\u0142anie t\u0142uszcz\u00f3w i temperatur)<\/p>\n<\/li>\n<li data-start=\"1064\" data-end=\"1108\">\n<p data-start=\"1066\" data-end=\"1108\"><strong data-start=\"1066\" data-end=\"1088\">Temperatura pracy:<\/strong> od -20\u00b0C do +60\u00b0C<\/p>\n<\/li>\n<li data-start=\"1109\" data-end=\"1168\">\n<p data-start=\"1111\" data-end=\"1168\"><strong data-start=\"1111\" data-end=\"1128\">Zastosowanie:<\/strong> okapy kuchenne, wentylacja wewn\u0119trzna<\/p>\n<\/li>\n<li data-start=\"1169\" data-end=\"1241\">\n<p data-start=\"1171\" data-end=\"1241\"><strong data-start=\"1171\" data-end=\"1182\">Monta\u017c:<\/strong> \u015bcienny, sufitowy, zabudowany (w szafkach, zabudowie GK)<\/p>\n<\/li>\n<\/ul>\n<hr data-start=\"1243\" data-end=\"1246\" \/>\n<h3 data-start=\"1248\" data-end=\"1272\"><strong data-start=\"1252\" data-end=\"1272\">Kolory dost\u0119pne:<\/strong><\/h3>\n<ul data-start=\"1274\" data-end=\"1344\">\n<li data-start=\"1274\" data-end=\"1298\">\n<p data-start=\"1276\" data-end=\"1298\"><strong data-start=\"1276\" data-end=\"1296\">Bia\u0142y (standard<\/strong><strong data-start=\"1301\" data-end=\"1344\">)<\/strong><\/p>\n<\/li>\n<\/ul>\n<table style=\"height: 136px;\" border=\"0\" width=\"230\" cellspacing=\"0\" cellpadding=\"2\">\n<tbody>\n<tr>\n<th colspan=\"2\" width=\"225\">typ VENLUX\u00ae 110 &#8211; 44<\/th>\n<\/tr>\n<tr>\n<td width=\"111\">kolory:<\/td>\n<td width=\"111\">kod EAN 13:<\/td>\n<\/tr>\n<tr>\n<td width=\"111\">bia\u0142y (bi)<\/td>\n<td width=\"111\">5906797004724<\/td>\n<\/tr>\n<tr>\n<td width=\"111\"><\/td>\n<td width=\"111\"><\/td>\n<\/tr>\n<tr>\n<td width=\"111\"><\/td>\n<td width=\"111\"><\/td>\n<\/tr>\n<\/tbody>\n<\/table>\n<table style=\"height: 31px;\" border=\"0\" width=\"12\" cellspacing=\"0\" cellpadding=\"2\">\n<tbody>\n<tr>\n<th colspan=\"4\" width=\"224\"><\/th>\n<\/tr>\n<tr>\n<td width=\"53\"><\/td>\n<td width=\"53\"><\/td>\n<td width=\"53\"><\/td>\n<td width=\"53\"><\/td>\n<\/tr>\n<\/tbody>\n<\/table>\n<p>&nbsp;<\/p>\n","protected":false},"excerpt":{"rendered":"<h3 data-start=\"229\" data-end=\"305\"><strong data-start=\"233\" data-end=\"305\">Program VENLUX\u00ae \u2013 System kana\u0142\u00f3w prostok\u0105tnych z tworzywa sztucznego<\/strong><\/h3>\n<p data-start=\"307\" data-end=\"653\"><strong data-start=\"307\" data-end=\"315\">Typ:<\/strong> VENLUX\u00ae 110 &#8211; 44<br data-start=\"332\" data-end=\"335\" \/><strong data-start=\"335\" data-end=\"344\">Opis:<\/strong><br data-start=\"344\" data-end=\"347\" \/>System VENLUX\u00ae to rozwi\u0105zanie oparte na lekkich, prostok\u0105tnych kana\u0142ach wentylacyjnych i kompatybilnych kszta\u0142tkach wykonanych z tworzywa sztucznego (PVC lub innego tworzywa technicznego). Elementy systemu zosta\u0142y zaprojektowane z my\u015bl\u0105 o szybkim i \u0142atwym monta\u017cu w budynkach mieszkalnych, w szczeg\u00f3lno\u015bci:<\/p>\n<ul data-start=\"655\" data-end=\"823\">\n<li data-start=\"655\" data-end=\"715\">\n<p data-start=\"657\" data-end=\"715\">Do odprowadzania opar\u00f3w z domowych <strong data-start=\"692\" data-end=\"713\">okap\u00f3w kuchennych<\/strong><\/p>\n<\/li>\n<li data-start=\"716\" data-end=\"823\">\n<p data-start=\"718\" data-end=\"823\">Do wspomagania projektowania i realizacji niewielkich system\u00f3w <strong data-start=\"781\" data-end=\"821\">wentylacji grawitacyjno-mechanicznej<\/strong><\/p>\n<\/li>\n<\/ul>\n<p>&nbsp;<\/p>\n","protected":false},"featured_media":6486,"comment_status":"open","ping_status":"closed","template":"","meta":{"ocean_post_layout":"","ocean_both_sidebars_style":"","ocean_both_sidebars_content_width":0,"ocean_both_sidebars_sidebars_width":0,"ocean_sidebar":"0","ocean_second_sidebar":"0","ocean_disable_margins":"enable","ocean_add_body_class":"","ocean_shortcode_before_top_bar":"","ocean_shortcode_after_top_bar":"","ocean_shortcode_before_header":"","ocean_shortcode_after_header":"","ocean_has_shortcode":"","ocean_shortcode_after_title":"","ocean_shortcode_before_footer_widgets":"","ocean_shortcode_after_footer_widgets":"","ocean_shortcode_before_footer_bottom":"","ocean_shortcode_after_footer_bottom":"","ocean_display_top_bar":"default","ocean_display_header":"default","ocean_header_style":"","ocean_center_header_left_menu":"0","ocean_custom_header_template":"0","ocean_custom_logo":0,"ocean_custom_retina_logo":0,"ocean_custom_logo_max_width":0,"ocean_custom_logo_tablet_max_width":0,"ocean_custom_logo_mobile_max_width":0,"ocean_custom_logo_max_height":0,"ocean_custom_logo_tablet_max_height":0,"ocean_custom_logo_mobile_max_height":0,"ocean_header_custom_menu":"0","ocean_menu_typo_font_family":"0","ocean_menu_typo_font_subset":"","ocean_menu_typo_font_size":0,"ocean_menu_typo_font_size_tablet":0,"ocean_menu_typo_font_size_mobile":0,"ocean_menu_typo_font_size_unit":"px","ocean_menu_typo_font_weight":"","ocean_menu_typo_font_weight_tablet":"","ocean_menu_typo_font_weight_mobile":"","ocean_menu_typo_transform":"","ocean_menu_typo_transform_tablet":"","ocean_menu_typo_transform_mobile":"","ocean_menu_typo_line_height":0,"ocean_menu_typo_line_height_tablet":0,"ocean_menu_typo_line_height_mobile":0,"ocean_menu_typo_line_height_unit":"","ocean_menu_typo_spacing":0,"ocean_menu_typo_spacing_tablet":0,"ocean_menu_typo_spacing_mobile":0,"ocean_menu_typo_spacing_unit":"","ocean_menu_link_color":"","ocean_menu_link_color_hover":"","ocean_menu_link_color_active":"","ocean_menu_link_background":"","ocean_menu_link_hover_background":"","ocean_menu_link_active_background":"","ocean_menu_social_links_bg":"","ocean_menu_social_hover_links_bg":"","ocean_menu_social_links_color":"","ocean_menu_social_hover_links_color":"","ocean_disable_title":"default","ocean_disable_heading":"default","ocean_post_title":"","ocean_post_subheading":"","ocean_post_title_style":"","ocean_post_title_background_color":"","ocean_post_title_background":0,"ocean_post_title_bg_image_position":"","ocean_post_title_bg_image_attachment":"","ocean_post_title_bg_image_repeat":"","ocean_post_title_bg_image_size":"","ocean_post_title_height":0,"ocean_post_title_bg_overlay":0.5,"ocean_post_title_bg_overlay_color":"","ocean_disable_breadcrumbs":"default","ocean_breadcrumbs_color":"","ocean_breadcrumbs_separator_color":"","ocean_breadcrumbs_links_color":"","ocean_breadcrumbs_links_hover_color":"","ocean_display_footer_widgets":"default","ocean_display_footer_bottom":"default","ocean_custom_footer_template":"0"},"product_brand":[],"product_cat":[234,230],"product_tag":[],"class_list":{"0":"post-6434","1":"product","2":"type-product","3":"status-publish","4":"has-post-thumbnail","6":"product_cat-montazowe","7":"product_cat-wentylacja","9":"entry","10":"has-media","12":"first","13":"instock","14":"taxable","15":"shipping-taxable","16":"purchasable","17":"product-type-simple","18":"has-product-nav","19":"col","20":"span_1_of_3","21":"owp-content-center","22":"item-entry","23":"owp-thumbs-layout-horizontal","24":"owp-btn-normal","25":"owp-tabs-layout-horizontal"},"yoast_head":"<!-- This site is optimized with the Yoast SEO plugin v27.4 - https:\/\/yoast.com\/product\/yoast-seo-wordpress\/ -->\n<title>Kolanko poziome Venlux 110mm-44mm Eureka Polskie - KARDO Sklep - Ogrzewanie pod\u0142ogowe i systemy grzejne<\/title>\n<meta name=\"robots\" content=\"index, follow, max-snippet:-1, max-image-preview:large, max-video-preview:-1\" \/>\n<link rel=\"canonical\" href=\"https:\/\/kardosystems.com\/sklep\/produkt\/kolanko-poziome-venlux-110-44-eureka-polskie\/\" \/>\n<meta property=\"og:locale\" content=\"pl_PL\" \/>\n<meta property=\"og:type\" content=\"article\" \/>\n<meta property=\"og:title\" content=\"Kolanko poziome Venlux 110mm-44mm Eureka Polskie - KARDO Sklep - Ogrzewanie pod\u0142ogowe i systemy grzejne\" \/>\n<meta property=\"og:description\" content=\"Program VENLUX\u00ae \u2013 System kana\u0142\u00f3w prostok\u0105tnych z tworzywa sztucznego Typ: VENLUX\u00ae 110 - 44Opis:System VENLUX\u00ae to rozwi\u0105zanie oparte na lekkich, prostok\u0105tnych kana\u0142ach wentylacyjnych i kompatybilnych kszta\u0142tkach wykonanych z tworzywa sztucznego (PVC lub innego tworzywa technicznego). Elementy systemu zosta\u0142y zaprojektowane z my\u015bl\u0105 o szybkim i \u0142atwym monta\u017cu w budynkach mieszkalnych, w szczeg\u00f3lno\u015bci:     Do odprowadzania opar\u00f3w z domowych okap\u00f3w kuchennych    Do wspomagania projektowania i realizacji niewielkich system\u00f3w wentylacji grawitacyjno-mechanicznej   &nbsp;\" \/>\n<meta property=\"og:url\" content=\"https:\/\/kardosystems.com\/sklep\/produkt\/kolanko-poziome-venlux-110-44-eureka-polskie\/\" \/>\n<meta property=\"og:site_name\" content=\"KARDO Sklep - Ogrzewanie pod\u0142ogowe i systemy grzejne\" \/>\n<meta property=\"article:modified_time\" content=\"2025-06-26T12:20:42+00:00\" \/>\n<meta property=\"og:image\" content=\"https:\/\/kardosystems.com\/sklep\/wp-content\/uploads\/2025\/06\/Kolano_poziome_pcv_02-421-1.png\" \/>\n\t<meta property=\"og:image:width\" content=\"616\" \/>\n\t<meta property=\"og:image:height\" content=\"616\" \/>\n\t<meta property=\"og:image:type\" content=\"image\/png\" \/>\n<meta name=\"twitter:card\" content=\"summary_large_image\" \/>\n<meta name=\"twitter:label1\" content=\"Szacowany czas czytania\" \/>\n\t<meta name=\"twitter:data1\" content=\"1 minuta\" \/>\n<script type=\"application\/ld+json\" class=\"yoast-schema-graph\">{\"@context\":\"https:\\\/\\\/schema.org\",\"@graph\":[{\"@type\":\"WebPage\",\"@id\":\"https:\\\/\\\/kardosystems.com\\\/sklep\\\/produkt\\\/kolanko-poziome-venlux-110-44-eureka-polskie\\\/\",\"url\":\"https:\\\/\\\/kardosystems.com\\\/sklep\\\/produkt\\\/kolanko-poziome-venlux-110-44-eureka-polskie\\\/\",\"name\":\"Kolanko poziome Venlux 110mm-44mm Eureka Polskie - KARDO Sklep - Ogrzewanie pod\u0142ogowe i systemy grzejne\",\"isPartOf\":{\"@id\":\"https:\\\/\\\/kardosystems.com\\\/sklep\\\/#website\"},\"primaryImageOfPage\":{\"@id\":\"https:\\\/\\\/kardosystems.com\\\/sklep\\\/produkt\\\/kolanko-poziome-venlux-110-44-eureka-polskie\\\/#primaryimage\"},\"image\":{\"@id\":\"https:\\\/\\\/kardosystems.com\\\/sklep\\\/produkt\\\/kolanko-poziome-venlux-110-44-eureka-polskie\\\/#primaryimage\"},\"thumbnailUrl\":\"https:\\\/\\\/kardosystems.com\\\/sklep\\\/wp-content\\\/uploads\\\/2025\\\/06\\\/Kolano_poziome_pcv_02-421-1.png\",\"datePublished\":\"2025-06-23T13:42:32+00:00\",\"dateModified\":\"2025-06-26T12:20:42+00:00\",\"breadcrumb\":{\"@id\":\"https:\\\/\\\/kardosystems.com\\\/sklep\\\/produkt\\\/kolanko-poziome-venlux-110-44-eureka-polskie\\\/#breadcrumb\"},\"inLanguage\":\"pl-PL\",\"potentialAction\":[{\"@type\":\"ReadAction\",\"target\":[\"https:\\\/\\\/kardosystems.com\\\/sklep\\\/produkt\\\/kolanko-poziome-venlux-110-44-eureka-polskie\\\/\"]}]},{\"@type\":\"ImageObject\",\"inLanguage\":\"pl-PL\",\"@id\":\"https:\\\/\\\/kardosystems.com\\\/sklep\\\/produkt\\\/kolanko-poziome-venlux-110-44-eureka-polskie\\\/#primaryimage\",\"url\":\"https:\\\/\\\/kardosystems.com\\\/sklep\\\/wp-content\\\/uploads\\\/2025\\\/06\\\/Kolano_poziome_pcv_02-421-1.png\",\"contentUrl\":\"https:\\\/\\\/kardosystems.com\\\/sklep\\\/wp-content\\\/uploads\\\/2025\\\/06\\\/Kolano_poziome_pcv_02-421-1.png\",\"width\":616,\"height\":616},{\"@type\":\"BreadcrumbList\",\"@id\":\"https:\\\/\\\/kardosystems.com\\\/sklep\\\/produkt\\\/kolanko-poziome-venlux-110-44-eureka-polskie\\\/#breadcrumb\",\"itemListElement\":[{\"@type\":\"ListItem\",\"position\":1,\"name\":\"Strona g\u0142\u00f3wna\",\"item\":\"https:\\\/\\\/kardosystems.com\\\/sklep\\\/\"},{\"@type\":\"ListItem\",\"position\":2,\"name\":\"Wszystkie produkty\",\"item\":\"https:\\\/\\\/kardosystems.com\\\/sklep\\\/produkty\\\/\"},{\"@type\":\"ListItem\",\"position\":3,\"name\":\"Kolanko poziome Venlux 110mm-44mm Eureka Polskie\"}]},{\"@type\":\"WebSite\",\"@id\":\"https:\\\/\\\/kardosystems.com\\\/sklep\\\/#website\",\"url\":\"https:\\\/\\\/kardosystems.com\\\/sklep\\\/\",\"name\":\"KARDO Sklep - Ogrzewanie pod\u0142ogowe i systemy grzejne\",\"description\":\"Systemy KARDO izolacyjno grzewcze\",\"publisher\":{\"@id\":\"https:\\\/\\\/kardosystems.com\\\/sklep\\\/#organization\"},\"potentialAction\":[{\"@type\":\"SearchAction\",\"target\":{\"@type\":\"EntryPoint\",\"urlTemplate\":\"https:\\\/\\\/kardosystems.com\\\/sklep\\\/?s={search_term_string}\"},\"query-input\":{\"@type\":\"PropertyValueSpecification\",\"valueRequired\":true,\"valueName\":\"search_term_string\"}}],\"inLanguage\":\"pl-PL\"},{\"@type\":\"Organization\",\"@id\":\"https:\\\/\\\/kardosystems.com\\\/sklep\\\/#organization\",\"name\":\"KARDO SYSTEMS\",\"url\":\"https:\\\/\\\/kardosystems.com\\\/sklep\\\/\",\"logo\":{\"@type\":\"ImageObject\",\"inLanguage\":\"pl-PL\",\"@id\":\"https:\\\/\\\/kardosystems.com\\\/sklep\\\/#\\\/schema\\\/logo\\\/image\\\/\",\"url\":\"https:\\\/\\\/kardosystems.com\\\/sklep\\\/wp-content\\\/uploads\\\/2020\\\/06\\\/cropped-logosdsdsd.png\",\"contentUrl\":\"https:\\\/\\\/kardosystems.com\\\/sklep\\\/wp-content\\\/uploads\\\/2020\\\/06\\\/cropped-logosdsdsd.png\",\"width\":512,\"height\":512,\"caption\":\"KARDO SYSTEMS\"},\"image\":{\"@id\":\"https:\\\/\\\/kardosystems.com\\\/sklep\\\/#\\\/schema\\\/logo\\\/image\\\/\"}}]}<\/script>\n<!-- \/ Yoast SEO plugin. -->","yoast_head_json":{"title":"Kolanko poziome Venlux 110mm-44mm Eureka Polskie - KARDO Sklep - Ogrzewanie pod\u0142ogowe i systemy grzejne","robots":{"index":"index","follow":"follow","max-snippet":"max-snippet:-1","max-image-preview":"max-image-preview:large","max-video-preview":"max-video-preview:-1"},"canonical":"https:\/\/kardosystems.com\/sklep\/produkt\/kolanko-poziome-venlux-110-44-eureka-polskie\/","og_locale":"pl_PL","og_type":"article","og_title":"Kolanko poziome Venlux 110mm-44mm Eureka Polskie - KARDO Sklep - Ogrzewanie pod\u0142ogowe i systemy grzejne","og_description":"Program VENLUX\u00ae \u2013 System kana\u0142\u00f3w prostok\u0105tnych z tworzywa sztucznego Typ: VENLUX\u00ae 110 - 44Opis:System VENLUX\u00ae to rozwi\u0105zanie oparte na lekkich, prostok\u0105tnych kana\u0142ach wentylacyjnych i kompatybilnych kszta\u0142tkach wykonanych z tworzywa sztucznego (PVC lub innego tworzywa technicznego). Elementy systemu zosta\u0142y zaprojektowane z my\u015bl\u0105 o szybkim i \u0142atwym monta\u017cu w budynkach mieszkalnych, w szczeg\u00f3lno\u015bci:     Do odprowadzania opar\u00f3w z domowych okap\u00f3w kuchennych    Do wspomagania projektowania i realizacji niewielkich system\u00f3w wentylacji grawitacyjno-mechanicznej   &nbsp;","og_url":"https:\/\/kardosystems.com\/sklep\/produkt\/kolanko-poziome-venlux-110-44-eureka-polskie\/","og_site_name":"KARDO Sklep - Ogrzewanie pod\u0142ogowe i systemy grzejne","article_modified_time":"2025-06-26T12:20:42+00:00","og_image":[{"width":616,"height":616,"url":"https:\/\/kardosystems.com\/sklep\/wp-content\/uploads\/2025\/06\/Kolano_poziome_pcv_02-421-1.png","type":"image\/png"}],"twitter_card":"summary_large_image","twitter_misc":{"Szacowany czas czytania":"1 minuta"},"schema":{"@context":"https:\/\/schema.org","@graph":[{"@type":"WebPage","@id":"https:\/\/kardosystems.com\/sklep\/produkt\/kolanko-poziome-venlux-110-44-eureka-polskie\/","url":"https:\/\/kardosystems.com\/sklep\/produkt\/kolanko-poziome-venlux-110-44-eureka-polskie\/","name":"Kolanko poziome Venlux 110mm-44mm Eureka Polskie - KARDO Sklep - Ogrzewanie pod\u0142ogowe i systemy grzejne","isPartOf":{"@id":"https:\/\/kardosystems.com\/sklep\/#website"},"primaryImageOfPage":{"@id":"https:\/\/kardosystems.com\/sklep\/produkt\/kolanko-poziome-venlux-110-44-eureka-polskie\/#primaryimage"},"image":{"@id":"https:\/\/kardosystems.com\/sklep\/produkt\/kolanko-poziome-venlux-110-44-eureka-polskie\/#primaryimage"},"thumbnailUrl":"https:\/\/kardosystems.com\/sklep\/wp-content\/uploads\/2025\/06\/Kolano_poziome_pcv_02-421-1.png","datePublished":"2025-06-23T13:42:32+00:00","dateModified":"2025-06-26T12:20:42+00:00","breadcrumb":{"@id":"https:\/\/kardosystems.com\/sklep\/produkt\/kolanko-poziome-venlux-110-44-eureka-polskie\/#breadcrumb"},"inLanguage":"pl-PL","potentialAction":[{"@type":"ReadAction","target":["https:\/\/kardosystems.com\/sklep\/produkt\/kolanko-poziome-venlux-110-44-eureka-polskie\/"]}]},{"@type":"ImageObject","inLanguage":"pl-PL","@id":"https:\/\/kardosystems.com\/sklep\/produkt\/kolanko-poziome-venlux-110-44-eureka-polskie\/#primaryimage","url":"https:\/\/kardosystems.com\/sklep\/wp-content\/uploads\/2025\/06\/Kolano_poziome_pcv_02-421-1.png","contentUrl":"https:\/\/kardosystems.com\/sklep\/wp-content\/uploads\/2025\/06\/Kolano_poziome_pcv_02-421-1.png","width":616,"height":616},{"@type":"BreadcrumbList","@id":"https:\/\/kardosystems.com\/sklep\/produkt\/kolanko-poziome-venlux-110-44-eureka-polskie\/#breadcrumb","itemListElement":[{"@type":"ListItem","position":1,"name":"Strona g\u0142\u00f3wna","item":"https:\/\/kardosystems.com\/sklep\/"},{"@type":"ListItem","position":2,"name":"Wszystkie produkty","item":"https:\/\/kardosystems.com\/sklep\/produkty\/"},{"@type":"ListItem","position":3,"name":"Kolanko poziome Venlux 110mm-44mm Eureka Polskie"}]},{"@type":"WebSite","@id":"https:\/\/kardosystems.com\/sklep\/#website","url":"https:\/\/kardosystems.com\/sklep\/","name":"KARDO Sklep - Ogrzewanie pod\u0142ogowe i systemy grzejne","description":"Systemy KARDO izolacyjno grzewcze","publisher":{"@id":"https:\/\/kardosystems.com\/sklep\/#organization"},"potentialAction":[{"@type":"SearchAction","target":{"@type":"EntryPoint","urlTemplate":"https:\/\/kardosystems.com\/sklep\/?s={search_term_string}"},"query-input":{"@type":"PropertyValueSpecification","valueRequired":true,"valueName":"search_term_string"}}],"inLanguage":"pl-PL"},{"@type":"Organization","@id":"https:\/\/kardosystems.com\/sklep\/#organization","name":"KARDO SYSTEMS","url":"https:\/\/kardosystems.com\/sklep\/","logo":{"@type":"ImageObject","inLanguage":"pl-PL","@id":"https:\/\/kardosystems.com\/sklep\/#\/schema\/logo\/image\/","url":"https:\/\/kardosystems.com\/sklep\/wp-content\/uploads\/2020\/06\/cropped-logosdsdsd.png","contentUrl":"https:\/\/kardosystems.com\/sklep\/wp-content\/uploads\/2020\/06\/cropped-logosdsdsd.png","width":512,"height":512,"caption":"KARDO SYSTEMS"},"image":{"@id":"https:\/\/kardosystems.com\/sklep\/#\/schema\/logo\/image\/"}}]}},"_links":{"self":[{"href":"https:\/\/kardosystems.com\/sklep\/wp-json\/wp\/v2\/product\/6434","targetHints":{"allow":["GET"]}}],"collection":[{"href":"https:\/\/kardosystems.com\/sklep\/wp-json\/wp\/v2\/product"}],"about":[{"href":"https:\/\/kardosystems.com\/sklep\/wp-json\/wp\/v2\/types\/product"}],"replies":[{"embeddable":true,"href":"https:\/\/kardosystems.com\/sklep\/wp-json\/wp\/v2\/comments?post=6434"}],"version-history":[{"count":4,"href":"https:\/\/kardosystems.com\/sklep\/wp-json\/wp\/v2\/product\/6434\/revisions"}],"predecessor-version":[{"id":6487,"href":"https:\/\/kardosystems.com\/sklep\/wp-json\/wp\/v2\/product\/6434\/revisions\/6487"}],"wp:featuredmedia":[{"embeddable":true,"href":"https:\/\/kardosystems.com\/sklep\/wp-json\/wp\/v2\/media\/6486"}],"wp:attachment":[{"href":"https:\/\/kardosystems.com\/sklep\/wp-json\/wp\/v2\/media?parent=6434"}],"wp:term":[{"taxonomy":"product_brand","embeddable":true,"href":"https:\/\/kardosystems.com\/sklep\/wp-json\/wp\/v2\/product_brand?post=6434"},{"taxonomy":"product_cat","embeddable":true,"href":"https:\/\/kardosystems.com\/sklep\/wp-json\/wp\/v2\/product_cat?post=6434"},{"taxonomy":"product_tag","embeddable":true,"href":"https:\/\/kardosystems.com\/sklep\/wp-json\/wp\/v2\/product_tag?post=6434"}],"curies":[{"name":"wp","href":"https:\/\/api.w.org\/{rel}","templated":true}]}}