{"id":5799,"date":"2024-08-27T11:06:06","date_gmt":"2024-08-27T09:06:06","guid":{"rendered":"https:\/\/kardosystems.com\/sklep\/?post_type=product&#038;p=5799"},"modified":"2025-01-09T19:41:36","modified_gmt":"2025-01-09T18:41:36","slug":"termostat-warmtec-bialy","status":"publish","type":"product","link":"https:\/\/kardosystems.com\/sklep\/produkt\/termostat-warmtec-bialy\/","title":{"rendered":"TERMOSTAT Warmtec PRT-01 WiFi Regulator Temperatury Bia\u0142y"},"content":{"rendered":"<p><strong>Regulator temperatury Warmtec PRT-01<\/strong> to <strong>dwuczujnikowy<\/strong> termostat <strong>elektroniczny<\/strong>, z mo\u017cliwo\u015bci\u0105 programowania oraz sterowania Wi-Fi, za po\u015brednictwem <strong>aplikacji<\/strong> zainstalowanej na urz\u0105dzeniu mobilnym z systemem Android lub iOS. Wyposa\u017cony zosta\u0142 w nowoczesny, <strong>dotykowy<\/strong> wy\u015bwietlacz LCD.<\/p>\n<p>Regulator Warmtec PRT-01 przeznaczony jest m. in. do sterowania:<\/p>\n<ul>\n<li>elektrycznym ogrzewaniem pod\u0142ogowym (maty i folie grzewcze),<\/li>\n<li>grzejnikami elektrycznymi,<\/li>\n<li>piecami akumulacyjnymi,<\/li>\n<li>przewodami grzewczymi,,<\/li>\n<\/ul>\n<p>oraz wszystkimi innymi urz\u0105dzeniami elektrycznymi, kt\u00f3rych \u0142\u0105czna moc nie przekracza 16A \/ 3680 W.<\/p>\n<p>Urz\u0105dzenie <strong>umo\u017cliwia sterowanie kot\u0142ami gazowymi oraz wodnym ogrzewaniem pod\u0142ogowym<\/strong>, jednak mo\u017ce wymaga\u0107 to zakupu regulatora Warmtec PRT-01 w wersji bezpotencja\u0142owej (beznapi\u0119ciowej).<\/p>\n<p>Je\u017celi masz w\u0105tpliwo\u015bci czy wybrany regulator b\u0119dzie odpowiedni do Twojego urz\u0105dzenia &#8211; skontaktuj si\u0119 z naszym dzia\u0142em techniczno-handlowym.<\/p>\n<h2>Funkcje dodatkowe regulatora temperatury Warmtec PRT-01<\/h2>\n<ul>\n<li><strong>Wifi i sterowanie aplikacj\u0105<\/strong> &#8211; pobierz i zainstaluj aplikacj\u0119 (Tuya Smart), dzi\u0119ki kt\u00f3rej regulacja temperatury jest prosta i wygodna,<\/li>\n<li><strong>plan<\/strong> &#8211; funkcja ta pozwala ustali\u0107 harmonogram ogrzewania w jednym wybranym systemie z 3 dost\u0119pnych: Dni powszednie\/weekend, 7-dniowy, 6+1 (niezale\u017cnie sobota),<\/li>\n<li><strong>tryb urlopowy<\/strong> &#8211; termostat umo\u017cliwia obni\u017cenie temperatury w dowolnie wybranym okresie, np. gdy wyje\u017cd\u017camy na urlop, a po jego up\u0142ywie automatycznie wraca do normalnej pracy, dzi\u0119ki temu mo\u017cna zaoszcz\u0119dzi\u0107 energi\u0119 elektryczn\u0105,<\/li>\n<li><strong>regulacja histerezy<\/strong> &#8211; urz\u0105dzenie pozwala indywidualnie dopasowa\u0107 warto\u015b\u0107 histerezy w zakresie od 0,5 do 2,5\u00b0 C,<\/li>\n<li><strong>funkcja antyzamarzaniowa<\/strong> &#8211; umo\u017cliwia ustawienie ochrony przed nadmiernym wych\u0142odzeniem pomieszczenia (np. w czasie nieobecno\u015bci) &#8211; ogrzewanie za\u0142\u0105cza si\u0119 w momencie spadku temperatury poni\u017cej zadanej temperatury (domy\u015blnie 5\u00b0 C, regulacja w zakresie od 5 do 10\u00b0 C),<\/li>\n<li><strong>funkcja otwartego okna<\/strong> &#8211; w przypadku gwa\u0142townego spadku temperatury o 1,5 \u00b0C lub wi\u0119cej w ci\u0105gu 1 minuty, zasilanie elektryczne jest od\u0142\u0105czone, a proces ogrzewania blokowany na okres 30 minut. Szybki spadek temperatury mo\u017ce by\u0107 spowodowany otwarciem okna lub przewietrzeniem pomieszczenia, st\u0105d te\u017c pochodzi nazwa funkcji,<\/li>\n<li><strong>blokada ekranu<\/strong> &#8211; termostat umo\u017cliwia zablokowanie zmiany ustawie\u0144, w celu np. ochrony przed dzie\u0107mi,<\/li>\n<li><strong>pami\u0119\u0107 ustawie\u0144<\/strong> &#8211; w przypadku utraty zasilania regulator zapisuje ustawione parametry pracy i po jego przywr\u00f3ceniu wznawia dzia\u0142anie na dotychczasowych ustawieniach.<\/li>\n<\/ul>\n<p>Termostat mo\u017ce pracowa\u0107 w jednym z wybranych tryb\u00f3w:<\/p>\n<ul>\n<li>r\u0119czny (bez programowania),<\/li>\n<li>programowalny.<\/li>\n<\/ul>\n<p>Urz\u0105dzenie pozwala na programowanie do <strong>6 zmian na dob\u0119<\/strong> (w zale\u017cno\u015bci od trybu pracy) z mo\u017cliwo\u015bci\u0105 w\u0142\u0105czenia poni\u017cszych program\u00f3w:<\/p>\n<ul>\n<li>7 dniowy (jednakowe ustawienia na wszystkie dni tygodnia),<\/li>\n<li>6 + 1 (niezale\u017cnie niedziela),<\/li>\n<li>dni powszednie \/ weekend<\/li>\n<\/ul>\n<p>Regulator fabrycznie wyposa\u017cony jest w dwa czujniki temperatury, z kt\u00f3rych jeden (<strong>powietrzny<\/strong>) mie\u015bci si\u0119 wewn\u0105trz obudowy, natomiast drugi (<strong>pod\u0142ogowy<\/strong>) pod\u0142\u0105czany jest przewodem o d\u0142ugo\u015bci 3 m. W zale\u017cno\u015bci od pod\u0142\u0105czonych czujnik\u00f3w dost\u0119pne s\u0105 poni\u017csze opcje do wyboru:<\/p>\n<ul>\n<li>wbudowany czujnik powietrzny,<\/li>\n<li>czujnik pod\u0142ogowy,<\/li>\n<li>czujnik powietrzny i pod\u0142ogowy.<\/li>\n<\/ul>\n<p>Urz\u0105dzenie przystosowane jest do monta\u017cu w <strong>standardow\u0105 puszk\u0119 elektroinstalacyjn\u0105 (podtynkow\u0105)<\/strong>, kt\u00f3ra jest popularnym akcesorium przy instalacjach elektrycznych.<\/p>\n<p>Po\u0142\u0105czenie Wi-Fi mo\u017cliwe wy\u0142\u0105cznie na cz\u0119stotliwo\u015bci 2,4 GHz.<\/p>\n<h2>Co wchodzi w sk\u0142ad zestawu?<\/h2>\n<ul>\n<li>regulator temperatury Warmtec PRT-01 z wbudowanym czujnikiem powietrznym,<\/li>\n<li>zewn\u0119trzny czujnik na przewodzie o d\u0142ugo\u015bci 3m,<\/li>\n<li>instrukcja obs\u0142ugi i monta\u017cu w j\u0119zyku polskim,<\/li>\n<li>karta gwarancyjna.<\/li>\n<\/ul>\n<p>&nbsp;<\/p>\n<p><a href=\"https:\/\/emultimax.pl\/settings.php?getAttachmentp=64279_350_938a918cb1305018fc08b7d863789e1b\"><strong>&gt;&gt;INSTRUKCJA OBS\u0141UGI&lt;&lt;<\/strong><\/a><\/p>\n","protected":false},"excerpt":{"rendered":"<p><strong>Regulator temperatury Warmtec PRT-01<\/strong> to <strong>dwuczujnikowy<\/strong> termostat <strong>elektroniczny<\/strong>, z mo\u017cliwo\u015bci\u0105 programowania oraz sterowania Wi-Fi, za po\u015brednictwem <strong>aplikacji<\/strong> zainstalowanej na urz\u0105dzeniu mobilnym z systemem Android lub iOS. Wyposa\u017cony zosta\u0142 w nowoczesny, <strong>dotykowy<\/strong> wy\u015bwietlacz LCD.<\/p>\n<p>Regulator Warmtec PRT-01 przeznaczony jest m. in. do sterowania:<\/p>\n<ul>\n<li>elektrycznym ogrzewaniem pod\u0142ogowym (maty i folie grzewcze),<\/li>\n<li>grzejnikami elektrycznymi,<\/li>\n<li>piecami akumulacyjnymi,<\/li>\n<li>przewodami grzewczymi.<\/li>\n<\/ul>\n","protected":false},"featured_media":5803,"comment_status":"open","ping_status":"closed","template":"","meta":{"ocean_post_layout":"","ocean_both_sidebars_style":"","ocean_both_sidebars_content_width":0,"ocean_both_sidebars_sidebars_width":0,"ocean_sidebar":"0","ocean_second_sidebar":"0","ocean_disable_margins":"enable","ocean_add_body_class":"","ocean_shortcode_before_top_bar":"","ocean_shortcode_after_top_bar":"","ocean_shortcode_before_header":"","ocean_shortcode_after_header":"","ocean_has_shortcode":"","ocean_shortcode_after_title":"","ocean_shortcode_before_footer_widgets":"","ocean_shortcode_after_footer_widgets":"","ocean_shortcode_before_footer_bottom":"","ocean_shortcode_after_footer_bottom":"","ocean_display_top_bar":"default","ocean_display_header":"default","ocean_header_style":"","ocean_center_header_left_menu":"0","ocean_custom_header_template":"0","ocean_custom_logo":0,"ocean_custom_retina_logo":0,"ocean_custom_logo_max_width":0,"ocean_custom_logo_tablet_max_width":0,"ocean_custom_logo_mobile_max_width":0,"ocean_custom_logo_max_height":0,"ocean_custom_logo_tablet_max_height":0,"ocean_custom_logo_mobile_max_height":0,"ocean_header_custom_menu":"0","ocean_menu_typo_font_family":"0","ocean_menu_typo_font_subset":"","ocean_menu_typo_font_size":0,"ocean_menu_typo_font_size_tablet":0,"ocean_menu_typo_font_size_mobile":0,"ocean_menu_typo_font_size_unit":"px","ocean_menu_typo_font_weight":"","ocean_menu_typo_font_weight_tablet":"","ocean_menu_typo_font_weight_mobile":"","ocean_menu_typo_transform":"","ocean_menu_typo_transform_tablet":"","ocean_menu_typo_transform_mobile":"","ocean_menu_typo_line_height":0,"ocean_menu_typo_line_height_tablet":0,"ocean_menu_typo_line_height_mobile":0,"ocean_menu_typo_line_height_unit":"","ocean_menu_typo_spacing":0,"ocean_menu_typo_spacing_tablet":0,"ocean_menu_typo_spacing_mobile":0,"ocean_menu_typo_spacing_unit":"","ocean_menu_link_color":"#5b02f4","ocean_menu_link_color_hover":"","ocean_menu_link_color_active":"","ocean_menu_link_background":"","ocean_menu_link_hover_background":"","ocean_menu_link_active_background":"","ocean_menu_social_links_bg":"","ocean_menu_social_hover_links_bg":"","ocean_menu_social_links_color":"","ocean_menu_social_hover_links_color":"","ocean_disable_title":"default","ocean_disable_heading":"default","ocean_post_title":"","ocean_post_subheading":"","ocean_post_title_style":"","ocean_post_title_background_color":"","ocean_post_title_background":0,"ocean_post_title_bg_image_position":"","ocean_post_title_bg_image_attachment":"","ocean_post_title_bg_image_repeat":"","ocean_post_title_bg_image_size":"","ocean_post_title_height":0,"ocean_post_title_bg_overlay":0.5,"ocean_post_title_bg_overlay_color":"","ocean_disable_breadcrumbs":"default","ocean_breadcrumbs_color":"","ocean_breadcrumbs_separator_color":"","ocean_breadcrumbs_links_color":"","ocean_breadcrumbs_links_hover_color":"","ocean_display_footer_widgets":"default","ocean_display_footer_bottom":"default","ocean_custom_footer_template":"0"},"product_brand":[],"product_cat":[66],"product_tag":[],"class_list":{"0":"post-5799","1":"product","2":"type-product","3":"status-publish","4":"has-post-thumbnail","6":"product_cat-regulator","7":"product_shipping_class-male","9":"entry","10":"has-media","12":"first","13":"instock","14":"taxable","15":"shipping-taxable","16":"purchasable","17":"product-type-simple","18":"has-product-nav","19":"col","20":"span_1_of_3","21":"owp-content-center","22":"item-entry","23":"owp-thumbs-layout-horizontal","24":"owp-btn-normal","25":"owp-tabs-layout-horizontal"},"yoast_head":"<!-- This site is optimized with the Yoast SEO plugin v27.4 - https:\/\/yoast.com\/product\/yoast-seo-wordpress\/ -->\n<title>TERMOSTAT Warmtec PRT-01 WiFi Regulator Temperatury Bia\u0142y - KARDO Sklep - Ogrzewanie pod\u0142ogowe i systemy grzejne<\/title>\n<meta name=\"robots\" content=\"index, follow, max-snippet:-1, max-image-preview:large, max-video-preview:-1\" \/>\n<link rel=\"canonical\" href=\"https:\/\/kardosystems.com\/sklep\/produkt\/termostat-warmtec-bialy\/\" \/>\n<meta property=\"og:locale\" content=\"pl_PL\" \/>\n<meta property=\"og:type\" content=\"article\" \/>\n<meta property=\"og:title\" content=\"TERMOSTAT Warmtec PRT-01 WiFi Regulator Temperatury Bia\u0142y - KARDO Sklep - Ogrzewanie pod\u0142ogowe i systemy grzejne\" \/>\n<meta property=\"og:description\" content=\"Regulator temperatury Warmtec PRT-01 to dwuczujnikowy termostat elektroniczny, z mo\u017cliwo\u015bci\u0105 programowania oraz sterowania Wi-Fi, za po\u015brednictwem aplikacji zainstalowanej na urz\u0105dzeniu mobilnym z systemem Android lub iOS. Wyposa\u017cony zosta\u0142 w nowoczesny, dotykowy wy\u015bwietlacz LCD.  Regulator Warmtec PRT-01 przeznaczony jest m. in. do sterowania:   elektrycznym ogrzewaniem pod\u0142ogowym (maty i folie grzewcze),  grzejnikami elektrycznymi,  piecami akumulacyjnymi,  przewodami grzewczymi.\" \/>\n<meta property=\"og:url\" content=\"https:\/\/kardosystems.com\/sklep\/produkt\/termostat-warmtec-bialy\/\" \/>\n<meta property=\"og:site_name\" content=\"KARDO Sklep - Ogrzewanie pod\u0142ogowe i systemy grzejne\" \/>\n<meta property=\"article:modified_time\" content=\"2025-01-09T18:41:36+00:00\" \/>\n<meta property=\"og:image\" content=\"https:\/\/kardosystems.com\/sklep\/wp-content\/uploads\/2024\/08\/1.png\" \/>\n\t<meta property=\"og:image:width\" content=\"450\" \/>\n\t<meta property=\"og:image:height\" content=\"450\" \/>\n\t<meta property=\"og:image:type\" content=\"image\/png\" \/>\n<meta name=\"twitter:card\" content=\"summary_large_image\" \/>\n<meta name=\"twitter:label1\" content=\"Szacowany czas czytania\" \/>\n\t<meta name=\"twitter:data1\" content=\"3 minuty\" \/>\n<script type=\"application\/ld+json\" class=\"yoast-schema-graph\">{\"@context\":\"https:\\\/\\\/schema.org\",\"@graph\":[{\"@type\":\"WebPage\",\"@id\":\"https:\\\/\\\/kardosystems.com\\\/sklep\\\/produkt\\\/termostat-warmtec-bialy\\\/\",\"url\":\"https:\\\/\\\/kardosystems.com\\\/sklep\\\/produkt\\\/termostat-warmtec-bialy\\\/\",\"name\":\"TERMOSTAT Warmtec PRT-01 WiFi Regulator Temperatury Bia\u0142y - KARDO Sklep - Ogrzewanie pod\u0142ogowe i systemy grzejne\",\"isPartOf\":{\"@id\":\"https:\\\/\\\/kardosystems.com\\\/sklep\\\/#website\"},\"primaryImageOfPage\":{\"@id\":\"https:\\\/\\\/kardosystems.com\\\/sklep\\\/produkt\\\/termostat-warmtec-bialy\\\/#primaryimage\"},\"image\":{\"@id\":\"https:\\\/\\\/kardosystems.com\\\/sklep\\\/produkt\\\/termostat-warmtec-bialy\\\/#primaryimage\"},\"thumbnailUrl\":\"https:\\\/\\\/kardosystems.com\\\/sklep\\\/wp-content\\\/uploads\\\/2024\\\/08\\\/1.png\",\"datePublished\":\"2024-08-27T09:06:06+00:00\",\"dateModified\":\"2025-01-09T18:41:36+00:00\",\"breadcrumb\":{\"@id\":\"https:\\\/\\\/kardosystems.com\\\/sklep\\\/produkt\\\/termostat-warmtec-bialy\\\/#breadcrumb\"},\"inLanguage\":\"pl-PL\",\"potentialAction\":[{\"@type\":\"ReadAction\",\"target\":[\"https:\\\/\\\/kardosystems.com\\\/sklep\\\/produkt\\\/termostat-warmtec-bialy\\\/\"]}]},{\"@type\":\"ImageObject\",\"inLanguage\":\"pl-PL\",\"@id\":\"https:\\\/\\\/kardosystems.com\\\/sklep\\\/produkt\\\/termostat-warmtec-bialy\\\/#primaryimage\",\"url\":\"https:\\\/\\\/kardosystems.com\\\/sklep\\\/wp-content\\\/uploads\\\/2024\\\/08\\\/1.png\",\"contentUrl\":\"https:\\\/\\\/kardosystems.com\\\/sklep\\\/wp-content\\\/uploads\\\/2024\\\/08\\\/1.png\",\"width\":450,\"height\":450},{\"@type\":\"BreadcrumbList\",\"@id\":\"https:\\\/\\\/kardosystems.com\\\/sklep\\\/produkt\\\/termostat-warmtec-bialy\\\/#breadcrumb\",\"itemListElement\":[{\"@type\":\"ListItem\",\"position\":1,\"name\":\"Strona g\u0142\u00f3wna\",\"item\":\"https:\\\/\\\/kardosystems.com\\\/sklep\\\/\"},{\"@type\":\"ListItem\",\"position\":2,\"name\":\"Wszystkie produkty\",\"item\":\"https:\\\/\\\/kardosystems.com\\\/sklep\\\/produkty\\\/\"},{\"@type\":\"ListItem\",\"position\":3,\"name\":\"TERMOSTAT Warmtec PRT-01 WiFi Regulator Temperatury Bia\u0142y\"}]},{\"@type\":\"WebSite\",\"@id\":\"https:\\\/\\\/kardosystems.com\\\/sklep\\\/#website\",\"url\":\"https:\\\/\\\/kardosystems.com\\\/sklep\\\/\",\"name\":\"KARDO Sklep - Ogrzewanie pod\u0142ogowe i systemy grzejne\",\"description\":\"Systemy KARDO izolacyjno grzewcze\",\"publisher\":{\"@id\":\"https:\\\/\\\/kardosystems.com\\\/sklep\\\/#organization\"},\"potentialAction\":[{\"@type\":\"SearchAction\",\"target\":{\"@type\":\"EntryPoint\",\"urlTemplate\":\"https:\\\/\\\/kardosystems.com\\\/sklep\\\/?s={search_term_string}\"},\"query-input\":{\"@type\":\"PropertyValueSpecification\",\"valueRequired\":true,\"valueName\":\"search_term_string\"}}],\"inLanguage\":\"pl-PL\"},{\"@type\":\"Organization\",\"@id\":\"https:\\\/\\\/kardosystems.com\\\/sklep\\\/#organization\",\"name\":\"KARDO SYSTEMS\",\"url\":\"https:\\\/\\\/kardosystems.com\\\/sklep\\\/\",\"logo\":{\"@type\":\"ImageObject\",\"inLanguage\":\"pl-PL\",\"@id\":\"https:\\\/\\\/kardosystems.com\\\/sklep\\\/#\\\/schema\\\/logo\\\/image\\\/\",\"url\":\"https:\\\/\\\/kardosystems.com\\\/sklep\\\/wp-content\\\/uploads\\\/2020\\\/06\\\/cropped-logosdsdsd.png\",\"contentUrl\":\"https:\\\/\\\/kardosystems.com\\\/sklep\\\/wp-content\\\/uploads\\\/2020\\\/06\\\/cropped-logosdsdsd.png\",\"width\":512,\"height\":512,\"caption\":\"KARDO SYSTEMS\"},\"image\":{\"@id\":\"https:\\\/\\\/kardosystems.com\\\/sklep\\\/#\\\/schema\\\/logo\\\/image\\\/\"}}]}<\/script>\n<!-- \/ Yoast SEO plugin. -->","yoast_head_json":{"title":"TERMOSTAT Warmtec PRT-01 WiFi Regulator Temperatury Bia\u0142y - KARDO Sklep - Ogrzewanie pod\u0142ogowe i systemy grzejne","robots":{"index":"index","follow":"follow","max-snippet":"max-snippet:-1","max-image-preview":"max-image-preview:large","max-video-preview":"max-video-preview:-1"},"canonical":"https:\/\/kardosystems.com\/sklep\/produkt\/termostat-warmtec-bialy\/","og_locale":"pl_PL","og_type":"article","og_title":"TERMOSTAT Warmtec PRT-01 WiFi Regulator Temperatury Bia\u0142y - KARDO Sklep - Ogrzewanie pod\u0142ogowe i systemy grzejne","og_description":"Regulator temperatury Warmtec PRT-01 to dwuczujnikowy termostat elektroniczny, z mo\u017cliwo\u015bci\u0105 programowania oraz sterowania Wi-Fi, za po\u015brednictwem aplikacji zainstalowanej na urz\u0105dzeniu mobilnym z systemem Android lub iOS. Wyposa\u017cony zosta\u0142 w nowoczesny, dotykowy wy\u015bwietlacz LCD.  Regulator Warmtec PRT-01 przeznaczony jest m. in. do sterowania:   elektrycznym ogrzewaniem pod\u0142ogowym (maty i folie grzewcze),  grzejnikami elektrycznymi,  piecami akumulacyjnymi,  przewodami grzewczymi.","og_url":"https:\/\/kardosystems.com\/sklep\/produkt\/termostat-warmtec-bialy\/","og_site_name":"KARDO Sklep - Ogrzewanie pod\u0142ogowe i systemy grzejne","article_modified_time":"2025-01-09T18:41:36+00:00","og_image":[{"width":450,"height":450,"url":"https:\/\/kardosystems.com\/sklep\/wp-content\/uploads\/2024\/08\/1.png","type":"image\/png"}],"twitter_card":"summary_large_image","twitter_misc":{"Szacowany czas czytania":"3 minuty"},"schema":{"@context":"https:\/\/schema.org","@graph":[{"@type":"WebPage","@id":"https:\/\/kardosystems.com\/sklep\/produkt\/termostat-warmtec-bialy\/","url":"https:\/\/kardosystems.com\/sklep\/produkt\/termostat-warmtec-bialy\/","name":"TERMOSTAT Warmtec PRT-01 WiFi Regulator Temperatury Bia\u0142y - KARDO Sklep - Ogrzewanie pod\u0142ogowe i systemy grzejne","isPartOf":{"@id":"https:\/\/kardosystems.com\/sklep\/#website"},"primaryImageOfPage":{"@id":"https:\/\/kardosystems.com\/sklep\/produkt\/termostat-warmtec-bialy\/#primaryimage"},"image":{"@id":"https:\/\/kardosystems.com\/sklep\/produkt\/termostat-warmtec-bialy\/#primaryimage"},"thumbnailUrl":"https:\/\/kardosystems.com\/sklep\/wp-content\/uploads\/2024\/08\/1.png","datePublished":"2024-08-27T09:06:06+00:00","dateModified":"2025-01-09T18:41:36+00:00","breadcrumb":{"@id":"https:\/\/kardosystems.com\/sklep\/produkt\/termostat-warmtec-bialy\/#breadcrumb"},"inLanguage":"pl-PL","potentialAction":[{"@type":"ReadAction","target":["https:\/\/kardosystems.com\/sklep\/produkt\/termostat-warmtec-bialy\/"]}]},{"@type":"ImageObject","inLanguage":"pl-PL","@id":"https:\/\/kardosystems.com\/sklep\/produkt\/termostat-warmtec-bialy\/#primaryimage","url":"https:\/\/kardosystems.com\/sklep\/wp-content\/uploads\/2024\/08\/1.png","contentUrl":"https:\/\/kardosystems.com\/sklep\/wp-content\/uploads\/2024\/08\/1.png","width":450,"height":450},{"@type":"BreadcrumbList","@id":"https:\/\/kardosystems.com\/sklep\/produkt\/termostat-warmtec-bialy\/#breadcrumb","itemListElement":[{"@type":"ListItem","position":1,"name":"Strona g\u0142\u00f3wna","item":"https:\/\/kardosystems.com\/sklep\/"},{"@type":"ListItem","position":2,"name":"Wszystkie produkty","item":"https:\/\/kardosystems.com\/sklep\/produkty\/"},{"@type":"ListItem","position":3,"name":"TERMOSTAT Warmtec PRT-01 WiFi Regulator Temperatury Bia\u0142y"}]},{"@type":"WebSite","@id":"https:\/\/kardosystems.com\/sklep\/#website","url":"https:\/\/kardosystems.com\/sklep\/","name":"KARDO Sklep - Ogrzewanie pod\u0142ogowe i systemy grzejne","description":"Systemy KARDO izolacyjno grzewcze","publisher":{"@id":"https:\/\/kardosystems.com\/sklep\/#organization"},"potentialAction":[{"@type":"SearchAction","target":{"@type":"EntryPoint","urlTemplate":"https:\/\/kardosystems.com\/sklep\/?s={search_term_string}"},"query-input":{"@type":"PropertyValueSpecification","valueRequired":true,"valueName":"search_term_string"}}],"inLanguage":"pl-PL"},{"@type":"Organization","@id":"https:\/\/kardosystems.com\/sklep\/#organization","name":"KARDO SYSTEMS","url":"https:\/\/kardosystems.com\/sklep\/","logo":{"@type":"ImageObject","inLanguage":"pl-PL","@id":"https:\/\/kardosystems.com\/sklep\/#\/schema\/logo\/image\/","url":"https:\/\/kardosystems.com\/sklep\/wp-content\/uploads\/2020\/06\/cropped-logosdsdsd.png","contentUrl":"https:\/\/kardosystems.com\/sklep\/wp-content\/uploads\/2020\/06\/cropped-logosdsdsd.png","width":512,"height":512,"caption":"KARDO SYSTEMS"},"image":{"@id":"https:\/\/kardosystems.com\/sklep\/#\/schema\/logo\/image\/"}}]}},"_links":{"self":[{"href":"https:\/\/kardosystems.com\/sklep\/wp-json\/wp\/v2\/product\/5799","targetHints":{"allow":["GET"]}}],"collection":[{"href":"https:\/\/kardosystems.com\/sklep\/wp-json\/wp\/v2\/product"}],"about":[{"href":"https:\/\/kardosystems.com\/sklep\/wp-json\/wp\/v2\/types\/product"}],"replies":[{"embeddable":true,"href":"https:\/\/kardosystems.com\/sklep\/wp-json\/wp\/v2\/comments?post=5799"}],"version-history":[{"count":4,"href":"https:\/\/kardosystems.com\/sklep\/wp-json\/wp\/v2\/product\/5799\/revisions"}],"predecessor-version":[{"id":5828,"href":"https:\/\/kardosystems.com\/sklep\/wp-json\/wp\/v2\/product\/5799\/revisions\/5828"}],"wp:featuredmedia":[{"embeddable":true,"href":"https:\/\/kardosystems.com\/sklep\/wp-json\/wp\/v2\/media\/5803"}],"wp:attachment":[{"href":"https:\/\/kardosystems.com\/sklep\/wp-json\/wp\/v2\/media?parent=5799"}],"wp:term":[{"taxonomy":"product_brand","embeddable":true,"href":"https:\/\/kardosystems.com\/sklep\/wp-json\/wp\/v2\/product_brand?post=5799"},{"taxonomy":"product_cat","embeddable":true,"href":"https:\/\/kardosystems.com\/sklep\/wp-json\/wp\/v2\/product_cat?post=5799"},{"taxonomy":"product_tag","embeddable":true,"href":"https:\/\/kardosystems.com\/sklep\/wp-json\/wp\/v2\/product_tag?post=5799"}],"curies":[{"name":"wp","href":"https:\/\/api.w.org\/{rel}","templated":true}]}}