{"id":4507,"date":"2023-12-05T11:05:35","date_gmt":"2023-12-05T10:05:35","guid":{"rendered":"https:\/\/kardosystems.com\/sklep\/?post_type=product&#038;p=4507"},"modified":"2025-11-18T16:36:46","modified_gmt":"2025-11-18T15:36:46","slug":"regulator-fc2-controller-do-rozmrazania-podjazdow-rynien-schodow","status":"publish","type":"product","link":"https:\/\/kardosystems.com\/sklep\/produkt\/regulator-fc2-controller-do-rozmrazania-podjazdow-rynien-schodow\/","title":{"rendered":"Regulator FC2 Controller | Do rozmra\u017cania Podjazd\u00f3w Rynien Schod\u00f3w"},"content":{"rendered":"\t\t<div data-elementor-type=\"wp-post\" data-elementor-id=\"4507\" class=\"elementor elementor-4507\" data-elementor-post-type=\"product\">\n\t\t\t\t\t\t<section class=\"elementor-section elementor-top-section elementor-element elementor-element-6a3ec7f elementor-section-boxed elementor-section-height-default elementor-section-height-default\" data-id=\"6a3ec7f\" data-element_type=\"section\" data-e-type=\"section\">\n\t\t\t\t\t\t<div class=\"elementor-container elementor-column-gap-default\">\n\t\t\t\t\t<div class=\"elementor-column elementor-col-100 elementor-top-column elementor-element elementor-element-5f231bf2\" data-id=\"5f231bf2\" data-element_type=\"column\" data-e-type=\"column\">\n\t\t\t<div class=\"elementor-widget-wrap elementor-element-populated\">\n\t\t\t\t\t\t<div class=\"elementor-element elementor-element-5d3b3f9b elementor-widget elementor-widget-text-editor\" data-id=\"5d3b3f9b\" data-element_type=\"widget\" data-e-type=\"widget\" data-widget_type=\"text-editor.default\">\n\t\t\t\t<div class=\"elementor-widget-container\">\n\t\t\t\t\t\t\t\t\t<p>Elektroniczny regulator <strong>FC 2 CONTROLLER<\/strong> przeznaczony jest do sterowania systemami grzewczymi ochrony przed \u015bniegiem i lodem. Sk\u0142ada si\u0119 z modu\u0142u g\u0142\u00f3wnego sterownika montowanego na szynie DIN oraz czujnik\u00f3w do pomiaru temperatury i wilgoci. Wyst\u0119puje pod nazw\u0105 FC 2 SG, jako komplet do kontroli ogrzewania schod\u00f3w, chodnik\u00f3w i podjazd\u00f3w, wyposa\u017cony w gruntowy czujnik wilgoci (SG) oraz FC 2 SR, jako komplet do sterowania systemem antyoblodzeniowym rynien i rur spustowych z rynnowym czujnikiem wilgoci (SR).<\/p><p><strong>Dane techniczne:<\/strong><\/p><p>Napi\u0119cie zasilaj\u0105ce:<strong> 230V, 50\u201360Hz<\/strong><br \/>Przeka\u017anik wyj\u015bciowy:<strong> 15A, 230V<\/strong><br \/>Monta\u017c:<strong> na szynie DIN (6 modu\u0142\u00f3w)<\/strong><br \/>Zakres regulacji temperatury: <strong>-4\u00b0C \u00f7 5\u00b0C<\/strong><\/p><p><a href=\"https:\/\/kardosystems.com\/sklep\/wp-content\/uploads\/2022\/05\/instrukcja-FC2-najnowsza-kardo.pdf\"><strong><span style=\"text-decoration: underline;\">*** Kliknij, by pobra\u0107 instrukcj\u0119 ***<\/span><\/strong><\/a><\/p>\t\t\t\t\t\t\t\t<\/div>\n\t\t\t\t<\/div>\n\t\t\t\t\t<\/div>\n\t\t<\/div>\n\t\t\t\t\t<\/div>\n\t\t<\/section>\n\t\t\t\t<\/div>\n\t\t","protected":false},"excerpt":{"rendered":"<p>Elektroniczny regulator <strong>FC 2 CONTROLLER<\/strong> przeznaczony jest do sterowania dachowymi i rynnowymi systemami grzewczymi ochrony przed \u015bniegiem i lodem.<\/p>\n<p>Wsp\u00f3\u0142pracuje z czujnikiem temperatury (TS) i gruntowym czujnikiem wilgoci (SG). Na innych aukcjach kupisz go w zestawie z tymi czujnikami<\/p>\n<p>&nbsp;<\/p>\n","protected":false},"featured_media":4509,"comment_status":"open","ping_status":"closed","template":"","meta":{"ocean_post_layout":"","ocean_both_sidebars_style":"","ocean_both_sidebars_content_width":0,"ocean_both_sidebars_sidebars_width":0,"ocean_sidebar":"0","ocean_second_sidebar":"0","ocean_disable_margins":"enable","ocean_add_body_class":"","ocean_shortcode_before_top_bar":"","ocean_shortcode_after_top_bar":"","ocean_shortcode_before_header":"","ocean_shortcode_after_header":"","ocean_has_shortcode":"","ocean_shortcode_after_title":"","ocean_shortcode_before_footer_widgets":"","ocean_shortcode_after_footer_widgets":"","ocean_shortcode_before_footer_bottom":"","ocean_shortcode_after_footer_bottom":"","ocean_display_top_bar":"default","ocean_display_header":"default","ocean_header_style":"","ocean_center_header_left_menu":"0","ocean_custom_header_template":"0","ocean_custom_logo":0,"ocean_custom_retina_logo":0,"ocean_custom_logo_max_width":0,"ocean_custom_logo_tablet_max_width":0,"ocean_custom_logo_mobile_max_width":0,"ocean_custom_logo_max_height":0,"ocean_custom_logo_tablet_max_height":0,"ocean_custom_logo_mobile_max_height":0,"ocean_header_custom_menu":"0","ocean_menu_typo_font_family":"0","ocean_menu_typo_font_subset":"","ocean_menu_typo_font_size":0,"ocean_menu_typo_font_size_tablet":0,"ocean_menu_typo_font_size_mobile":0,"ocean_menu_typo_font_size_unit":"px","ocean_menu_typo_font_weight":"","ocean_menu_typo_font_weight_tablet":"","ocean_menu_typo_font_weight_mobile":"","ocean_menu_typo_transform":"","ocean_menu_typo_transform_tablet":"","ocean_menu_typo_transform_mobile":"","ocean_menu_typo_line_height":0,"ocean_menu_typo_line_height_tablet":0,"ocean_menu_typo_line_height_mobile":0,"ocean_menu_typo_line_height_unit":"","ocean_menu_typo_spacing":0,"ocean_menu_typo_spacing_tablet":0,"ocean_menu_typo_spacing_mobile":0,"ocean_menu_typo_spacing_unit":"","ocean_menu_link_color":"","ocean_menu_link_color_hover":"","ocean_menu_link_color_active":"","ocean_menu_link_background":"","ocean_menu_link_hover_background":"","ocean_menu_link_active_background":"","ocean_menu_social_links_bg":"","ocean_menu_social_hover_links_bg":"","ocean_menu_social_links_color":"","ocean_menu_social_hover_links_color":"","ocean_disable_title":"on","ocean_disable_heading":"default","ocean_post_title":"","ocean_post_subheading":"","ocean_post_title_style":"","ocean_post_title_background_color":"","ocean_post_title_background":0,"ocean_post_title_bg_image_position":"","ocean_post_title_bg_image_attachment":"","ocean_post_title_bg_image_repeat":"","ocean_post_title_bg_image_size":"","ocean_post_title_height":0,"ocean_post_title_bg_overlay":0.5,"ocean_post_title_bg_overlay_color":"","ocean_disable_breadcrumbs":"default","ocean_breadcrumbs_color":"","ocean_breadcrumbs_separator_color":"","ocean_breadcrumbs_links_color":"","ocean_breadcrumbs_links_hover_color":"","ocean_display_footer_widgets":"default","ocean_display_footer_bottom":"default","ocean_custom_footer_template":"0"},"product_brand":[],"product_cat":[152,66],"product_tag":[81,120,115,117,208,119,121,116,83,207],"class_list":{"0":"post-4507","1":"product","2":"type-product","3":"status-publish","4":"has-post-thumbnail","6":"product_cat-antyoblodzeniowe","7":"product_cat-regulator","8":"product_tag-antyoblodzenie","9":"product_tag-cieplo","10":"product_tag-czujnik","11":"product_tag-elektronika","12":"product_tag-fc2","13":"product_tag-kontroler","14":"product_tag-oblodzenie","15":"product_tag-regulator","16":"product_tag-rozmrozenie","17":"product_tag-sg","18":"product_shipping_class-male","20":"entry","21":"has-media","23":"first","24":"instock","25":"featured","26":"taxable","27":"shipping-taxable","28":"purchasable","29":"product-type-simple","30":"has-product-nav","31":"col","32":"span_1_of_3","33":"owp-content-center","34":"item-entry","35":"owp-thumbs-layout-horizontal","36":"owp-btn-normal","37":"owp-tabs-layout-horizontal","38":"has-no-thumbnails"},"yoast_head":"<!-- This site is optimized with the Yoast SEO plugin v27.4 - https:\/\/yoast.com\/product\/yoast-seo-wordpress\/ -->\n<title>Regulator FC2 Controller | Do rozmra\u017cania Podjazd\u00f3w Rynien Schod\u00f3w - KARDO Sklep - Ogrzewanie pod\u0142ogowe i systemy grzejne<\/title>\n<meta name=\"robots\" content=\"index, follow, max-snippet:-1, max-image-preview:large, max-video-preview:-1\" \/>\n<link rel=\"canonical\" href=\"https:\/\/kardosystems.com\/sklep\/produkt\/regulator-fc2-controller-do-rozmrazania-podjazdow-rynien-schodow\/\" \/>\n<meta property=\"og:locale\" content=\"pl_PL\" \/>\n<meta property=\"og:type\" content=\"article\" \/>\n<meta property=\"og:title\" content=\"Regulator FC2 Controller | Do rozmra\u017cania Podjazd\u00f3w Rynien Schod\u00f3w - KARDO Sklep - Ogrzewanie pod\u0142ogowe i systemy grzejne\" \/>\n<meta property=\"og:description\" content=\"Elektroniczny regulator FC 2 CONTROLLER przeznaczony jest do sterowania dachowymi i rynnowymi systemami grzewczymi ochrony przed \u015bniegiem i lodem.  Wsp\u00f3\u0142pracuje z czujnikiem temperatury (TS) i gruntowym czujnikiem wilgoci (SG). Na innych aukcjach kupisz go w zestawie z tymi czujnikami  &nbsp;\" \/>\n<meta property=\"og:url\" content=\"https:\/\/kardosystems.com\/sklep\/produkt\/regulator-fc2-controller-do-rozmrazania-podjazdow-rynien-schodow\/\" \/>\n<meta property=\"og:site_name\" content=\"KARDO Sklep - Ogrzewanie pod\u0142ogowe i systemy grzejne\" \/>\n<meta property=\"article:modified_time\" content=\"2025-11-18T15:36:46+00:00\" \/>\n<meta property=\"og:image\" content=\"https:\/\/kardosystems.com\/sklep\/wp-content\/uploads\/2023\/12\/FC2-Control.png\" \/>\n\t<meta property=\"og:image:width\" content=\"462\" \/>\n\t<meta property=\"og:image:height\" content=\"462\" \/>\n\t<meta property=\"og:image:type\" content=\"image\/png\" \/>\n<meta name=\"twitter:card\" content=\"summary_large_image\" \/>\n<meta name=\"twitter:label1\" content=\"Szacowany czas czytania\" \/>\n\t<meta name=\"twitter:data1\" content=\"1 minuta\" \/>\n<script type=\"application\/ld+json\" class=\"yoast-schema-graph\">{\"@context\":\"https:\\\/\\\/schema.org\",\"@graph\":[{\"@type\":\"WebPage\",\"@id\":\"https:\\\/\\\/kardosystems.com\\\/sklep\\\/produkt\\\/regulator-fc2-controller-do-rozmrazania-podjazdow-rynien-schodow\\\/\",\"url\":\"https:\\\/\\\/kardosystems.com\\\/sklep\\\/produkt\\\/regulator-fc2-controller-do-rozmrazania-podjazdow-rynien-schodow\\\/\",\"name\":\"Regulator FC2 Controller | Do rozmra\u017cania Podjazd\u00f3w Rynien Schod\u00f3w - KARDO Sklep - Ogrzewanie pod\u0142ogowe i systemy grzejne\",\"isPartOf\":{\"@id\":\"https:\\\/\\\/kardosystems.com\\\/sklep\\\/#website\"},\"primaryImageOfPage\":{\"@id\":\"https:\\\/\\\/kardosystems.com\\\/sklep\\\/produkt\\\/regulator-fc2-controller-do-rozmrazania-podjazdow-rynien-schodow\\\/#primaryimage\"},\"image\":{\"@id\":\"https:\\\/\\\/kardosystems.com\\\/sklep\\\/produkt\\\/regulator-fc2-controller-do-rozmrazania-podjazdow-rynien-schodow\\\/#primaryimage\"},\"thumbnailUrl\":\"https:\\\/\\\/kardosystems.com\\\/sklep\\\/wp-content\\\/uploads\\\/2023\\\/12\\\/FC2-Control.png\",\"datePublished\":\"2023-12-05T10:05:35+00:00\",\"dateModified\":\"2025-11-18T15:36:46+00:00\",\"breadcrumb\":{\"@id\":\"https:\\\/\\\/kardosystems.com\\\/sklep\\\/produkt\\\/regulator-fc2-controller-do-rozmrazania-podjazdow-rynien-schodow\\\/#breadcrumb\"},\"inLanguage\":\"pl-PL\",\"potentialAction\":[{\"@type\":\"ReadAction\",\"target\":[\"https:\\\/\\\/kardosystems.com\\\/sklep\\\/produkt\\\/regulator-fc2-controller-do-rozmrazania-podjazdow-rynien-schodow\\\/\"]}]},{\"@type\":\"ImageObject\",\"inLanguage\":\"pl-PL\",\"@id\":\"https:\\\/\\\/kardosystems.com\\\/sklep\\\/produkt\\\/regulator-fc2-controller-do-rozmrazania-podjazdow-rynien-schodow\\\/#primaryimage\",\"url\":\"https:\\\/\\\/kardosystems.com\\\/sklep\\\/wp-content\\\/uploads\\\/2023\\\/12\\\/FC2-Control.png\",\"contentUrl\":\"https:\\\/\\\/kardosystems.com\\\/sklep\\\/wp-content\\\/uploads\\\/2023\\\/12\\\/FC2-Control.png\",\"width\":462,\"height\":462},{\"@type\":\"BreadcrumbList\",\"@id\":\"https:\\\/\\\/kardosystems.com\\\/sklep\\\/produkt\\\/regulator-fc2-controller-do-rozmrazania-podjazdow-rynien-schodow\\\/#breadcrumb\",\"itemListElement\":[{\"@type\":\"ListItem\",\"position\":1,\"name\":\"Strona g\u0142\u00f3wna\",\"item\":\"https:\\\/\\\/kardosystems.com\\\/sklep\\\/\"},{\"@type\":\"ListItem\",\"position\":2,\"name\":\"Wszystkie produkty\",\"item\":\"https:\\\/\\\/kardosystems.com\\\/sklep\\\/produkty\\\/\"},{\"@type\":\"ListItem\",\"position\":3,\"name\":\"Regulator FC2 Controller | Do rozmra\u017cania Podjazd\u00f3w Rynien Schod\u00f3w\"}]},{\"@type\":\"WebSite\",\"@id\":\"https:\\\/\\\/kardosystems.com\\\/sklep\\\/#website\",\"url\":\"https:\\\/\\\/kardosystems.com\\\/sklep\\\/\",\"name\":\"KARDO Sklep - Ogrzewanie pod\u0142ogowe i systemy grzejne\",\"description\":\"Systemy KARDO izolacyjno grzewcze\",\"publisher\":{\"@id\":\"https:\\\/\\\/kardosystems.com\\\/sklep\\\/#organization\"},\"potentialAction\":[{\"@type\":\"SearchAction\",\"target\":{\"@type\":\"EntryPoint\",\"urlTemplate\":\"https:\\\/\\\/kardosystems.com\\\/sklep\\\/?s={search_term_string}\"},\"query-input\":{\"@type\":\"PropertyValueSpecification\",\"valueRequired\":true,\"valueName\":\"search_term_string\"}}],\"inLanguage\":\"pl-PL\"},{\"@type\":\"Organization\",\"@id\":\"https:\\\/\\\/kardosystems.com\\\/sklep\\\/#organization\",\"name\":\"KARDO SYSTEMS\",\"url\":\"https:\\\/\\\/kardosystems.com\\\/sklep\\\/\",\"logo\":{\"@type\":\"ImageObject\",\"inLanguage\":\"pl-PL\",\"@id\":\"https:\\\/\\\/kardosystems.com\\\/sklep\\\/#\\\/schema\\\/logo\\\/image\\\/\",\"url\":\"https:\\\/\\\/kardosystems.com\\\/sklep\\\/wp-content\\\/uploads\\\/2020\\\/06\\\/cropped-logosdsdsd.png\",\"contentUrl\":\"https:\\\/\\\/kardosystems.com\\\/sklep\\\/wp-content\\\/uploads\\\/2020\\\/06\\\/cropped-logosdsdsd.png\",\"width\":512,\"height\":512,\"caption\":\"KARDO SYSTEMS\"},\"image\":{\"@id\":\"https:\\\/\\\/kardosystems.com\\\/sklep\\\/#\\\/schema\\\/logo\\\/image\\\/\"}}]}<\/script>\n<!-- \/ Yoast SEO plugin. -->","yoast_head_json":{"title":"Regulator FC2 Controller | Do rozmra\u017cania Podjazd\u00f3w Rynien Schod\u00f3w - KARDO Sklep - Ogrzewanie pod\u0142ogowe i systemy grzejne","robots":{"index":"index","follow":"follow","max-snippet":"max-snippet:-1","max-image-preview":"max-image-preview:large","max-video-preview":"max-video-preview:-1"},"canonical":"https:\/\/kardosystems.com\/sklep\/produkt\/regulator-fc2-controller-do-rozmrazania-podjazdow-rynien-schodow\/","og_locale":"pl_PL","og_type":"article","og_title":"Regulator FC2 Controller | Do rozmra\u017cania Podjazd\u00f3w Rynien Schod\u00f3w - KARDO Sklep - Ogrzewanie pod\u0142ogowe i systemy grzejne","og_description":"Elektroniczny regulator FC 2 CONTROLLER przeznaczony jest do sterowania dachowymi i rynnowymi systemami grzewczymi ochrony przed \u015bniegiem i lodem.  Wsp\u00f3\u0142pracuje z czujnikiem temperatury (TS) i gruntowym czujnikiem wilgoci (SG). Na innych aukcjach kupisz go w zestawie z tymi czujnikami  &nbsp;","og_url":"https:\/\/kardosystems.com\/sklep\/produkt\/regulator-fc2-controller-do-rozmrazania-podjazdow-rynien-schodow\/","og_site_name":"KARDO Sklep - Ogrzewanie pod\u0142ogowe i systemy grzejne","article_modified_time":"2025-11-18T15:36:46+00:00","og_image":[{"width":462,"height":462,"url":"https:\/\/kardosystems.com\/sklep\/wp-content\/uploads\/2023\/12\/FC2-Control.png","type":"image\/png"}],"twitter_card":"summary_large_image","twitter_misc":{"Szacowany czas czytania":"1 minuta"},"schema":{"@context":"https:\/\/schema.org","@graph":[{"@type":"WebPage","@id":"https:\/\/kardosystems.com\/sklep\/produkt\/regulator-fc2-controller-do-rozmrazania-podjazdow-rynien-schodow\/","url":"https:\/\/kardosystems.com\/sklep\/produkt\/regulator-fc2-controller-do-rozmrazania-podjazdow-rynien-schodow\/","name":"Regulator FC2 Controller | Do rozmra\u017cania Podjazd\u00f3w Rynien Schod\u00f3w - KARDO Sklep - Ogrzewanie pod\u0142ogowe i systemy grzejne","isPartOf":{"@id":"https:\/\/kardosystems.com\/sklep\/#website"},"primaryImageOfPage":{"@id":"https:\/\/kardosystems.com\/sklep\/produkt\/regulator-fc2-controller-do-rozmrazania-podjazdow-rynien-schodow\/#primaryimage"},"image":{"@id":"https:\/\/kardosystems.com\/sklep\/produkt\/regulator-fc2-controller-do-rozmrazania-podjazdow-rynien-schodow\/#primaryimage"},"thumbnailUrl":"https:\/\/kardosystems.com\/sklep\/wp-content\/uploads\/2023\/12\/FC2-Control.png","datePublished":"2023-12-05T10:05:35+00:00","dateModified":"2025-11-18T15:36:46+00:00","breadcrumb":{"@id":"https:\/\/kardosystems.com\/sklep\/produkt\/regulator-fc2-controller-do-rozmrazania-podjazdow-rynien-schodow\/#breadcrumb"},"inLanguage":"pl-PL","potentialAction":[{"@type":"ReadAction","target":["https:\/\/kardosystems.com\/sklep\/produkt\/regulator-fc2-controller-do-rozmrazania-podjazdow-rynien-schodow\/"]}]},{"@type":"ImageObject","inLanguage":"pl-PL","@id":"https:\/\/kardosystems.com\/sklep\/produkt\/regulator-fc2-controller-do-rozmrazania-podjazdow-rynien-schodow\/#primaryimage","url":"https:\/\/kardosystems.com\/sklep\/wp-content\/uploads\/2023\/12\/FC2-Control.png","contentUrl":"https:\/\/kardosystems.com\/sklep\/wp-content\/uploads\/2023\/12\/FC2-Control.png","width":462,"height":462},{"@type":"BreadcrumbList","@id":"https:\/\/kardosystems.com\/sklep\/produkt\/regulator-fc2-controller-do-rozmrazania-podjazdow-rynien-schodow\/#breadcrumb","itemListElement":[{"@type":"ListItem","position":1,"name":"Strona g\u0142\u00f3wna","item":"https:\/\/kardosystems.com\/sklep\/"},{"@type":"ListItem","position":2,"name":"Wszystkie produkty","item":"https:\/\/kardosystems.com\/sklep\/produkty\/"},{"@type":"ListItem","position":3,"name":"Regulator FC2 Controller | Do rozmra\u017cania Podjazd\u00f3w Rynien Schod\u00f3w"}]},{"@type":"WebSite","@id":"https:\/\/kardosystems.com\/sklep\/#website","url":"https:\/\/kardosystems.com\/sklep\/","name":"KARDO Sklep - Ogrzewanie pod\u0142ogowe i systemy grzejne","description":"Systemy KARDO izolacyjno grzewcze","publisher":{"@id":"https:\/\/kardosystems.com\/sklep\/#organization"},"potentialAction":[{"@type":"SearchAction","target":{"@type":"EntryPoint","urlTemplate":"https:\/\/kardosystems.com\/sklep\/?s={search_term_string}"},"query-input":{"@type":"PropertyValueSpecification","valueRequired":true,"valueName":"search_term_string"}}],"inLanguage":"pl-PL"},{"@type":"Organization","@id":"https:\/\/kardosystems.com\/sklep\/#organization","name":"KARDO SYSTEMS","url":"https:\/\/kardosystems.com\/sklep\/","logo":{"@type":"ImageObject","inLanguage":"pl-PL","@id":"https:\/\/kardosystems.com\/sklep\/#\/schema\/logo\/image\/","url":"https:\/\/kardosystems.com\/sklep\/wp-content\/uploads\/2020\/06\/cropped-logosdsdsd.png","contentUrl":"https:\/\/kardosystems.com\/sklep\/wp-content\/uploads\/2020\/06\/cropped-logosdsdsd.png","width":512,"height":512,"caption":"KARDO SYSTEMS"},"image":{"@id":"https:\/\/kardosystems.com\/sklep\/#\/schema\/logo\/image\/"}}]}},"_links":{"self":[{"href":"https:\/\/kardosystems.com\/sklep\/wp-json\/wp\/v2\/product\/4507","targetHints":{"allow":["GET"]}}],"collection":[{"href":"https:\/\/kardosystems.com\/sklep\/wp-json\/wp\/v2\/product"}],"about":[{"href":"https:\/\/kardosystems.com\/sklep\/wp-json\/wp\/v2\/types\/product"}],"replies":[{"embeddable":true,"href":"https:\/\/kardosystems.com\/sklep\/wp-json\/wp\/v2\/comments?post=4507"}],"version-history":[{"count":2,"href":"https:\/\/kardosystems.com\/sklep\/wp-json\/wp\/v2\/product\/4507\/revisions"}],"predecessor-version":[{"id":5946,"href":"https:\/\/kardosystems.com\/sklep\/wp-json\/wp\/v2\/product\/4507\/revisions\/5946"}],"wp:featuredmedia":[{"embeddable":true,"href":"https:\/\/kardosystems.com\/sklep\/wp-json\/wp\/v2\/media\/4509"}],"wp:attachment":[{"href":"https:\/\/kardosystems.com\/sklep\/wp-json\/wp\/v2\/media?parent=4507"}],"wp:term":[{"taxonomy":"product_brand","embeddable":true,"href":"https:\/\/kardosystems.com\/sklep\/wp-json\/wp\/v2\/product_brand?post=4507"},{"taxonomy":"product_cat","embeddable":true,"href":"https:\/\/kardosystems.com\/sklep\/wp-json\/wp\/v2\/product_cat?post=4507"},{"taxonomy":"product_tag","embeddable":true,"href":"https:\/\/kardosystems.com\/sklep\/wp-json\/wp\/v2\/product_tag?post=4507"}],"curies":[{"name":"wp","href":"https:\/\/api.w.org\/{rel}","templated":true}]}}