{"id":4140,"date":"2023-03-30T15:05:52","date_gmt":"2023-03-30T13:05:52","guid":{"rendered":"https:\/\/kardosystems.com\/sklep\/?post_type=product&#038;p=4140"},"modified":"2025-05-08T16:30:44","modified_gmt":"2025-05-08T14:30:44","slug":"system-kardo-waterpanel-xl-20-m2-pod-gres-terakote-w-zestawie-taniej","status":"publish","type":"product","link":"https:\/\/kardosystems.com\/sklep\/produkt\/system-kardo-waterpanel-xl-20-m2-pod-gres-terakote-w-zestawie-taniej\/","title":{"rendered":"System KARDO Waterpanel XL \u201320 m2\u2013 pod gres\/ terakot\u0119 | W ZESTAWIE TANIEJ"},"content":{"rendered":"<p>W zestawie otrzymujesz:<\/p>\n<ul>\n<li><strong>29 sztuk p\u0142yt<\/strong> KARDO Waterpanel XL<\/li>\n<li><strong>3 sztuki p\u0142yty wype\u0142niaj\u0105cej <\/strong>KARDO XF<\/li>\n<li><strong>2 wiadra Kleju<\/strong> KARDO Watepanel PROOF 10l<\/li>\n<li><strong>160 mb Rury<\/strong> ALUPEX 16 x 2mm<\/li>\n<\/ul>\n<p>W zestawie kupujesz <strong>taniej<\/strong>.<\/p>\n<p>&nbsp;<\/p>\n<p>W przypadku wi\u0119kszych powierzchni nale\u017cy kupi\u0107 wi\u0119ksz\u0105 ilo\u015b\u0107 sztuk. Przyk\u0142adowo, je\u015bli chcemy u\u0142o\u017cy\u0107 system na <strong>60 m2<\/strong>, nale\u017cy zakupi\u0107 <strong>3<\/strong> <strong>sztuki<\/strong> zestawu KARDO (3 * 20 = 60 m2).<\/p>\n","protected":false},"excerpt":{"rendered":"<p>Pe\u0142ny zestaw do wodnego ogrzewania pod\u0142ogowego KARDO <strong>Waterpanel XL, <\/strong> przeznaczony na powierzchni\u0119 grzejn\u0105 <strong>20 m2<\/strong>.<\/p>\n","protected":false},"featured_media":4095,"comment_status":"open","ping_status":"closed","template":"","meta":{"ocean_post_layout":"","ocean_both_sidebars_style":"","ocean_both_sidebars_content_width":0,"ocean_both_sidebars_sidebars_width":0,"ocean_sidebar":"0","ocean_second_sidebar":"0","ocean_disable_margins":"enable","ocean_add_body_class":"","ocean_shortcode_before_top_bar":"","ocean_shortcode_after_top_bar":"","ocean_shortcode_before_header":"","ocean_shortcode_after_header":"","ocean_has_shortcode":"","ocean_shortcode_after_title":"","ocean_shortcode_before_footer_widgets":"","ocean_shortcode_after_footer_widgets":"","ocean_shortcode_before_footer_bottom":"","ocean_shortcode_after_footer_bottom":"","ocean_display_top_bar":"default","ocean_display_header":"default","ocean_header_style":"","ocean_center_header_left_menu":"0","ocean_custom_header_template":"0","ocean_custom_logo":0,"ocean_custom_retina_logo":0,"ocean_custom_logo_max_width":0,"ocean_custom_logo_tablet_max_width":0,"ocean_custom_logo_mobile_max_width":0,"ocean_custom_logo_max_height":0,"ocean_custom_logo_tablet_max_height":0,"ocean_custom_logo_mobile_max_height":0,"ocean_header_custom_menu":"0","ocean_menu_typo_font_family":"0","ocean_menu_typo_font_subset":"","ocean_menu_typo_font_size":0,"ocean_menu_typo_font_size_tablet":0,"ocean_menu_typo_font_size_mobile":0,"ocean_menu_typo_font_size_unit":"px","ocean_menu_typo_font_weight":"","ocean_menu_typo_font_weight_tablet":"","ocean_menu_typo_font_weight_mobile":"","ocean_menu_typo_transform":"","ocean_menu_typo_transform_tablet":"","ocean_menu_typo_transform_mobile":"","ocean_menu_typo_line_height":0,"ocean_menu_typo_line_height_tablet":0,"ocean_menu_typo_line_height_mobile":0,"ocean_menu_typo_line_height_unit":"","ocean_menu_typo_spacing":0,"ocean_menu_typo_spacing_tablet":0,"ocean_menu_typo_spacing_mobile":0,"ocean_menu_typo_spacing_unit":"","ocean_menu_link_color":"","ocean_menu_link_color_hover":"","ocean_menu_link_color_active":"","ocean_menu_link_background":"","ocean_menu_link_hover_background":"","ocean_menu_link_active_background":"","ocean_menu_social_links_bg":"","ocean_menu_social_hover_links_bg":"","ocean_menu_social_links_color":"","ocean_menu_social_hover_links_color":"","ocean_disable_title":"default","ocean_disable_heading":"default","ocean_post_title":"","ocean_post_subheading":"","ocean_post_title_style":"","ocean_post_title_background_color":"","ocean_post_title_background":0,"ocean_post_title_bg_image_position":"","ocean_post_title_bg_image_attachment":"","ocean_post_title_bg_image_repeat":"","ocean_post_title_bg_image_size":"","ocean_post_title_height":0,"ocean_post_title_bg_overlay":0.5,"ocean_post_title_bg_overlay_color":"","ocean_disable_breadcrumbs":"default","ocean_breadcrumbs_color":"","ocean_breadcrumbs_separator_color":"","ocean_breadcrumbs_links_color":"","ocean_breadcrumbs_links_hover_color":"","ocean_display_footer_widgets":"default","ocean_display_footer_bottom":"default","ocean_custom_footer_template":"0"},"product_brand":[],"product_cat":[221,179,214,211],"product_tag":[],"class_list":{"0":"post-4140","1":"product","2":"type-product","3":"status-publish","4":"has-post-thumbnail","6":"product_cat-gres-xl","7":"product_cat-wpanelxl","8":"product_cat-xl","9":"product_cat-zestawy-systemowe","10":"product_shipping_class-flex","12":"entry","13":"has-media","15":"first","16":"onbackorder","17":"sale","18":"taxable","19":"shipping-taxable","20":"purchasable","21":"product-type-simple","22":"has-product-nav","23":"col","24":"span_1_of_3","25":"owp-content-center","26":"item-entry","27":"owp-thumbs-layout-horizontal","28":"owp-btn-normal","29":"owp-tabs-layout-horizontal"},"yoast_head":"<!-- This site is optimized with the Yoast SEO plugin v27.4 - https:\/\/yoast.com\/product\/yoast-seo-wordpress\/ -->\n<title>System KARDO Waterpanel XL \u201320 m2\u2013 pod gres\/ terakot\u0119 | W ZESTAWIE TANIEJ - KARDO Sklep - Ogrzewanie pod\u0142ogowe i systemy grzejne<\/title>\n<meta name=\"robots\" content=\"index, follow, max-snippet:-1, max-image-preview:large, max-video-preview:-1\" \/>\n<link rel=\"canonical\" href=\"https:\/\/kardosystems.com\/sklep\/produkt\/system-kardo-waterpanel-xl-20-m2-pod-gres-terakote-w-zestawie-taniej\/\" \/>\n<meta property=\"og:locale\" content=\"pl_PL\" \/>\n<meta property=\"og:type\" content=\"article\" \/>\n<meta property=\"og:title\" content=\"System KARDO Waterpanel XL \u201320 m2\u2013 pod gres\/ terakot\u0119 | W ZESTAWIE TANIEJ - KARDO Sklep - Ogrzewanie pod\u0142ogowe i systemy grzejne\" \/>\n<meta property=\"og:description\" content=\"Pe\u0142ny zestaw do wodnego ogrzewania pod\u0142ogowego KARDO Waterpanel XL, przeznaczony na powierzchni\u0119 grzejn\u0105 20 m2.\" \/>\n<meta property=\"og:url\" content=\"https:\/\/kardosystems.com\/sklep\/produkt\/system-kardo-waterpanel-xl-20-m2-pod-gres-terakote-w-zestawie-taniej\/\" \/>\n<meta property=\"og:site_name\" content=\"KARDO Sklep - Ogrzewanie pod\u0142ogowe i systemy grzejne\" \/>\n<meta property=\"article:modified_time\" content=\"2025-05-08T14:30:44+00:00\" \/>\n<meta property=\"og:image\" content=\"https:\/\/kardosystems.com\/sklep\/wp-content\/uploads\/2021\/04\/5.-system-xl-KLEJ.jpg\" \/>\n\t<meta property=\"og:image:width\" content=\"1080\" \/>\n\t<meta property=\"og:image:height\" content=\"1080\" \/>\n\t<meta property=\"og:image:type\" content=\"image\/jpeg\" \/>\n<meta name=\"twitter:card\" content=\"summary_large_image\" \/>\n<meta name=\"twitter:label1\" content=\"Szacowany czas czytania\" \/>\n\t<meta name=\"twitter:data1\" content=\"1 minuta\" \/>\n<script type=\"application\/ld+json\" class=\"yoast-schema-graph\">{\"@context\":\"https:\\\/\\\/schema.org\",\"@graph\":[{\"@type\":\"WebPage\",\"@id\":\"https:\\\/\\\/kardosystems.com\\\/sklep\\\/produkt\\\/system-kardo-waterpanel-xl-20-m2-pod-gres-terakote-w-zestawie-taniej\\\/\",\"url\":\"https:\\\/\\\/kardosystems.com\\\/sklep\\\/produkt\\\/system-kardo-waterpanel-xl-20-m2-pod-gres-terakote-w-zestawie-taniej\\\/\",\"name\":\"System KARDO Waterpanel XL \u201320 m2\u2013 pod gres\\\/ terakot\u0119 | W ZESTAWIE TANIEJ - KARDO Sklep - Ogrzewanie pod\u0142ogowe i systemy grzejne\",\"isPartOf\":{\"@id\":\"https:\\\/\\\/kardosystems.com\\\/sklep\\\/#website\"},\"primaryImageOfPage\":{\"@id\":\"https:\\\/\\\/kardosystems.com\\\/sklep\\\/produkt\\\/system-kardo-waterpanel-xl-20-m2-pod-gres-terakote-w-zestawie-taniej\\\/#primaryimage\"},\"image\":{\"@id\":\"https:\\\/\\\/kardosystems.com\\\/sklep\\\/produkt\\\/system-kardo-waterpanel-xl-20-m2-pod-gres-terakote-w-zestawie-taniej\\\/#primaryimage\"},\"thumbnailUrl\":\"https:\\\/\\\/kardosystems.com\\\/sklep\\\/wp-content\\\/uploads\\\/2021\\\/04\\\/5.-system-xl-KLEJ.jpg\",\"datePublished\":\"2023-03-30T13:05:52+00:00\",\"dateModified\":\"2025-05-08T14:30:44+00:00\",\"breadcrumb\":{\"@id\":\"https:\\\/\\\/kardosystems.com\\\/sklep\\\/produkt\\\/system-kardo-waterpanel-xl-20-m2-pod-gres-terakote-w-zestawie-taniej\\\/#breadcrumb\"},\"inLanguage\":\"pl-PL\",\"potentialAction\":[{\"@type\":\"ReadAction\",\"target\":[\"https:\\\/\\\/kardosystems.com\\\/sklep\\\/produkt\\\/system-kardo-waterpanel-xl-20-m2-pod-gres-terakote-w-zestawie-taniej\\\/\"]}]},{\"@type\":\"ImageObject\",\"inLanguage\":\"pl-PL\",\"@id\":\"https:\\\/\\\/kardosystems.com\\\/sklep\\\/produkt\\\/system-kardo-waterpanel-xl-20-m2-pod-gres-terakote-w-zestawie-taniej\\\/#primaryimage\",\"url\":\"https:\\\/\\\/kardosystems.com\\\/sklep\\\/wp-content\\\/uploads\\\/2021\\\/04\\\/5.-system-xl-KLEJ.jpg\",\"contentUrl\":\"https:\\\/\\\/kardosystems.com\\\/sklep\\\/wp-content\\\/uploads\\\/2021\\\/04\\\/5.-system-xl-KLEJ.jpg\",\"width\":1080,\"height\":1080},{\"@type\":\"BreadcrumbList\",\"@id\":\"https:\\\/\\\/kardosystems.com\\\/sklep\\\/produkt\\\/system-kardo-waterpanel-xl-20-m2-pod-gres-terakote-w-zestawie-taniej\\\/#breadcrumb\",\"itemListElement\":[{\"@type\":\"ListItem\",\"position\":1,\"name\":\"Strona g\u0142\u00f3wna\",\"item\":\"https:\\\/\\\/kardosystems.com\\\/sklep\\\/\"},{\"@type\":\"ListItem\",\"position\":2,\"name\":\"Wszystkie produkty\",\"item\":\"https:\\\/\\\/kardosystems.com\\\/sklep\\\/produkty\\\/\"},{\"@type\":\"ListItem\",\"position\":3,\"name\":\"System KARDO Waterpanel XL \u201320 m2\u2013 pod gres\\\/ terakot\u0119 | W ZESTAWIE TANIEJ\"}]},{\"@type\":\"WebSite\",\"@id\":\"https:\\\/\\\/kardosystems.com\\\/sklep\\\/#website\",\"url\":\"https:\\\/\\\/kardosystems.com\\\/sklep\\\/\",\"name\":\"KARDO Sklep - Ogrzewanie pod\u0142ogowe i systemy grzejne\",\"description\":\"Systemy KARDO izolacyjno grzewcze\",\"publisher\":{\"@id\":\"https:\\\/\\\/kardosystems.com\\\/sklep\\\/#organization\"},\"potentialAction\":[{\"@type\":\"SearchAction\",\"target\":{\"@type\":\"EntryPoint\",\"urlTemplate\":\"https:\\\/\\\/kardosystems.com\\\/sklep\\\/?s={search_term_string}\"},\"query-input\":{\"@type\":\"PropertyValueSpecification\",\"valueRequired\":true,\"valueName\":\"search_term_string\"}}],\"inLanguage\":\"pl-PL\"},{\"@type\":\"Organization\",\"@id\":\"https:\\\/\\\/kardosystems.com\\\/sklep\\\/#organization\",\"name\":\"KARDO SYSTEMS\",\"url\":\"https:\\\/\\\/kardosystems.com\\\/sklep\\\/\",\"logo\":{\"@type\":\"ImageObject\",\"inLanguage\":\"pl-PL\",\"@id\":\"https:\\\/\\\/kardosystems.com\\\/sklep\\\/#\\\/schema\\\/logo\\\/image\\\/\",\"url\":\"https:\\\/\\\/kardosystems.com\\\/sklep\\\/wp-content\\\/uploads\\\/2020\\\/06\\\/cropped-logosdsdsd.png\",\"contentUrl\":\"https:\\\/\\\/kardosystems.com\\\/sklep\\\/wp-content\\\/uploads\\\/2020\\\/06\\\/cropped-logosdsdsd.png\",\"width\":512,\"height\":512,\"caption\":\"KARDO SYSTEMS\"},\"image\":{\"@id\":\"https:\\\/\\\/kardosystems.com\\\/sklep\\\/#\\\/schema\\\/logo\\\/image\\\/\"}}]}<\/script>\n<!-- \/ Yoast SEO plugin. -->","yoast_head_json":{"title":"System KARDO Waterpanel XL \u201320 m2\u2013 pod gres\/ terakot\u0119 | W ZESTAWIE TANIEJ - KARDO Sklep - Ogrzewanie pod\u0142ogowe i systemy grzejne","robots":{"index":"index","follow":"follow","max-snippet":"max-snippet:-1","max-image-preview":"max-image-preview:large","max-video-preview":"max-video-preview:-1"},"canonical":"https:\/\/kardosystems.com\/sklep\/produkt\/system-kardo-waterpanel-xl-20-m2-pod-gres-terakote-w-zestawie-taniej\/","og_locale":"pl_PL","og_type":"article","og_title":"System KARDO Waterpanel XL \u201320 m2\u2013 pod gres\/ terakot\u0119 | W ZESTAWIE TANIEJ - KARDO Sklep - Ogrzewanie pod\u0142ogowe i systemy grzejne","og_description":"Pe\u0142ny zestaw do wodnego ogrzewania pod\u0142ogowego KARDO Waterpanel XL, przeznaczony na powierzchni\u0119 grzejn\u0105 20 m2.","og_url":"https:\/\/kardosystems.com\/sklep\/produkt\/system-kardo-waterpanel-xl-20-m2-pod-gres-terakote-w-zestawie-taniej\/","og_site_name":"KARDO Sklep - Ogrzewanie pod\u0142ogowe i systemy grzejne","article_modified_time":"2025-05-08T14:30:44+00:00","og_image":[{"width":1080,"height":1080,"url":"https:\/\/kardosystems.com\/sklep\/wp-content\/uploads\/2021\/04\/5.-system-xl-KLEJ.jpg","type":"image\/jpeg"}],"twitter_card":"summary_large_image","twitter_misc":{"Szacowany czas czytania":"1 minuta"},"schema":{"@context":"https:\/\/schema.org","@graph":[{"@type":"WebPage","@id":"https:\/\/kardosystems.com\/sklep\/produkt\/system-kardo-waterpanel-xl-20-m2-pod-gres-terakote-w-zestawie-taniej\/","url":"https:\/\/kardosystems.com\/sklep\/produkt\/system-kardo-waterpanel-xl-20-m2-pod-gres-terakote-w-zestawie-taniej\/","name":"System KARDO Waterpanel XL \u201320 m2\u2013 pod gres\/ terakot\u0119 | W ZESTAWIE TANIEJ - KARDO Sklep - Ogrzewanie pod\u0142ogowe i systemy grzejne","isPartOf":{"@id":"https:\/\/kardosystems.com\/sklep\/#website"},"primaryImageOfPage":{"@id":"https:\/\/kardosystems.com\/sklep\/produkt\/system-kardo-waterpanel-xl-20-m2-pod-gres-terakote-w-zestawie-taniej\/#primaryimage"},"image":{"@id":"https:\/\/kardosystems.com\/sklep\/produkt\/system-kardo-waterpanel-xl-20-m2-pod-gres-terakote-w-zestawie-taniej\/#primaryimage"},"thumbnailUrl":"https:\/\/kardosystems.com\/sklep\/wp-content\/uploads\/2021\/04\/5.-system-xl-KLEJ.jpg","datePublished":"2023-03-30T13:05:52+00:00","dateModified":"2025-05-08T14:30:44+00:00","breadcrumb":{"@id":"https:\/\/kardosystems.com\/sklep\/produkt\/system-kardo-waterpanel-xl-20-m2-pod-gres-terakote-w-zestawie-taniej\/#breadcrumb"},"inLanguage":"pl-PL","potentialAction":[{"@type":"ReadAction","target":["https:\/\/kardosystems.com\/sklep\/produkt\/system-kardo-waterpanel-xl-20-m2-pod-gres-terakote-w-zestawie-taniej\/"]}]},{"@type":"ImageObject","inLanguage":"pl-PL","@id":"https:\/\/kardosystems.com\/sklep\/produkt\/system-kardo-waterpanel-xl-20-m2-pod-gres-terakote-w-zestawie-taniej\/#primaryimage","url":"https:\/\/kardosystems.com\/sklep\/wp-content\/uploads\/2021\/04\/5.-system-xl-KLEJ.jpg","contentUrl":"https:\/\/kardosystems.com\/sklep\/wp-content\/uploads\/2021\/04\/5.-system-xl-KLEJ.jpg","width":1080,"height":1080},{"@type":"BreadcrumbList","@id":"https:\/\/kardosystems.com\/sklep\/produkt\/system-kardo-waterpanel-xl-20-m2-pod-gres-terakote-w-zestawie-taniej\/#breadcrumb","itemListElement":[{"@type":"ListItem","position":1,"name":"Strona g\u0142\u00f3wna","item":"https:\/\/kardosystems.com\/sklep\/"},{"@type":"ListItem","position":2,"name":"Wszystkie produkty","item":"https:\/\/kardosystems.com\/sklep\/produkty\/"},{"@type":"ListItem","position":3,"name":"System KARDO Waterpanel XL \u201320 m2\u2013 pod gres\/ terakot\u0119 | W ZESTAWIE TANIEJ"}]},{"@type":"WebSite","@id":"https:\/\/kardosystems.com\/sklep\/#website","url":"https:\/\/kardosystems.com\/sklep\/","name":"KARDO Sklep - Ogrzewanie pod\u0142ogowe i systemy grzejne","description":"Systemy KARDO izolacyjno grzewcze","publisher":{"@id":"https:\/\/kardosystems.com\/sklep\/#organization"},"potentialAction":[{"@type":"SearchAction","target":{"@type":"EntryPoint","urlTemplate":"https:\/\/kardosystems.com\/sklep\/?s={search_term_string}"},"query-input":{"@type":"PropertyValueSpecification","valueRequired":true,"valueName":"search_term_string"}}],"inLanguage":"pl-PL"},{"@type":"Organization","@id":"https:\/\/kardosystems.com\/sklep\/#organization","name":"KARDO SYSTEMS","url":"https:\/\/kardosystems.com\/sklep\/","logo":{"@type":"ImageObject","inLanguage":"pl-PL","@id":"https:\/\/kardosystems.com\/sklep\/#\/schema\/logo\/image\/","url":"https:\/\/kardosystems.com\/sklep\/wp-content\/uploads\/2020\/06\/cropped-logosdsdsd.png","contentUrl":"https:\/\/kardosystems.com\/sklep\/wp-content\/uploads\/2020\/06\/cropped-logosdsdsd.png","width":512,"height":512,"caption":"KARDO SYSTEMS"},"image":{"@id":"https:\/\/kardosystems.com\/sklep\/#\/schema\/logo\/image\/"}}]}},"_links":{"self":[{"href":"https:\/\/kardosystems.com\/sklep\/wp-json\/wp\/v2\/product\/4140","targetHints":{"allow":["GET"]}}],"collection":[{"href":"https:\/\/kardosystems.com\/sklep\/wp-json\/wp\/v2\/product"}],"about":[{"href":"https:\/\/kardosystems.com\/sklep\/wp-json\/wp\/v2\/types\/product"}],"replies":[{"embeddable":true,"href":"https:\/\/kardosystems.com\/sklep\/wp-json\/wp\/v2\/comments?post=4140"}],"version-history":[{"count":3,"href":"https:\/\/kardosystems.com\/sklep\/wp-json\/wp\/v2\/product\/4140\/revisions"}],"predecessor-version":[{"id":6350,"href":"https:\/\/kardosystems.com\/sklep\/wp-json\/wp\/v2\/product\/4140\/revisions\/6350"}],"wp:featuredmedia":[{"embeddable":true,"href":"https:\/\/kardosystems.com\/sklep\/wp-json\/wp\/v2\/media\/4095"}],"wp:attachment":[{"href":"https:\/\/kardosystems.com\/sklep\/wp-json\/wp\/v2\/media?parent=4140"}],"wp:term":[{"taxonomy":"product_brand","embeddable":true,"href":"https:\/\/kardosystems.com\/sklep\/wp-json\/wp\/v2\/product_brand?post=4140"},{"taxonomy":"product_cat","embeddable":true,"href":"https:\/\/kardosystems.com\/sklep\/wp-json\/wp\/v2\/product_cat?post=4140"},{"taxonomy":"product_tag","embeddable":true,"href":"https:\/\/kardosystems.com\/sklep\/wp-json\/wp\/v2\/product_tag?post=4140"}],"curies":[{"name":"wp","href":"https:\/\/api.w.org\/{rel}","templated":true}]}}