{"id":3160,"date":"2022-02-23T12:50:40","date_gmt":"2022-02-23T11:50:40","guid":{"rendered":"https:\/\/kardosystems.com\/sklep\/?post_type=product&#038;p=3160"},"modified":"2026-02-06T11:18:48","modified_gmt":"2026-02-06T10:18:48","slug":"kardo-waterpanel-xl-nie","status":"publish","type":"product","link":"https:\/\/kardosystems.com\/sklep\/produkt\/kardo-waterpanel-xl-nie\/","title":{"rendered":"KARDO Waterpanel XL gr. 30 mm \/ 125 x 60 cm \/ 0,75 m2 \u017b\u0142obienia bez folii | Bez Betonu"},"content":{"rendered":"<p>P\u0142yty izolacyjne XPS wytworzone na bazie \u017cywicy polistyrenowej z nafrezowanymi bruzdami przeznaczonymi do monta\u017cu rur wodnych \u015brednicy 16 mm. Posiadaj\u0105 doskona\u0142e w\u0142a\u015bciwo\u015bci termoizolacyjne. Wytrzyma\u0142e na du\u017cy nacisk powierzchniowy, \u0142atwe w obr\u00f3bce i wilgocioodporne.<\/p>\n<p>Stosowane jako podk\u0142ad pod\u0142ogowy monta\u017cowo &#8211; izolacyjny pokryty dodatkowo ekranem aluminiowym. Folia aluminiowa (ekran) grubo\u015bci 0,045 mm zwi\u0119ksza przewodno\u015b\u0107 ciepln\u0105, skracaj\u0105c jednocze\u015bnie czas nagrzewania pomieszcze\u0144. Ogrzewanie pod\u0142ogowe wykonane z u\u017cyciem paneli <strong>KARDO Waterpanel XL<\/strong> nie wymaga uk\u0142adania mokrego jastrychu, jest to system ca\u0142kowicie bez wylewki betonowej.<br \/>\n<strong>P\u0142yta z foli\u0105 na\u0142o\u017con\u0105 powierzchniowo, \u017b\u0142obienia nie s\u0105 pokryte fabrycznie foli\u0105, jednak po naci\u0119ciu i zagi\u0119ciu folii jest ona cz\u0119\u015bciowo wprowadzona do \u015brodka.&#8221;<\/strong><\/p>\n<p>Specjalna wysokoelastyczna zaprawa KARDO Proof umo\u017cliwia bezpo\u015brednie przyklejanie p\u0142ytek ceramicznych gwarantuj\u0105c ich dobr\u0105 przyczepno\u015b\u0107, stabilno\u015b\u0107 oraz prawid\u0142ow\u0105 prac\u0119 w trakcie nagrzewania pod\u0142ogi. Ten rodzaj monta\u017cu pozwala na wykonywanie rob\u00f3t bez przerw technologicznych zwi\u0105zanych ze schni\u0119ciem tradycyjnych posadzek betonowych, nie generuj\u0105c jednocze\u015bnie wilgoci w budynku.<\/p>\n<p><strong>Monta\u017c Systemu jest mo\u017cliwy na wi\u0119kszo\u015bci znanych posadzek takich jak:<\/strong><\/p>\n<ul>\n<li>panele laminowane<\/li>\n<li>panele drewniane<\/li>\n<li>panele winylowe (suchy jastrych)<\/li>\n<li>gres<\/li>\n<li>terakota<\/li>\n<li>wyk\u0142adziny<\/li>\n<\/ul>\n<p>Je\u015bli montujesz inny rodzaj posadzki ni\u017c wymienione, skontaktuj si\u0119 z naszym dzia\u0142em technicznym.<\/p>\n<p><strong>Pami\u0119taj! W przypadku monta\u017cu na p\u0142ytach Waterpanel XL gresu czy p\u0142ytek, stosujemy jedn\u0105 warstw\u0119 klejow\u0105 KARDO Proof, kt\u00f3ra \u0142\u0105czy za jednym razem aluminiow\u0105 pow\u0142ok\u0119 p\u0142yty i gres.<\/strong><\/p>\n","protected":false},"excerpt":{"rendered":"<p>P\u0142yty izolacyjne XPS wytworzone na bazie \u017cywicy polistyrenowej z nafrezowanymi bruzdami przeznaczonymi do monta\u017cu rur wodnych \u015brednicy 16 mm. Ogrzewanie pod\u0142ogowe wykonane z u\u017cyciem paneli <strong>KARDO Waterpanel XL<\/strong> nie wymaga uk\u0142adania wylewek betonowych.<\/p>\n<p>Specjalna wysokoelastyczna zaprawa KARDO Proof umo\u017cliwia bezpo\u015brednie przyklejanie p\u0142ytek ceramicznych gwarantuj\u0105c ich dobr\u0105 przyczepno\u015b\u0107, stabilno\u015b\u0107 oraz prawid\u0142ow\u0105 prac\u0119 w trakcie nagrzewania pod\u0142ogi.<\/p>\n<p><a href=\"http:\/\/www.elektrakardo.pl\/obraz\/wxl.pdf\"><strong>Karta Katalogowa &#8211; Instrukcja<\/strong><\/a><\/p>\n<p><strong>wymiar:<\/strong><br \/>\nd\u0142ugo\u015b\u0107 x szeroko\u015b\u0107:\u00a0\u00a0 1250 x 600 mm<br \/>\ngrubo\u015b\u0107:\u00a0\u00a0 30 mm<br \/>\nrozstaw bruzd:\u00a0\u00a0 co 15 cm<\/p>\n","protected":false},"featured_media":6480,"comment_status":"open","ping_status":"closed","template":"","meta":{"ocean_post_layout":"","ocean_both_sidebars_style":"","ocean_both_sidebars_content_width":0,"ocean_both_sidebars_sidebars_width":0,"ocean_sidebar":"0","ocean_second_sidebar":"0","ocean_disable_margins":"enable","ocean_add_body_class":"","ocean_shortcode_before_top_bar":"","ocean_shortcode_after_top_bar":"","ocean_shortcode_before_header":"","ocean_shortcode_after_header":"","ocean_has_shortcode":"","ocean_shortcode_after_title":"","ocean_shortcode_before_footer_widgets":"","ocean_shortcode_after_footer_widgets":"","ocean_shortcode_before_footer_bottom":"","ocean_shortcode_after_footer_bottom":"","ocean_display_top_bar":"default","ocean_display_header":"default","ocean_header_style":"","ocean_center_header_left_menu":"0","ocean_custom_header_template":"0","ocean_custom_logo":0,"ocean_custom_retina_logo":0,"ocean_custom_logo_max_width":0,"ocean_custom_logo_tablet_max_width":0,"ocean_custom_logo_mobile_max_width":0,"ocean_custom_logo_max_height":0,"ocean_custom_logo_tablet_max_height":0,"ocean_custom_logo_mobile_max_height":0,"ocean_header_custom_menu":"0","ocean_menu_typo_font_family":"0","ocean_menu_typo_font_subset":"","ocean_menu_typo_font_size":0,"ocean_menu_typo_font_size_tablet":0,"ocean_menu_typo_font_size_mobile":0,"ocean_menu_typo_font_size_unit":"px","ocean_menu_typo_font_weight":"","ocean_menu_typo_font_weight_tablet":"","ocean_menu_typo_font_weight_mobile":"","ocean_menu_typo_transform":"","ocean_menu_typo_transform_tablet":"","ocean_menu_typo_transform_mobile":"","ocean_menu_typo_line_height":0,"ocean_menu_typo_line_height_tablet":0,"ocean_menu_typo_line_height_mobile":0,"ocean_menu_typo_line_height_unit":"","ocean_menu_typo_spacing":0,"ocean_menu_typo_spacing_tablet":0,"ocean_menu_typo_spacing_mobile":0,"ocean_menu_typo_spacing_unit":"","ocean_menu_link_color":"","ocean_menu_link_color_hover":"","ocean_menu_link_color_active":"","ocean_menu_link_background":"","ocean_menu_link_hover_background":"","ocean_menu_link_active_background":"","ocean_menu_social_links_bg":"","ocean_menu_social_hover_links_bg":"","ocean_menu_social_links_color":"","ocean_menu_social_hover_links_color":"","ocean_disable_title":"default","ocean_disable_heading":"default","ocean_post_title":"","ocean_post_subheading":"","ocean_post_title_style":"","ocean_post_title_background_color":"","ocean_post_title_background":0,"ocean_post_title_bg_image_position":"","ocean_post_title_bg_image_attachment":"","ocean_post_title_bg_image_repeat":"","ocean_post_title_bg_image_size":"","ocean_post_title_height":0,"ocean_post_title_bg_overlay":0.5,"ocean_post_title_bg_overlay_color":"","ocean_disable_breadcrumbs":"default","ocean_breadcrumbs_color":"","ocean_breadcrumbs_separator_color":"","ocean_breadcrumbs_links_color":"","ocean_breadcrumbs_links_hover_color":"","ocean_display_footer_widgets":"default","ocean_display_footer_bottom":"default","ocean_custom_footer_template":"0"},"product_brand":[],"product_cat":[139,57,179,172],"product_tag":[86,87,78,89,90,75,88,20,76,91,77,92,23],"class_list":{"0":"post-3160","1":"product","2":"type-product","3":"status-publish","4":"has-post-thumbnail","6":"product_cat-wodne-izolacja","7":"product_cat-izolacja","8":"product_cat-wpanelxl","9":"product_cat-systemy","10":"product_tag-aluminium","11":"product_tag-folia","12":"product_tag-frez","13":"product_tag-lamel","14":"product_tag-lekki","15":"product_tag-ogrzewanie","16":"product_tag-panel","17":"product_tag-plyta","18":"product_tag-podlogowe","19":"product_tag-suchy","20":"product_tag-wodne","21":"product_tag-wodny","22":"product_tag-xps","24":"entry","25":"has-media","27":"first","28":"instock","29":"sale","30":"taxable","31":"shipping-taxable","32":"purchasable","33":"product-type-simple","34":"has-product-nav","35":"col","36":"span_1_of_3","37":"owp-content-center","38":"item-entry","39":"owp-thumbs-layout-horizontal","40":"owp-btn-normal","41":"owp-tabs-layout-horizontal"},"yoast_head":"<!-- This site is optimized with the Yoast SEO plugin v27.4 - https:\/\/yoast.com\/product\/yoast-seo-wordpress\/ -->\n<title>KARDO Waterpanel XL gr. 30 mm \/ 125 x 60 cm \/ 0,75 m2 \u017b\u0142obienia bez folii | Bez Betonu - KARDO Sklep - Ogrzewanie pod\u0142ogowe i systemy grzejne<\/title>\n<meta name=\"robots\" content=\"index, follow, max-snippet:-1, max-image-preview:large, max-video-preview:-1\" \/>\n<link rel=\"canonical\" href=\"https:\/\/kardosystems.com\/sklep\/produkt\/kardo-waterpanel-xl-nie\/\" \/>\n<meta property=\"og:locale\" content=\"pl_PL\" \/>\n<meta property=\"og:type\" content=\"article\" \/>\n<meta property=\"og:title\" content=\"KARDO Waterpanel XL gr. 30 mm \/ 125 x 60 cm \/ 0,75 m2 \u017b\u0142obienia bez folii | Bez Betonu - KARDO Sklep - Ogrzewanie pod\u0142ogowe i systemy grzejne\" \/>\n<meta property=\"og:description\" content=\"P\u0142yty izolacyjne XPS wytworzone na bazie \u017cywicy polistyrenowej z nafrezowanymi bruzdami przeznaczonymi do monta\u017cu rur wodnych \u015brednicy 16 mm. Ogrzewanie pod\u0142ogowe wykonane z u\u017cyciem paneli KARDO Waterpanel XL nie wymaga uk\u0142adania wylewek betonowych.  Specjalna wysokoelastyczna zaprawa KARDO Proof umo\u017cliwia bezpo\u015brednie przyklejanie p\u0142ytek ceramicznych gwarantuj\u0105c ich dobr\u0105 przyczepno\u015b\u0107, stabilno\u015b\u0107 oraz prawid\u0142ow\u0105 prac\u0119 w trakcie nagrzewania pod\u0142ogi.  Karta Katalogowa - Instrukcja  wymiar: d\u0142ugo\u015b\u0107 x szeroko\u015b\u0107:\u00a0\u00a0 1250 x 600 mm grubo\u015b\u0107:\u00a0\u00a0 30 mm rozstaw bruzd:\u00a0\u00a0 co 15 cm\" \/>\n<meta property=\"og:url\" content=\"https:\/\/kardosystems.com\/sklep\/produkt\/kardo-waterpanel-xl-nie\/\" \/>\n<meta property=\"og:site_name\" content=\"KARDO Sklep - Ogrzewanie pod\u0142ogowe i systemy grzejne\" \/>\n<meta property=\"article:modified_time\" content=\"2026-02-06T10:18:48+00:00\" \/>\n<meta property=\"og:image\" content=\"https:\/\/kardosystems.com\/sklep\/wp-content\/uploads\/2022\/02\/Waterpanel-XL-folia-na-gorze-1.png\" \/>\n\t<meta property=\"og:image:width\" content=\"2560\" \/>\n\t<meta property=\"og:image:height\" content=\"2560\" \/>\n\t<meta property=\"og:image:type\" content=\"image\/png\" \/>\n<meta name=\"twitter:card\" content=\"summary_large_image\" \/>\n<meta name=\"twitter:label1\" content=\"Szacowany czas czytania\" \/>\n\t<meta name=\"twitter:data1\" content=\"2 minuty\" \/>\n<script type=\"application\/ld+json\" class=\"yoast-schema-graph\">{\"@context\":\"https:\\\/\\\/schema.org\",\"@graph\":[{\"@type\":\"WebPage\",\"@id\":\"https:\\\/\\\/kardosystems.com\\\/sklep\\\/produkt\\\/kardo-waterpanel-xl-nie\\\/\",\"url\":\"https:\\\/\\\/kardosystems.com\\\/sklep\\\/produkt\\\/kardo-waterpanel-xl-nie\\\/\",\"name\":\"KARDO Waterpanel XL gr. 30 mm \\\/ 125 x 60 cm \\\/ 0,75 m2 \u017b\u0142obienia bez folii | Bez Betonu - KARDO Sklep - Ogrzewanie pod\u0142ogowe i systemy grzejne\",\"isPartOf\":{\"@id\":\"https:\\\/\\\/kardosystems.com\\\/sklep\\\/#website\"},\"primaryImageOfPage\":{\"@id\":\"https:\\\/\\\/kardosystems.com\\\/sklep\\\/produkt\\\/kardo-waterpanel-xl-nie\\\/#primaryimage\"},\"image\":{\"@id\":\"https:\\\/\\\/kardosystems.com\\\/sklep\\\/produkt\\\/kardo-waterpanel-xl-nie\\\/#primaryimage\"},\"thumbnailUrl\":\"https:\\\/\\\/kardosystems.com\\\/sklep\\\/wp-content\\\/uploads\\\/2022\\\/02\\\/Waterpanel-XL-folia-na-gorze-1.png\",\"datePublished\":\"2022-02-23T11:50:40+00:00\",\"dateModified\":\"2026-02-06T10:18:48+00:00\",\"breadcrumb\":{\"@id\":\"https:\\\/\\\/kardosystems.com\\\/sklep\\\/produkt\\\/kardo-waterpanel-xl-nie\\\/#breadcrumb\"},\"inLanguage\":\"pl-PL\",\"potentialAction\":[{\"@type\":\"ReadAction\",\"target\":[\"https:\\\/\\\/kardosystems.com\\\/sklep\\\/produkt\\\/kardo-waterpanel-xl-nie\\\/\"]}]},{\"@type\":\"ImageObject\",\"inLanguage\":\"pl-PL\",\"@id\":\"https:\\\/\\\/kardosystems.com\\\/sklep\\\/produkt\\\/kardo-waterpanel-xl-nie\\\/#primaryimage\",\"url\":\"https:\\\/\\\/kardosystems.com\\\/sklep\\\/wp-content\\\/uploads\\\/2022\\\/02\\\/Waterpanel-XL-folia-na-gorze-1.png\",\"contentUrl\":\"https:\\\/\\\/kardosystems.com\\\/sklep\\\/wp-content\\\/uploads\\\/2022\\\/02\\\/Waterpanel-XL-folia-na-gorze-1.png\",\"width\":2560,\"height\":2560},{\"@type\":\"BreadcrumbList\",\"@id\":\"https:\\\/\\\/kardosystems.com\\\/sklep\\\/produkt\\\/kardo-waterpanel-xl-nie\\\/#breadcrumb\",\"itemListElement\":[{\"@type\":\"ListItem\",\"position\":1,\"name\":\"Strona g\u0142\u00f3wna\",\"item\":\"https:\\\/\\\/kardosystems.com\\\/sklep\\\/\"},{\"@type\":\"ListItem\",\"position\":2,\"name\":\"Wszystkie produkty\",\"item\":\"https:\\\/\\\/kardosystems.com\\\/sklep\\\/produkty\\\/\"},{\"@type\":\"ListItem\",\"position\":3,\"name\":\"KARDO Waterpanel XL gr. 30 mm \\\/ 125 x 60 cm \\\/ 0,75 m2 \u017b\u0142obienia bez folii | Bez Betonu\"}]},{\"@type\":\"WebSite\",\"@id\":\"https:\\\/\\\/kardosystems.com\\\/sklep\\\/#website\",\"url\":\"https:\\\/\\\/kardosystems.com\\\/sklep\\\/\",\"name\":\"KARDO Sklep - Ogrzewanie pod\u0142ogowe i systemy grzejne\",\"description\":\"Systemy KARDO izolacyjno grzewcze\",\"publisher\":{\"@id\":\"https:\\\/\\\/kardosystems.com\\\/sklep\\\/#organization\"},\"potentialAction\":[{\"@type\":\"SearchAction\",\"target\":{\"@type\":\"EntryPoint\",\"urlTemplate\":\"https:\\\/\\\/kardosystems.com\\\/sklep\\\/?s={search_term_string}\"},\"query-input\":{\"@type\":\"PropertyValueSpecification\",\"valueRequired\":true,\"valueName\":\"search_term_string\"}}],\"inLanguage\":\"pl-PL\"},{\"@type\":\"Organization\",\"@id\":\"https:\\\/\\\/kardosystems.com\\\/sklep\\\/#organization\",\"name\":\"KARDO SYSTEMS\",\"url\":\"https:\\\/\\\/kardosystems.com\\\/sklep\\\/\",\"logo\":{\"@type\":\"ImageObject\",\"inLanguage\":\"pl-PL\",\"@id\":\"https:\\\/\\\/kardosystems.com\\\/sklep\\\/#\\\/schema\\\/logo\\\/image\\\/\",\"url\":\"https:\\\/\\\/kardosystems.com\\\/sklep\\\/wp-content\\\/uploads\\\/2020\\\/06\\\/cropped-logosdsdsd.png\",\"contentUrl\":\"https:\\\/\\\/kardosystems.com\\\/sklep\\\/wp-content\\\/uploads\\\/2020\\\/06\\\/cropped-logosdsdsd.png\",\"width\":512,\"height\":512,\"caption\":\"KARDO SYSTEMS\"},\"image\":{\"@id\":\"https:\\\/\\\/kardosystems.com\\\/sklep\\\/#\\\/schema\\\/logo\\\/image\\\/\"}}]}<\/script>\n<!-- \/ Yoast SEO plugin. -->","yoast_head_json":{"title":"KARDO Waterpanel XL gr. 30 mm \/ 125 x 60 cm \/ 0,75 m2 \u017b\u0142obienia bez folii | Bez Betonu - KARDO Sklep - Ogrzewanie pod\u0142ogowe i systemy grzejne","robots":{"index":"index","follow":"follow","max-snippet":"max-snippet:-1","max-image-preview":"max-image-preview:large","max-video-preview":"max-video-preview:-1"},"canonical":"https:\/\/kardosystems.com\/sklep\/produkt\/kardo-waterpanel-xl-nie\/","og_locale":"pl_PL","og_type":"article","og_title":"KARDO Waterpanel XL gr. 30 mm \/ 125 x 60 cm \/ 0,75 m2 \u017b\u0142obienia bez folii | Bez Betonu - KARDO Sklep - Ogrzewanie pod\u0142ogowe i systemy grzejne","og_description":"P\u0142yty izolacyjne XPS wytworzone na bazie \u017cywicy polistyrenowej z nafrezowanymi bruzdami przeznaczonymi do monta\u017cu rur wodnych \u015brednicy 16 mm. Ogrzewanie pod\u0142ogowe wykonane z u\u017cyciem paneli KARDO Waterpanel XL nie wymaga uk\u0142adania wylewek betonowych.  Specjalna wysokoelastyczna zaprawa KARDO Proof umo\u017cliwia bezpo\u015brednie przyklejanie p\u0142ytek ceramicznych gwarantuj\u0105c ich dobr\u0105 przyczepno\u015b\u0107, stabilno\u015b\u0107 oraz prawid\u0142ow\u0105 prac\u0119 w trakcie nagrzewania pod\u0142ogi.  Karta Katalogowa - Instrukcja  wymiar: d\u0142ugo\u015b\u0107 x szeroko\u015b\u0107:\u00a0\u00a0 1250 x 600 mm grubo\u015b\u0107:\u00a0\u00a0 30 mm rozstaw bruzd:\u00a0\u00a0 co 15 cm","og_url":"https:\/\/kardosystems.com\/sklep\/produkt\/kardo-waterpanel-xl-nie\/","og_site_name":"KARDO Sklep - Ogrzewanie pod\u0142ogowe i systemy grzejne","article_modified_time":"2026-02-06T10:18:48+00:00","og_image":[{"width":2560,"height":2560,"url":"https:\/\/kardosystems.com\/sklep\/wp-content\/uploads\/2022\/02\/Waterpanel-XL-folia-na-gorze-1.png","type":"image\/png"}],"twitter_card":"summary_large_image","twitter_misc":{"Szacowany czas czytania":"2 minuty"},"schema":{"@context":"https:\/\/schema.org","@graph":[{"@type":"WebPage","@id":"https:\/\/kardosystems.com\/sklep\/produkt\/kardo-waterpanel-xl-nie\/","url":"https:\/\/kardosystems.com\/sklep\/produkt\/kardo-waterpanel-xl-nie\/","name":"KARDO Waterpanel XL gr. 30 mm \/ 125 x 60 cm \/ 0,75 m2 \u017b\u0142obienia bez folii | Bez Betonu - KARDO Sklep - Ogrzewanie pod\u0142ogowe i systemy grzejne","isPartOf":{"@id":"https:\/\/kardosystems.com\/sklep\/#website"},"primaryImageOfPage":{"@id":"https:\/\/kardosystems.com\/sklep\/produkt\/kardo-waterpanel-xl-nie\/#primaryimage"},"image":{"@id":"https:\/\/kardosystems.com\/sklep\/produkt\/kardo-waterpanel-xl-nie\/#primaryimage"},"thumbnailUrl":"https:\/\/kardosystems.com\/sklep\/wp-content\/uploads\/2022\/02\/Waterpanel-XL-folia-na-gorze-1.png","datePublished":"2022-02-23T11:50:40+00:00","dateModified":"2026-02-06T10:18:48+00:00","breadcrumb":{"@id":"https:\/\/kardosystems.com\/sklep\/produkt\/kardo-waterpanel-xl-nie\/#breadcrumb"},"inLanguage":"pl-PL","potentialAction":[{"@type":"ReadAction","target":["https:\/\/kardosystems.com\/sklep\/produkt\/kardo-waterpanel-xl-nie\/"]}]},{"@type":"ImageObject","inLanguage":"pl-PL","@id":"https:\/\/kardosystems.com\/sklep\/produkt\/kardo-waterpanel-xl-nie\/#primaryimage","url":"https:\/\/kardosystems.com\/sklep\/wp-content\/uploads\/2022\/02\/Waterpanel-XL-folia-na-gorze-1.png","contentUrl":"https:\/\/kardosystems.com\/sklep\/wp-content\/uploads\/2022\/02\/Waterpanel-XL-folia-na-gorze-1.png","width":2560,"height":2560},{"@type":"BreadcrumbList","@id":"https:\/\/kardosystems.com\/sklep\/produkt\/kardo-waterpanel-xl-nie\/#breadcrumb","itemListElement":[{"@type":"ListItem","position":1,"name":"Strona g\u0142\u00f3wna","item":"https:\/\/kardosystems.com\/sklep\/"},{"@type":"ListItem","position":2,"name":"Wszystkie produkty","item":"https:\/\/kardosystems.com\/sklep\/produkty\/"},{"@type":"ListItem","position":3,"name":"KARDO Waterpanel XL gr. 30 mm \/ 125 x 60 cm \/ 0,75 m2 \u017b\u0142obienia bez folii | Bez Betonu"}]},{"@type":"WebSite","@id":"https:\/\/kardosystems.com\/sklep\/#website","url":"https:\/\/kardosystems.com\/sklep\/","name":"KARDO Sklep - Ogrzewanie pod\u0142ogowe i systemy grzejne","description":"Systemy KARDO izolacyjno grzewcze","publisher":{"@id":"https:\/\/kardosystems.com\/sklep\/#organization"},"potentialAction":[{"@type":"SearchAction","target":{"@type":"EntryPoint","urlTemplate":"https:\/\/kardosystems.com\/sklep\/?s={search_term_string}"},"query-input":{"@type":"PropertyValueSpecification","valueRequired":true,"valueName":"search_term_string"}}],"inLanguage":"pl-PL"},{"@type":"Organization","@id":"https:\/\/kardosystems.com\/sklep\/#organization","name":"KARDO SYSTEMS","url":"https:\/\/kardosystems.com\/sklep\/","logo":{"@type":"ImageObject","inLanguage":"pl-PL","@id":"https:\/\/kardosystems.com\/sklep\/#\/schema\/logo\/image\/","url":"https:\/\/kardosystems.com\/sklep\/wp-content\/uploads\/2020\/06\/cropped-logosdsdsd.png","contentUrl":"https:\/\/kardosystems.com\/sklep\/wp-content\/uploads\/2020\/06\/cropped-logosdsdsd.png","width":512,"height":512,"caption":"KARDO SYSTEMS"},"image":{"@id":"https:\/\/kardosystems.com\/sklep\/#\/schema\/logo\/image\/"}}]}},"_links":{"self":[{"href":"https:\/\/kardosystems.com\/sklep\/wp-json\/wp\/v2\/product\/3160","targetHints":{"allow":["GET"]}}],"collection":[{"href":"https:\/\/kardosystems.com\/sklep\/wp-json\/wp\/v2\/product"}],"about":[{"href":"https:\/\/kardosystems.com\/sklep\/wp-json\/wp\/v2\/types\/product"}],"replies":[{"embeddable":true,"href":"https:\/\/kardosystems.com\/sklep\/wp-json\/wp\/v2\/comments?post=3160"}],"version-history":[{"count":24,"href":"https:\/\/kardosystems.com\/sklep\/wp-json\/wp\/v2\/product\/3160\/revisions"}],"predecessor-version":[{"id":6485,"href":"https:\/\/kardosystems.com\/sklep\/wp-json\/wp\/v2\/product\/3160\/revisions\/6485"}],"wp:featuredmedia":[{"embeddable":true,"href":"https:\/\/kardosystems.com\/sklep\/wp-json\/wp\/v2\/media\/6480"}],"wp:attachment":[{"href":"https:\/\/kardosystems.com\/sklep\/wp-json\/wp\/v2\/media?parent=3160"}],"wp:term":[{"taxonomy":"product_brand","embeddable":true,"href":"https:\/\/kardosystems.com\/sklep\/wp-json\/wp\/v2\/product_brand?post=3160"},{"taxonomy":"product_cat","embeddable":true,"href":"https:\/\/kardosystems.com\/sklep\/wp-json\/wp\/v2\/product_cat?post=3160"},{"taxonomy":"product_tag","embeddable":true,"href":"https:\/\/kardosystems.com\/sklep\/wp-json\/wp\/v2\/product_tag?post=3160"}],"curies":[{"name":"wp","href":"https:\/\/api.w.org\/{rel}","templated":true}]}}