{"id":2451,"date":"2021-04-08T12:36:57","date_gmt":"2021-04-08T10:36:57","guid":{"rendered":"https:\/\/store.kardosystems.com\/?post_type=product&#038;p=2451"},"modified":"2026-03-13T10:01:11","modified_gmt":"2026-03-13T09:01:11","slug":"przewod-grzewczy-150-mb-elektra-ultratec-145w","status":"publish","type":"product","link":"https:\/\/kardosystems.com\/sklep\/produkt\/przewod-grzewczy-150-mb-elektra-ultratec-145w\/","title":{"rendered":"Przew\u00f3d grzewczy ELEKTRA UltraTec 10\/145 (145 W) d\u0142. 15 m"},"content":{"rendered":"<p data-start=\"0\" data-end=\"90\"><strong data-start=\"0\" data-end=\"90\">Przew\u00f3d grzejny ELEKTRA UltraTec 10\/145 \u2013 kabel do elektrycznego ogrzewania pod\u0142ogowego<\/strong><\/p>\n<p data-start=\"92\" data-end=\"532\">Przew\u00f3d grzejny <strong data-start=\"108\" data-end=\"134\">ELEKTRA UltraTec 10\/145<\/strong>\u00a0to ultracienki, gotowy do monta\u017cu kabel grzejny przeznaczony do elektrycznego ogrzewania pod\u0142ogowego w pomieszczeniach. System zosta\u0142 wyprodukowany zgodnie z norm\u0105 PN-EN 60335-1 i sk\u0142ada si\u0119 z odpornego na wysok\u0105 temperatur\u0119 przewodu grzejnego zako\u0144czonego przewodem zasilaj\u0105cym. Rozwi\u0105zanie to zapewnia efektywne ogrzewanie bezpo\u015brednie oraz wysoki komfort cieplny w pomieszczeniach mieszkalnych.<\/p>\n<p data-start=\"534\" data-end=\"851\">Kabel grzejny <strong data-start=\"548\" data-end=\"566\">UltraTec 10\/145<\/strong>\u00a0przeznaczony jest do monta\u017cu bezpo\u015brednio pod posadzk\u0105 \u2013 w warstwie elastycznego kleju do p\u0142ytek lub w masie samopoziomuj\u0105cej. Dzi\u0119ki ultracienkiej konstrukcji idealnie sprawdza si\u0119 podczas modernizacji istniej\u0105cych pod\u0142\u00f3g, gdzie istotne jest zachowanie minimalnej wysoko\u015bci posadzki.<\/p>\n<h3 data-section-id=\"heby9z\" data-start=\"853\" data-end=\"872\">Dane techniczne<\/h3>\n<p data-start=\"876\" data-end=\"901\">Moc jednostkowa: 10 W\/m<br \/>\nMoc przewodu: 145 W<br \/>\nNapi\u0119cie zasilania: 230 V ~ 50\/60 Hz<br \/>\nRodzaj przewodu grzejnego: dwu\u017cy\u0142owy, zasilany jednostronnie<br \/>\nIzolacja: FEP<br \/>\nPow\u0142oka zewn\u0119trzna: FEP odporna na wysok\u0105 temperatur\u0119<br \/>\nEkran: 100% pokrycia \u2013 obw\u00f3j z ocynowanych drut\u00f3w miedzianych<br \/>\nStopie\u0144 ochrony: IPX7<br \/>\nMin. promie\u0144 gi\u0119cia: 5 D<br \/>\nWytrzyma\u0142o\u015b\u0107 na \u015bciskanie: &gt; 600 N<br \/>\nWytrzyma\u0142o\u015b\u0107 na rozci\u0105ganie: &gt; 120 N<br \/>\nTolerancja mocy znamionowej: +5% \/ -10%<br \/>\nCertyfikaty: EAC<br \/>\nCertyfikacja systemu jako\u015bci ISO 9001: IQNET, PCBC<br \/>\nOznakowanie: CE<\/p>\n<h3 data-section-id=\"nipjsk\" data-start=\"1446\" data-end=\"1470\">Zawarto\u015b\u0107 opakowania<\/h3>\n<p data-start=\"1472\" data-end=\"1834\">Ka\u017cdy zestaw zawiera:<br data-start=\"1493\" data-end=\"1496\" \/>\u2022 przew\u00f3d grzejny <strong data-start=\"1514\" data-end=\"1540\">ELEKTRA UltraTec 10\/145<\/strong>,<br data-start=\"1541\" data-end=\"1544\" \/>\u2022 samoklej\u0105c\u0105 ta\u015bm\u0119 monta\u017cow\u0105,<br data-start=\"1574\" data-end=\"1577\" \/>\u2022 rurk\u0119 instalacyjn\u0105 do przewod\u00f3w przy\u0142\u0105czeniowych,<br data-start=\"1628\" data-end=\"1631\" \/>\u2022 rurk\u0119 instalacyjn\u0105 do czujnika temperatury (za\u015blepion\u0105 z jednej strony),<br data-start=\"1705\" data-end=\"1708\" \/>\u2022 pog\u0142\u0119bion\u0105 puszk\u0119 instalacyjn\u0105 \u00d8 60 mm do regulatora temperatury,<br data-start=\"1775\" data-end=\"1778\" \/>\u2022 kart\u0119 gwarancyjn\u0105,<br data-start=\"1798\" data-end=\"1801\" \/>\u2022 szczeg\u00f3\u0142ow\u0105 instrukcj\u0119 monta\u017cu.<\/p>\n<p data-start=\"1836\" data-end=\"2075\" data-is-last-node=\"\" data-is-only-node=\"\">Przew\u00f3d grzejny <strong data-start=\"1852\" data-end=\"1878\">ELEKTRA UltraTec 10\/145<\/strong>\u00a0to trwa\u0142e i niezawodne rozwi\u0105zanie do elektrycznego ogrzewania pod\u0142ogowego, kt\u00f3re dzi\u0119ki ultracienkiej konstrukcji zapewnia \u0142atwy monta\u017c, wysok\u0105 wydajno\u015b\u0107 grzewcz\u0105 oraz d\u0142ug\u0105 \u017cywotno\u015b\u0107 instalacji.<\/p>\n","protected":false},"excerpt":{"rendered":"<p><strong data-start=\"0\" data-end=\"51\">Przew\u00f3d grzejny ELEKTRA UltraTec 10\/145 (10 W\/m)<\/strong><\/p>\n<p>Ultracienki, odporny na wysok\u0105 temperatur\u0119 przew\u00f3d grzejny, zako\u0144czony przewodem zasilaj\u0105cym o d\u0142ugo\u015bci 2,5m. Przeznaczony jest g\u0142\u00f3wnie pod posadzki ceramiczne i kamienne, do monta\u017cu z zastosowaniem p\u0142yt <strong>KARDO Thermopanel U<\/strong> b\u0105d\u017a bezpo\u015brednio w elastycznym kleju lub masie samopoziomuj\u0105cej.<\/p>\n<article class=\"text-token-text-primary w-full focus:outline-none [--shadow-height:45px] has-data-writing-block:pointer-events-none has-data-writing-block:-mt-(--shadow-height) has-data-writing-block:pt-(--shadow-height) [&amp;:has([data-writing-block])&gt;*]:pointer-events-auto scroll-mt-[calc(var(--header-height)+min(200px,max(70px,20svh)))]\" dir=\"auto\" tabindex=\"-1\" data-turn-id=\"request-69a6a608-05a0-8326-b70c-8655c09d3207-1\" data-testid=\"conversation-turn-118\" data-scroll-anchor=\"true\" data-turn=\"assistant\">\n<div class=\"text-base my-auto mx-auto pb-10 [--thread-content-margin:var(--thread-content-margin-xs,calc(var(--spacing)*4))] @w-sm\/main:[--thread-content-margin:var(--thread-content-margin-sm,calc(var(--spacing)*6))] @w-lg\/main:[--thread-content-margin:var(--thread-content-margin-lg,calc(var(--spacing)*16))] px-(--thread-content-margin)\">\n<div class=\"[--thread-content-max-width:40rem] @w-lg\/main:[--thread-content-max-width:48rem] mx-auto max-w-(--thread-content-max-width) flex-1 group\/turn-messages focus-visible:outline-hidden relative flex w-full min-w-0 flex-col agent-turn\" tabindex=\"-1\">\n<div class=\"flex max-w-full flex-col gap-4 grow\">\n<div class=\"min-h-8 text-message relative flex w-full flex-col items-end gap-2 text-start break-words whitespace-normal [.text-message+&amp;]:mt-1\" dir=\"auto\" data-message-author-role=\"assistant\" data-message-id=\"d7b87692-d823-4c87-b0c6-6d3313e32622\" data-message-model-slug=\"gpt-5-3\">\n<div class=\"flex w-full flex-col gap-1 empty:hidden\">\n<div class=\"markdown prose dark:prose-invert w-full wrap-break-word light markdown-new-styling\">\n<ul>\n<li data-start=\"55\" data-end=\"833\"><strong>Gotowy do monta\u017cu<\/strong> \u2013 ultracienki przew\u00f3d grzejny do elektrycznego ogrzewania pod\u0142ogowego, zako\u0144czony przewodem zasilaj\u0105cym.<\/li>\n<li data-start=\"55\" data-end=\"833\"><strong>Bezpieczna konstrukcja<\/strong> \u2013 dwu\u017cy\u0142owy kabel z pe\u0142nym ekranowaniem (oplot z ocynowanych drut\u00f3w miedzianych) oraz izolacj\u0105 i pow\u0142ok\u0105 z odpornego na wysok\u0105 temperatur\u0119 FEP.<\/li>\n<li data-start=\"55\" data-end=\"833\"><strong>Wodoodporno\u015b\u0107 IPX7<\/strong> \u2013 bezpieczny do stosowania w pomieszczeniach o podwy\u017cszonej wilgotno\u015bci, np. w \u0142azienkach i kuchniach.<\/li>\n<li data-start=\"55\" data-end=\"833\"><strong>Wszechstronne zastosowanie<\/strong> \u2013 do monta\u017cu bezpo\u015brednio pod posadzk\u0105 w elastycznym kleju lub w masie samopoziomuj\u0105cej.<\/li>\n<li data-start=\"55\" data-end=\"833\"><strong>Efektywna moc<\/strong> \u2013 moc grzewcza 10 W\/m, moc ca\u0142kowita 145 W, napi\u0119cie zasilania 230 V.<\/li>\n<li data-start=\"55\" data-end=\"833\"><strong>Trwa\u0142a konstrukcja<\/strong> \u2013 odporno\u015b\u0107 na \u015bciskanie (&gt;600 N) i rozci\u0105ganie (&gt;120 N) zapewnia d\u0142ug\u0105 \u017cywotno\u015b\u0107 instalacji.<\/li>\n<li data-start=\"55\" data-end=\"833\"><strong>Certyfikaty jako\u015bci<\/strong> \u2013 CE, EAC, ISO 9001.<\/li>\n<\/ul>\n<p data-start=\"835\" data-end=\"1098\" data-is-last-node=\"\" data-is-only-node=\"\"><strong data-start=\"835\" data-end=\"850\">W zestawie:<\/strong><br data-start=\"850\" data-end=\"853\" \/>Przew\u00f3d grzejny ELEKTRA UltraTec 10\/145, samoklej\u0105ca ta\u015bma monta\u017cowa, rurka instalacyjna do przewod\u00f3w przy\u0142\u0105czeniowych, rurka instalacyjna do czujnika temperatury, pog\u0142\u0119biona puszka instalacyjna \u00d860 mm, karta gwarancyjna, instrukcja monta\u017cu (PL).<\/p>\n<\/div>\n<\/div>\n<\/div>\n<\/div>\n<\/div>\n<\/div>\n<\/article>\n","protected":false},"featured_media":7737,"comment_status":"open","ping_status":"closed","template":"","meta":{"ocean_post_layout":"","ocean_both_sidebars_style":"","ocean_both_sidebars_content_width":0,"ocean_both_sidebars_sidebars_width":0,"ocean_sidebar":"0","ocean_second_sidebar":"0","ocean_disable_margins":"enable","ocean_add_body_class":"","ocean_shortcode_before_top_bar":"","ocean_shortcode_after_top_bar":"","ocean_shortcode_before_header":"","ocean_shortcode_after_header":"","ocean_has_shortcode":"","ocean_shortcode_after_title":"","ocean_shortcode_before_footer_widgets":"","ocean_shortcode_after_footer_widgets":"","ocean_shortcode_before_footer_bottom":"","ocean_shortcode_after_footer_bottom":"","ocean_display_top_bar":"default","ocean_display_header":"default","ocean_header_style":"","ocean_center_header_left_menu":"0","ocean_custom_header_template":"0","ocean_custom_logo":0,"ocean_custom_retina_logo":0,"ocean_custom_logo_max_width":0,"ocean_custom_logo_tablet_max_width":0,"ocean_custom_logo_mobile_max_width":0,"ocean_custom_logo_max_height":0,"ocean_custom_logo_tablet_max_height":0,"ocean_custom_logo_mobile_max_height":0,"ocean_header_custom_menu":"0","ocean_menu_typo_font_family":"0","ocean_menu_typo_font_subset":"","ocean_menu_typo_font_size":0,"ocean_menu_typo_font_size_tablet":0,"ocean_menu_typo_font_size_mobile":0,"ocean_menu_typo_font_size_unit":"px","ocean_menu_typo_font_weight":"","ocean_menu_typo_font_weight_tablet":"","ocean_menu_typo_font_weight_mobile":"","ocean_menu_typo_transform":"","ocean_menu_typo_transform_tablet":"","ocean_menu_typo_transform_mobile":"","ocean_menu_typo_line_height":0,"ocean_menu_typo_line_height_tablet":0,"ocean_menu_typo_line_height_mobile":0,"ocean_menu_typo_line_height_unit":"","ocean_menu_typo_spacing":0,"ocean_menu_typo_spacing_tablet":0,"ocean_menu_typo_spacing_mobile":0,"ocean_menu_typo_spacing_unit":"","ocean_menu_link_color":"","ocean_menu_link_color_hover":"","ocean_menu_link_color_active":"","ocean_menu_link_background":"","ocean_menu_link_hover_background":"","ocean_menu_link_active_background":"","ocean_menu_social_links_bg":"","ocean_menu_social_hover_links_bg":"","ocean_menu_social_links_color":"","ocean_menu_social_hover_links_color":"","ocean_disable_title":"default","ocean_disable_heading":"default","ocean_post_title":"","ocean_post_subheading":"","ocean_post_title_style":"","ocean_post_title_background_color":"","ocean_post_title_background":0,"ocean_post_title_bg_image_position":"","ocean_post_title_bg_image_attachment":"","ocean_post_title_bg_image_repeat":"","ocean_post_title_bg_image_size":"","ocean_post_title_height":0,"ocean_post_title_bg_overlay":0.5,"ocean_post_title_bg_overlay_color":"","ocean_disable_breadcrumbs":"default","ocean_breadcrumbs_color":"","ocean_breadcrumbs_separator_color":"","ocean_breadcrumbs_links_color":"","ocean_breadcrumbs_links_hover_color":"","ocean_display_footer_widgets":"default","ocean_display_footer_bottom":"default","ocean_custom_footer_template":"0"},"product_brand":[],"product_cat":[73,149,273],"product_tag":[],"class_list":{"0":"post-2451","1":"product","2":"type-product","3":"status-publish","4":"has-post-thumbnail","6":"product_cat-elektryczne","7":"product_cat-kable-grzewcze","8":"product_cat-ultratec","9":"product_shipping_class-male","11":"entry","12":"has-media","14":"first","15":"instock","16":"sale","17":"taxable","18":"shipping-taxable","19":"purchasable","20":"product-type-simple","21":"has-product-nav","22":"col","23":"span_1_of_3","24":"owp-content-center","25":"item-entry","26":"owp-thumbs-layout-horizontal","27":"owp-btn-normal","28":"owp-tabs-layout-horizontal","29":"has-no-thumbnails"},"yoast_head":"<!-- This site is optimized with the Yoast SEO plugin v27.4 - https:\/\/yoast.com\/product\/yoast-seo-wordpress\/ -->\n<title>Przew\u00f3d grzewczy ELEKTRA UltraTec 10\/145 (145 W) d\u0142. 15 m - KARDO Sklep - Ogrzewanie pod\u0142ogowe i systemy grzejne<\/title>\n<meta name=\"robots\" content=\"index, follow, max-snippet:-1, max-image-preview:large, max-video-preview:-1\" \/>\n<link rel=\"canonical\" href=\"https:\/\/kardosystems.com\/sklep\/produkt\/przewod-grzewczy-150-mb-elektra-ultratec-145w\/\" \/>\n<meta property=\"og:locale\" content=\"pl_PL\" \/>\n<meta property=\"og:type\" content=\"article\" \/>\n<meta property=\"og:title\" content=\"Przew\u00f3d grzewczy ELEKTRA UltraTec 10\/145 (145 W) d\u0142. 15 m - KARDO Sklep - Ogrzewanie pod\u0142ogowe i systemy grzejne\" \/>\n<meta property=\"og:description\" content=\"Przew\u00f3d grzejny ELEKTRA UltraTec 10\/145 (10 W\/m)  Ultracienki, odporny na wysok\u0105 temperatur\u0119 przew\u00f3d grzejny, zako\u0144czony przewodem zasilaj\u0105cym o d\u0142ugo\u015bci 2,5m. Przeznaczony jest g\u0142\u00f3wnie pod posadzki ceramiczne i kamienne, do monta\u017cu z zastosowaniem p\u0142yt KARDO Thermopanel U b\u0105d\u017a bezpo\u015brednio w elastycznym kleju lub masie samopoziomuj\u0105cej.           Gotowy do monta\u017cu \u2013 ultracienki przew\u00f3d grzejny do elektrycznego ogrzewania pod\u0142ogowego, zako\u0144czony przewodem zasilaj\u0105cym.  Bezpieczna konstrukcja \u2013 dwu\u017cy\u0142owy kabel z pe\u0142nym ekranowaniem (oplot z ocynowanych drut\u00f3w miedzianych) oraz izolacj\u0105 i pow\u0142ok\u0105 z odpornego na wysok\u0105 temperatur\u0119 FEP.  Wodoodporno\u015b\u0107 IPX7 \u2013 bezpieczny do stosowania w pomieszczeniach o podwy\u017cszonej wilgotno\u015bci, np. w \u0142azienkach i kuchniach.  Wszechstronne zastosowanie \u2013 do monta\u017cu bezpo\u015brednio pod posadzk\u0105 w elastycznym kleju lub w masie samopoziomuj\u0105cej.  Efektywna moc \u2013 moc grzewcza 10 W\/m, moc ca\u0142kowita 145 W, napi\u0119cie zasilania 230 V.  Trwa\u0142a konstrukcja \u2013 odporno\u015b\u0107 na \u015bciskanie (&gt;600 N) i rozci\u0105ganie (&gt;120 N) zapewnia d\u0142ug\u0105 \u017cywotno\u015b\u0107 instalacji.  Certyfikaty jako\u015bci \u2013 CE, EAC, ISO 9001.  W zestawie:Przew\u00f3d grzejny ELEKTRA UltraTec 10\/145, samoklej\u0105ca ta\u015bma monta\u017cowa, rurka instalacyjna do przewod\u00f3w przy\u0142\u0105czeniowych, rurka instalacyjna do czujnika temperatury, pog\u0142\u0119biona puszka instalacyjna \u00d860 mm, karta gwarancyjna, instrukcja monta\u017cu (PL).\" \/>\n<meta property=\"og:url\" content=\"https:\/\/kardosystems.com\/sklep\/produkt\/przewod-grzewczy-150-mb-elektra-ultratec-145w\/\" \/>\n<meta property=\"og:site_name\" content=\"KARDO Sklep - Ogrzewanie pod\u0142ogowe i systemy grzejne\" \/>\n<meta property=\"article:modified_time\" content=\"2026-03-13T09:01:11+00:00\" \/>\n<meta property=\"og:image\" content=\"https:\/\/kardosystems.com\/sklep\/wp-content\/uploads\/2021\/04\/UltraTec-incl.-box-300x240-1.png\" \/>\n\t<meta property=\"og:image:width\" content=\"300\" \/>\n\t<meta property=\"og:image:height\" content=\"240\" \/>\n\t<meta property=\"og:image:type\" content=\"image\/png\" \/>\n<meta name=\"twitter:card\" content=\"summary_large_image\" \/>\n<meta name=\"twitter:label1\" content=\"Szacowany czas czytania\" \/>\n\t<meta name=\"twitter:data1\" content=\"2 minuty\" \/>\n<script type=\"application\/ld+json\" class=\"yoast-schema-graph\">{\"@context\":\"https:\\\/\\\/schema.org\",\"@graph\":[{\"@type\":\"WebPage\",\"@id\":\"https:\\\/\\\/kardosystems.com\\\/sklep\\\/produkt\\\/przewod-grzewczy-150-mb-elektra-ultratec-145w\\\/\",\"url\":\"https:\\\/\\\/kardosystems.com\\\/sklep\\\/produkt\\\/przewod-grzewczy-150-mb-elektra-ultratec-145w\\\/\",\"name\":\"Przew\u00f3d grzewczy ELEKTRA UltraTec 10\\\/145 (145 W) d\u0142. 15 m - KARDO Sklep - Ogrzewanie pod\u0142ogowe i systemy grzejne\",\"isPartOf\":{\"@id\":\"https:\\\/\\\/kardosystems.com\\\/sklep\\\/#website\"},\"primaryImageOfPage\":{\"@id\":\"https:\\\/\\\/kardosystems.com\\\/sklep\\\/produkt\\\/przewod-grzewczy-150-mb-elektra-ultratec-145w\\\/#primaryimage\"},\"image\":{\"@id\":\"https:\\\/\\\/kardosystems.com\\\/sklep\\\/produkt\\\/przewod-grzewczy-150-mb-elektra-ultratec-145w\\\/#primaryimage\"},\"thumbnailUrl\":\"https:\\\/\\\/kardosystems.com\\\/sklep\\\/wp-content\\\/uploads\\\/2021\\\/04\\\/UltraTec-incl.-box-300x240-1.png\",\"datePublished\":\"2021-04-08T10:36:57+00:00\",\"dateModified\":\"2026-03-13T09:01:11+00:00\",\"breadcrumb\":{\"@id\":\"https:\\\/\\\/kardosystems.com\\\/sklep\\\/produkt\\\/przewod-grzewczy-150-mb-elektra-ultratec-145w\\\/#breadcrumb\"},\"inLanguage\":\"pl-PL\",\"potentialAction\":[{\"@type\":\"ReadAction\",\"target\":[\"https:\\\/\\\/kardosystems.com\\\/sklep\\\/produkt\\\/przewod-grzewczy-150-mb-elektra-ultratec-145w\\\/\"]}]},{\"@type\":\"ImageObject\",\"inLanguage\":\"pl-PL\",\"@id\":\"https:\\\/\\\/kardosystems.com\\\/sklep\\\/produkt\\\/przewod-grzewczy-150-mb-elektra-ultratec-145w\\\/#primaryimage\",\"url\":\"https:\\\/\\\/kardosystems.com\\\/sklep\\\/wp-content\\\/uploads\\\/2021\\\/04\\\/UltraTec-incl.-box-300x240-1.png\",\"contentUrl\":\"https:\\\/\\\/kardosystems.com\\\/sklep\\\/wp-content\\\/uploads\\\/2021\\\/04\\\/UltraTec-incl.-box-300x240-1.png\",\"width\":300,\"height\":240},{\"@type\":\"BreadcrumbList\",\"@id\":\"https:\\\/\\\/kardosystems.com\\\/sklep\\\/produkt\\\/przewod-grzewczy-150-mb-elektra-ultratec-145w\\\/#breadcrumb\",\"itemListElement\":[{\"@type\":\"ListItem\",\"position\":1,\"name\":\"Strona g\u0142\u00f3wna\",\"item\":\"https:\\\/\\\/kardosystems.com\\\/sklep\\\/\"},{\"@type\":\"ListItem\",\"position\":2,\"name\":\"Wszystkie produkty\",\"item\":\"https:\\\/\\\/kardosystems.com\\\/sklep\\\/produkty\\\/\"},{\"@type\":\"ListItem\",\"position\":3,\"name\":\"Przew\u00f3d grzewczy ELEKTRA UltraTec 10\\\/145 (145 W) d\u0142. 15 m\"}]},{\"@type\":\"WebSite\",\"@id\":\"https:\\\/\\\/kardosystems.com\\\/sklep\\\/#website\",\"url\":\"https:\\\/\\\/kardosystems.com\\\/sklep\\\/\",\"name\":\"KARDO Sklep - Ogrzewanie pod\u0142ogowe i systemy grzejne\",\"description\":\"Systemy KARDO izolacyjno grzewcze\",\"publisher\":{\"@id\":\"https:\\\/\\\/kardosystems.com\\\/sklep\\\/#organization\"},\"potentialAction\":[{\"@type\":\"SearchAction\",\"target\":{\"@type\":\"EntryPoint\",\"urlTemplate\":\"https:\\\/\\\/kardosystems.com\\\/sklep\\\/?s={search_term_string}\"},\"query-input\":{\"@type\":\"PropertyValueSpecification\",\"valueRequired\":true,\"valueName\":\"search_term_string\"}}],\"inLanguage\":\"pl-PL\"},{\"@type\":\"Organization\",\"@id\":\"https:\\\/\\\/kardosystems.com\\\/sklep\\\/#organization\",\"name\":\"KARDO SYSTEMS\",\"url\":\"https:\\\/\\\/kardosystems.com\\\/sklep\\\/\",\"logo\":{\"@type\":\"ImageObject\",\"inLanguage\":\"pl-PL\",\"@id\":\"https:\\\/\\\/kardosystems.com\\\/sklep\\\/#\\\/schema\\\/logo\\\/image\\\/\",\"url\":\"https:\\\/\\\/kardosystems.com\\\/sklep\\\/wp-content\\\/uploads\\\/2020\\\/06\\\/cropped-logosdsdsd.png\",\"contentUrl\":\"https:\\\/\\\/kardosystems.com\\\/sklep\\\/wp-content\\\/uploads\\\/2020\\\/06\\\/cropped-logosdsdsd.png\",\"width\":512,\"height\":512,\"caption\":\"KARDO SYSTEMS\"},\"image\":{\"@id\":\"https:\\\/\\\/kardosystems.com\\\/sklep\\\/#\\\/schema\\\/logo\\\/image\\\/\"}}]}<\/script>\n<!-- \/ Yoast SEO plugin. -->","yoast_head_json":{"title":"Przew\u00f3d grzewczy ELEKTRA UltraTec 10\/145 (145 W) d\u0142. 15 m - KARDO Sklep - Ogrzewanie pod\u0142ogowe i systemy grzejne","robots":{"index":"index","follow":"follow","max-snippet":"max-snippet:-1","max-image-preview":"max-image-preview:large","max-video-preview":"max-video-preview:-1"},"canonical":"https:\/\/kardosystems.com\/sklep\/produkt\/przewod-grzewczy-150-mb-elektra-ultratec-145w\/","og_locale":"pl_PL","og_type":"article","og_title":"Przew\u00f3d grzewczy ELEKTRA UltraTec 10\/145 (145 W) d\u0142. 15 m - KARDO Sklep - Ogrzewanie pod\u0142ogowe i systemy grzejne","og_description":"Przew\u00f3d grzejny ELEKTRA UltraTec 10\/145 (10 W\/m)  Ultracienki, odporny na wysok\u0105 temperatur\u0119 przew\u00f3d grzejny, zako\u0144czony przewodem zasilaj\u0105cym o d\u0142ugo\u015bci 2,5m. Przeznaczony jest g\u0142\u00f3wnie pod posadzki ceramiczne i kamienne, do monta\u017cu z zastosowaniem p\u0142yt KARDO Thermopanel U b\u0105d\u017a bezpo\u015brednio w elastycznym kleju lub masie samopoziomuj\u0105cej.           Gotowy do monta\u017cu \u2013 ultracienki przew\u00f3d grzejny do elektrycznego ogrzewania pod\u0142ogowego, zako\u0144czony przewodem zasilaj\u0105cym.  Bezpieczna konstrukcja \u2013 dwu\u017cy\u0142owy kabel z pe\u0142nym ekranowaniem (oplot z ocynowanych drut\u00f3w miedzianych) oraz izolacj\u0105 i pow\u0142ok\u0105 z odpornego na wysok\u0105 temperatur\u0119 FEP.  Wodoodporno\u015b\u0107 IPX7 \u2013 bezpieczny do stosowania w pomieszczeniach o podwy\u017cszonej wilgotno\u015bci, np. w \u0142azienkach i kuchniach.  Wszechstronne zastosowanie \u2013 do monta\u017cu bezpo\u015brednio pod posadzk\u0105 w elastycznym kleju lub w masie samopoziomuj\u0105cej.  Efektywna moc \u2013 moc grzewcza 10 W\/m, moc ca\u0142kowita 145 W, napi\u0119cie zasilania 230 V.  Trwa\u0142a konstrukcja \u2013 odporno\u015b\u0107 na \u015bciskanie (&gt;600 N) i rozci\u0105ganie (&gt;120 N) zapewnia d\u0142ug\u0105 \u017cywotno\u015b\u0107 instalacji.  Certyfikaty jako\u015bci \u2013 CE, EAC, ISO 9001.  W zestawie:Przew\u00f3d grzejny ELEKTRA UltraTec 10\/145, samoklej\u0105ca ta\u015bma monta\u017cowa, rurka instalacyjna do przewod\u00f3w przy\u0142\u0105czeniowych, rurka instalacyjna do czujnika temperatury, pog\u0142\u0119biona puszka instalacyjna \u00d860 mm, karta gwarancyjna, instrukcja monta\u017cu (PL).","og_url":"https:\/\/kardosystems.com\/sklep\/produkt\/przewod-grzewczy-150-mb-elektra-ultratec-145w\/","og_site_name":"KARDO Sklep - Ogrzewanie pod\u0142ogowe i systemy grzejne","article_modified_time":"2026-03-13T09:01:11+00:00","og_image":[{"width":300,"height":240,"url":"https:\/\/kardosystems.com\/sklep\/wp-content\/uploads\/2021\/04\/UltraTec-incl.-box-300x240-1.png","type":"image\/png"}],"twitter_card":"summary_large_image","twitter_misc":{"Szacowany czas czytania":"2 minuty"},"schema":{"@context":"https:\/\/schema.org","@graph":[{"@type":"WebPage","@id":"https:\/\/kardosystems.com\/sklep\/produkt\/przewod-grzewczy-150-mb-elektra-ultratec-145w\/","url":"https:\/\/kardosystems.com\/sklep\/produkt\/przewod-grzewczy-150-mb-elektra-ultratec-145w\/","name":"Przew\u00f3d grzewczy ELEKTRA UltraTec 10\/145 (145 W) d\u0142. 15 m - KARDO Sklep - Ogrzewanie pod\u0142ogowe i systemy grzejne","isPartOf":{"@id":"https:\/\/kardosystems.com\/sklep\/#website"},"primaryImageOfPage":{"@id":"https:\/\/kardosystems.com\/sklep\/produkt\/przewod-grzewczy-150-mb-elektra-ultratec-145w\/#primaryimage"},"image":{"@id":"https:\/\/kardosystems.com\/sklep\/produkt\/przewod-grzewczy-150-mb-elektra-ultratec-145w\/#primaryimage"},"thumbnailUrl":"https:\/\/kardosystems.com\/sklep\/wp-content\/uploads\/2021\/04\/UltraTec-incl.-box-300x240-1.png","datePublished":"2021-04-08T10:36:57+00:00","dateModified":"2026-03-13T09:01:11+00:00","breadcrumb":{"@id":"https:\/\/kardosystems.com\/sklep\/produkt\/przewod-grzewczy-150-mb-elektra-ultratec-145w\/#breadcrumb"},"inLanguage":"pl-PL","potentialAction":[{"@type":"ReadAction","target":["https:\/\/kardosystems.com\/sklep\/produkt\/przewod-grzewczy-150-mb-elektra-ultratec-145w\/"]}]},{"@type":"ImageObject","inLanguage":"pl-PL","@id":"https:\/\/kardosystems.com\/sklep\/produkt\/przewod-grzewczy-150-mb-elektra-ultratec-145w\/#primaryimage","url":"https:\/\/kardosystems.com\/sklep\/wp-content\/uploads\/2021\/04\/UltraTec-incl.-box-300x240-1.png","contentUrl":"https:\/\/kardosystems.com\/sklep\/wp-content\/uploads\/2021\/04\/UltraTec-incl.-box-300x240-1.png","width":300,"height":240},{"@type":"BreadcrumbList","@id":"https:\/\/kardosystems.com\/sklep\/produkt\/przewod-grzewczy-150-mb-elektra-ultratec-145w\/#breadcrumb","itemListElement":[{"@type":"ListItem","position":1,"name":"Strona g\u0142\u00f3wna","item":"https:\/\/kardosystems.com\/sklep\/"},{"@type":"ListItem","position":2,"name":"Wszystkie produkty","item":"https:\/\/kardosystems.com\/sklep\/produkty\/"},{"@type":"ListItem","position":3,"name":"Przew\u00f3d grzewczy ELEKTRA UltraTec 10\/145 (145 W) d\u0142. 15 m"}]},{"@type":"WebSite","@id":"https:\/\/kardosystems.com\/sklep\/#website","url":"https:\/\/kardosystems.com\/sklep\/","name":"KARDO Sklep - Ogrzewanie pod\u0142ogowe i systemy grzejne","description":"Systemy KARDO izolacyjno grzewcze","publisher":{"@id":"https:\/\/kardosystems.com\/sklep\/#organization"},"potentialAction":[{"@type":"SearchAction","target":{"@type":"EntryPoint","urlTemplate":"https:\/\/kardosystems.com\/sklep\/?s={search_term_string}"},"query-input":{"@type":"PropertyValueSpecification","valueRequired":true,"valueName":"search_term_string"}}],"inLanguage":"pl-PL"},{"@type":"Organization","@id":"https:\/\/kardosystems.com\/sklep\/#organization","name":"KARDO SYSTEMS","url":"https:\/\/kardosystems.com\/sklep\/","logo":{"@type":"ImageObject","inLanguage":"pl-PL","@id":"https:\/\/kardosystems.com\/sklep\/#\/schema\/logo\/image\/","url":"https:\/\/kardosystems.com\/sklep\/wp-content\/uploads\/2020\/06\/cropped-logosdsdsd.png","contentUrl":"https:\/\/kardosystems.com\/sklep\/wp-content\/uploads\/2020\/06\/cropped-logosdsdsd.png","width":512,"height":512,"caption":"KARDO SYSTEMS"},"image":{"@id":"https:\/\/kardosystems.com\/sklep\/#\/schema\/logo\/image\/"}}]}},"_links":{"self":[{"href":"https:\/\/kardosystems.com\/sklep\/wp-json\/wp\/v2\/product\/2451","targetHints":{"allow":["GET"]}}],"collection":[{"href":"https:\/\/kardosystems.com\/sklep\/wp-json\/wp\/v2\/product"}],"about":[{"href":"https:\/\/kardosystems.com\/sklep\/wp-json\/wp\/v2\/types\/product"}],"replies":[{"embeddable":true,"href":"https:\/\/kardosystems.com\/sklep\/wp-json\/wp\/v2\/comments?post=2451"}],"version-history":[{"count":5,"href":"https:\/\/kardosystems.com\/sklep\/wp-json\/wp\/v2\/product\/2451\/revisions"}],"predecessor-version":[{"id":7752,"href":"https:\/\/kardosystems.com\/sklep\/wp-json\/wp\/v2\/product\/2451\/revisions\/7752"}],"wp:featuredmedia":[{"embeddable":true,"href":"https:\/\/kardosystems.com\/sklep\/wp-json\/wp\/v2\/media\/7737"}],"wp:attachment":[{"href":"https:\/\/kardosystems.com\/sklep\/wp-json\/wp\/v2\/media?parent=2451"}],"wp:term":[{"taxonomy":"product_brand","embeddable":true,"href":"https:\/\/kardosystems.com\/sklep\/wp-json\/wp\/v2\/product_brand?post=2451"},{"taxonomy":"product_cat","embeddable":true,"href":"https:\/\/kardosystems.com\/sklep\/wp-json\/wp\/v2\/product_cat?post=2451"},{"taxonomy":"product_tag","embeddable":true,"href":"https:\/\/kardosystems.com\/sklep\/wp-json\/wp\/v2\/product_tag?post=2451"}],"curies":[{"name":"wp","href":"https:\/\/api.w.org\/{rel}","templated":true}]}}