{"id":2071,"date":"2021-03-24T15:04:24","date_gmt":"2021-03-24T14:04:24","guid":{"rendered":"https:\/\/store.kardosystems.com\/?post_type=product&#038;p=2071"},"modified":"2026-04-20T14:24:43","modified_gmt":"2026-04-20T12:24:43","slug":"klej-kardo-waterpanel-proof-10l-poliuretanowy-klej-i-izolacja-wiadro","status":"publish","type":"product","link":"https:\/\/kardosystems.com\/sklep\/produkt\/klej-kardo-waterpanel-proof-10l-poliuretanowy-klej-i-izolacja-wiadro\/","title":{"rendered":"Klej KARDO PROOF 10l &#8211; poliuretanowy klej i izolacja, wiadro"},"content":{"rendered":"<p>Klej do mocowania systemu Waterpanel jak i\u00a0 p\u0142ytek &#8211;<strong>KARDO PROOF<\/strong>, sprawdzi si\u0119 przy pracach remontowych zar\u00f3wno wewn\u0105trz, jak i na zewn\u0105trz obiekt\u00f3w. Produkt mo\u017ce by\u0107 stosowany w pomieszczeniach o wysokim poziomie wilgoci oraz w miejscach nara\u017conych na szkodliwe dzia\u0142anie nadmiaru wody. Klej zabezpiecza pod\u0142o\u017ce przed szkodliwym dzia\u0142aniem niskich oraz wysokich temperatur, dzi\u0119ki czemu Twoja pod\u0142oga na d\u0142ugo zachowa oryginalny wygl\u0105d.<\/p>\n<p><span class=\"base-text base-text--product-page\">Klej do mocowania p\u0142ytek PROOF to uniwersalne rozwi\u0105zanie przy pracach remontowych. Jest to klej systemowy KARDO i przebadany pod k\u0105tem ich dzia\u0142ania. Produkt mo\u017ce s\u0142u\u017cy\u0107 nie tylko do spajania kafelek, ale r\u00f3wnie\u017c jako szczelny \u015brodek izolacyjny. Klej jest sprawdzonym rozwi\u0105zaniem do wi\u0119kszo\u015bci powierzchni \u2013 mo\u017ce by\u0107 stosowany do mocowania p\u0142ytek zar\u00f3wno z materia\u0142ami budowlanymi, drewnem, jak i starymi p\u0142ytkami. Produkt zabezpiecza pod\u0142o\u017ce przed szkodliwym dzia\u0142aniem zalegaj\u0105cej wody, a tak\u017ce niekorzystnym wp\u0142ywem bardzo niskich oraz wysokich temperatur. Preparat mo\u017ce s\u0142u\u017cy\u0107 tak\u017ce jako \u015brodek do wyr\u00f3wnywania pod\u0142o\u017ca, dzi\u0119ki czemu Twoja pod\u0142oga b\u0119dzie si\u0119 estetycznie prezentowa\u0107. Klej skutecznie obni\u017ca s\u0142yszalno\u015b\u0107 krok\u00f3w, przez co jest pomocny w redukowaniu ha\u0142asu wewn\u0105trz obiekt\u00f3w.<\/span><\/p>\n<p><strong>Wydajno\u015b\u0107<\/strong> kleju to 1,5 kg \/ m2<\/p>\n","protected":false},"excerpt":{"rendered":"<p>Klej <strong>KARDO PROOF<\/strong>, sprawdzi si\u0119 przy pracach remontowych zar\u00f3wno wewn\u0105trz, jak i na zewn\u0105trz obiekt\u00f3w. Produkt mo\u017ce by\u0107 stosowany w pomieszczeniach o wysokim poziomie wilgoci oraz w miejscach nara\u017conych na szkodliwe dzia\u0142anie nadmiaru wody. Klej zabezpiecza pod\u0142o\u017ce przed szkodliwym dzia\u0142aniem niskich oraz wysokich temperatur. Klej jest <strong>przebadany<\/strong> laboratoryjnie z Systemami KARDO i dedykowany jako jeden z komponent\u00f3w tego systemu pod p\u0142ytki gresu. Klej Proof <strong>\u0142\u0105czy od razu<\/strong> warstw\u0119 aluminium i gres\/terakot\u0119, co sprawia i\u017c system jest montowany w jeden dzie\u0144.<\/p>\n<p><strong>D\u0142ugo\u015b\u0107<\/strong>: 23 cm<br \/>\n<strong>Wysoko\u015b\u0107<\/strong>: 23 cm<br \/>\n<strong>Szeroko\u015b\u0107: <\/strong>28.5 cm<br \/>\n<strong>Waga:<\/strong> 13,4 kg<br \/>\n<strong>Pojemno\u015b\u0107<\/strong>: 10l<br \/>\n<strong>Wydajno\u015b\u0107<\/strong>: 1,5 kg\/ m2<\/p>\n","protected":false},"featured_media":2061,"comment_status":"open","ping_status":"closed","template":"","meta":{"ocean_post_layout":"","ocean_both_sidebars_style":"","ocean_both_sidebars_content_width":0,"ocean_both_sidebars_sidebars_width":0,"ocean_sidebar":"0","ocean_second_sidebar":"0","ocean_disable_margins":"enable","ocean_add_body_class":"","ocean_shortcode_before_top_bar":"","ocean_shortcode_after_top_bar":"","ocean_shortcode_before_header":"","ocean_shortcode_after_header":"","ocean_has_shortcode":"","ocean_shortcode_after_title":"","ocean_shortcode_before_footer_widgets":"","ocean_shortcode_after_footer_widgets":"","ocean_shortcode_before_footer_bottom":"","ocean_shortcode_after_footer_bottom":"","ocean_display_top_bar":"default","ocean_display_header":"default","ocean_header_style":"","ocean_center_header_left_menu":"0","ocean_custom_header_template":"0","ocean_custom_logo":0,"ocean_custom_retina_logo":0,"ocean_custom_logo_max_width":0,"ocean_custom_logo_tablet_max_width":0,"ocean_custom_logo_mobile_max_width":0,"ocean_custom_logo_max_height":0,"ocean_custom_logo_tablet_max_height":0,"ocean_custom_logo_mobile_max_height":0,"ocean_header_custom_menu":"0","ocean_menu_typo_font_family":"0","ocean_menu_typo_font_subset":"","ocean_menu_typo_font_size":0,"ocean_menu_typo_font_size_tablet":0,"ocean_menu_typo_font_size_mobile":0,"ocean_menu_typo_font_size_unit":"px","ocean_menu_typo_font_weight":"","ocean_menu_typo_font_weight_tablet":"","ocean_menu_typo_font_weight_mobile":"","ocean_menu_typo_transform":"","ocean_menu_typo_transform_tablet":"","ocean_menu_typo_transform_mobile":"","ocean_menu_typo_line_height":0,"ocean_menu_typo_line_height_tablet":0,"ocean_menu_typo_line_height_mobile":0,"ocean_menu_typo_line_height_unit":"","ocean_menu_typo_spacing":0,"ocean_menu_typo_spacing_tablet":0,"ocean_menu_typo_spacing_mobile":0,"ocean_menu_typo_spacing_unit":"","ocean_menu_link_color":"","ocean_menu_link_color_hover":"","ocean_menu_link_color_active":"","ocean_menu_link_background":"","ocean_menu_link_hover_background":"","ocean_menu_link_active_background":"","ocean_menu_social_links_bg":"","ocean_menu_social_hover_links_bg":"","ocean_menu_social_links_color":"","ocean_menu_social_hover_links_color":"","ocean_disable_title":"default","ocean_disable_heading":"default","ocean_post_title":"","ocean_post_subheading":"","ocean_post_title_style":"","ocean_post_title_background_color":"","ocean_post_title_background":0,"ocean_post_title_bg_image_position":"","ocean_post_title_bg_image_attachment":"","ocean_post_title_bg_image_repeat":"","ocean_post_title_bg_image_size":"","ocean_post_title_height":0,"ocean_post_title_bg_overlay":0.5,"ocean_post_title_bg_overlay_color":"","ocean_disable_breadcrumbs":"default","ocean_breadcrumbs_color":"","ocean_breadcrumbs_separator_color":"","ocean_breadcrumbs_links_color":"","ocean_breadcrumbs_links_hover_color":"","ocean_display_footer_widgets":"default","ocean_display_footer_bottom":"default","ocean_custom_footer_template":"0"},"product_brand":[],"product_cat":[181,209,179,197],"product_tag":[],"class_list":{"0":"post-2071","1":"product","2":"type-product","3":"status-publish","4":"has-post-thumbnail","6":"product_cat-wpanelel","7":"product_cat-wpanelxe","8":"product_cat-wpanelxl","9":"product_cat-kleje","11":"entry","12":"has-media","14":"first","15":"instock","16":"taxable","17":"shipping-taxable","18":"purchasable","19":"product-type-simple","20":"has-product-nav","21":"col","22":"span_1_of_3","23":"owp-content-center","24":"item-entry","25":"owp-thumbs-layout-horizontal","26":"owp-btn-normal","27":"owp-tabs-layout-horizontal","28":"has-no-thumbnails"},"yoast_head":"<!-- This site is optimized with the Yoast SEO plugin v27.5 - https:\/\/yoast.com\/product\/yoast-seo-wordpress\/ -->\n<title>Klej KARDO PROOF 10l - poliuretanowy klej i izolacja, wiadro - KARDO Sklep - Ogrzewanie pod\u0142ogowe i systemy grzejne<\/title>\n<meta name=\"robots\" content=\"index, follow, max-snippet:-1, max-image-preview:large, max-video-preview:-1\" \/>\n<link rel=\"canonical\" href=\"https:\/\/kardosystems.com\/sklep\/produkt\/klej-kardo-waterpanel-proof-10l-poliuretanowy-klej-i-izolacja-wiadro\/\" \/>\n<meta property=\"og:locale\" content=\"pl_PL\" \/>\n<meta property=\"og:type\" content=\"article\" \/>\n<meta property=\"og:title\" content=\"Klej KARDO PROOF 10l - poliuretanowy klej i izolacja, wiadro - KARDO Sklep - Ogrzewanie pod\u0142ogowe i systemy grzejne\" \/>\n<meta property=\"og:description\" content=\"Klej KARDO PROOF, sprawdzi si\u0119 przy pracach remontowych zar\u00f3wno wewn\u0105trz, jak i na zewn\u0105trz obiekt\u00f3w. Produkt mo\u017ce by\u0107 stosowany w pomieszczeniach o wysokim poziomie wilgoci oraz w miejscach nara\u017conych na szkodliwe dzia\u0142anie nadmiaru wody. Klej zabezpiecza pod\u0142o\u017ce przed szkodliwym dzia\u0142aniem niskich oraz wysokich temperatur. Klej jest przebadany laboratoryjnie z Systemami KARDO i dedykowany jako jeden z komponent\u00f3w tego systemu pod p\u0142ytki gresu. Klej Proof \u0142\u0105czy od razu warstw\u0119 aluminium i gres\/terakot\u0119, co sprawia i\u017c system jest montowany w jeden dzie\u0144.  D\u0142ugo\u015b\u0107: 23 cm Wysoko\u015b\u0107: 23 cm Szeroko\u015b\u0107: 28.5 cm Waga: 13,4 kg Pojemno\u015b\u0107: 10l Wydajno\u015b\u0107: 1,5 kg\/ m2\" \/>\n<meta property=\"og:url\" content=\"https:\/\/kardosystems.com\/sklep\/produkt\/klej-kardo-waterpanel-proof-10l-poliuretanowy-klej-i-izolacja-wiadro\/\" \/>\n<meta property=\"og:site_name\" content=\"KARDO Sklep - Ogrzewanie pod\u0142ogowe i systemy grzejne\" \/>\n<meta property=\"article:modified_time\" content=\"2026-04-20T12:24:43+00:00\" \/>\n<meta property=\"og:image\" content=\"https:\/\/kardosystems.com\/sklep\/wp-content\/uploads\/2021\/03\/water-proof.jpg\" \/>\n\t<meta property=\"og:image:width\" content=\"650\" \/>\n\t<meta property=\"og:image:height\" content=\"650\" \/>\n\t<meta property=\"og:image:type\" content=\"image\/jpeg\" \/>\n<meta name=\"twitter:card\" content=\"summary_large_image\" \/>\n<meta name=\"twitter:label1\" content=\"Szacowany czas czytania\" \/>\n\t<meta name=\"twitter:data1\" content=\"2 minuty\" \/>\n<script type=\"application\/ld+json\" class=\"yoast-schema-graph\">{\"@context\":\"https:\\\/\\\/schema.org\",\"@graph\":[{\"@type\":\"WebPage\",\"@id\":\"https:\\\/\\\/kardosystems.com\\\/sklep\\\/produkt\\\/klej-kardo-waterpanel-proof-10l-poliuretanowy-klej-i-izolacja-wiadro\\\/\",\"url\":\"https:\\\/\\\/kardosystems.com\\\/sklep\\\/produkt\\\/klej-kardo-waterpanel-proof-10l-poliuretanowy-klej-i-izolacja-wiadro\\\/\",\"name\":\"Klej KARDO PROOF 10l - poliuretanowy klej i izolacja, wiadro - KARDO Sklep - Ogrzewanie pod\u0142ogowe i systemy grzejne\",\"isPartOf\":{\"@id\":\"https:\\\/\\\/kardosystems.com\\\/sklep\\\/#website\"},\"primaryImageOfPage\":{\"@id\":\"https:\\\/\\\/kardosystems.com\\\/sklep\\\/produkt\\\/klej-kardo-waterpanel-proof-10l-poliuretanowy-klej-i-izolacja-wiadro\\\/#primaryimage\"},\"image\":{\"@id\":\"https:\\\/\\\/kardosystems.com\\\/sklep\\\/produkt\\\/klej-kardo-waterpanel-proof-10l-poliuretanowy-klej-i-izolacja-wiadro\\\/#primaryimage\"},\"thumbnailUrl\":\"https:\\\/\\\/kardosystems.com\\\/sklep\\\/wp-content\\\/uploads\\\/2021\\\/03\\\/water-proof.jpg\",\"datePublished\":\"2021-03-24T14:04:24+00:00\",\"dateModified\":\"2026-04-20T12:24:43+00:00\",\"breadcrumb\":{\"@id\":\"https:\\\/\\\/kardosystems.com\\\/sklep\\\/produkt\\\/klej-kardo-waterpanel-proof-10l-poliuretanowy-klej-i-izolacja-wiadro\\\/#breadcrumb\"},\"inLanguage\":\"pl-PL\",\"potentialAction\":[{\"@type\":\"ReadAction\",\"target\":[\"https:\\\/\\\/kardosystems.com\\\/sklep\\\/produkt\\\/klej-kardo-waterpanel-proof-10l-poliuretanowy-klej-i-izolacja-wiadro\\\/\"]}]},{\"@type\":\"ImageObject\",\"inLanguage\":\"pl-PL\",\"@id\":\"https:\\\/\\\/kardosystems.com\\\/sklep\\\/produkt\\\/klej-kardo-waterpanel-proof-10l-poliuretanowy-klej-i-izolacja-wiadro\\\/#primaryimage\",\"url\":\"https:\\\/\\\/kardosystems.com\\\/sklep\\\/wp-content\\\/uploads\\\/2021\\\/03\\\/water-proof.jpg\",\"contentUrl\":\"https:\\\/\\\/kardosystems.com\\\/sklep\\\/wp-content\\\/uploads\\\/2021\\\/03\\\/water-proof.jpg\",\"width\":650,\"height\":650},{\"@type\":\"BreadcrumbList\",\"@id\":\"https:\\\/\\\/kardosystems.com\\\/sklep\\\/produkt\\\/klej-kardo-waterpanel-proof-10l-poliuretanowy-klej-i-izolacja-wiadro\\\/#breadcrumb\",\"itemListElement\":[{\"@type\":\"ListItem\",\"position\":1,\"name\":\"Strona g\u0142\u00f3wna\",\"item\":\"https:\\\/\\\/kardosystems.com\\\/sklep\\\/\"},{\"@type\":\"ListItem\",\"position\":2,\"name\":\"Wszystkie produkty\",\"item\":\"https:\\\/\\\/kardosystems.com\\\/sklep\\\/produkty\\\/\"},{\"@type\":\"ListItem\",\"position\":3,\"name\":\"Klej KARDO PROOF 10l &#8211; poliuretanowy klej i izolacja, wiadro\"}]},{\"@type\":\"WebSite\",\"@id\":\"https:\\\/\\\/kardosystems.com\\\/sklep\\\/#website\",\"url\":\"https:\\\/\\\/kardosystems.com\\\/sklep\\\/\",\"name\":\"KARDO Sklep - Ogrzewanie pod\u0142ogowe i systemy grzejne\",\"description\":\"Systemy KARDO izolacyjno grzewcze\",\"publisher\":{\"@id\":\"https:\\\/\\\/kardosystems.com\\\/sklep\\\/#organization\"},\"potentialAction\":[{\"@type\":\"SearchAction\",\"target\":{\"@type\":\"EntryPoint\",\"urlTemplate\":\"https:\\\/\\\/kardosystems.com\\\/sklep\\\/?s={search_term_string}\"},\"query-input\":{\"@type\":\"PropertyValueSpecification\",\"valueRequired\":true,\"valueName\":\"search_term_string\"}}],\"inLanguage\":\"pl-PL\"},{\"@type\":\"Organization\",\"@id\":\"https:\\\/\\\/kardosystems.com\\\/sklep\\\/#organization\",\"name\":\"KARDO SYSTEMS\",\"url\":\"https:\\\/\\\/kardosystems.com\\\/sklep\\\/\",\"logo\":{\"@type\":\"ImageObject\",\"inLanguage\":\"pl-PL\",\"@id\":\"https:\\\/\\\/kardosystems.com\\\/sklep\\\/#\\\/schema\\\/logo\\\/image\\\/\",\"url\":\"https:\\\/\\\/kardosystems.com\\\/sklep\\\/wp-content\\\/uploads\\\/2020\\\/06\\\/cropped-logosdsdsd.png\",\"contentUrl\":\"https:\\\/\\\/kardosystems.com\\\/sklep\\\/wp-content\\\/uploads\\\/2020\\\/06\\\/cropped-logosdsdsd.png\",\"width\":512,\"height\":512,\"caption\":\"KARDO SYSTEMS\"},\"image\":{\"@id\":\"https:\\\/\\\/kardosystems.com\\\/sklep\\\/#\\\/schema\\\/logo\\\/image\\\/\"}}]}<\/script>\n<!-- \/ Yoast SEO plugin. -->","yoast_head_json":{"title":"Klej KARDO PROOF 10l - poliuretanowy klej i izolacja, wiadro - KARDO Sklep - Ogrzewanie pod\u0142ogowe i systemy grzejne","robots":{"index":"index","follow":"follow","max-snippet":"max-snippet:-1","max-image-preview":"max-image-preview:large","max-video-preview":"max-video-preview:-1"},"canonical":"https:\/\/kardosystems.com\/sklep\/produkt\/klej-kardo-waterpanel-proof-10l-poliuretanowy-klej-i-izolacja-wiadro\/","og_locale":"pl_PL","og_type":"article","og_title":"Klej KARDO PROOF 10l - poliuretanowy klej i izolacja, wiadro - KARDO Sklep - Ogrzewanie pod\u0142ogowe i systemy grzejne","og_description":"Klej KARDO PROOF, sprawdzi si\u0119 przy pracach remontowych zar\u00f3wno wewn\u0105trz, jak i na zewn\u0105trz obiekt\u00f3w. Produkt mo\u017ce by\u0107 stosowany w pomieszczeniach o wysokim poziomie wilgoci oraz w miejscach nara\u017conych na szkodliwe dzia\u0142anie nadmiaru wody. Klej zabezpiecza pod\u0142o\u017ce przed szkodliwym dzia\u0142aniem niskich oraz wysokich temperatur. Klej jest przebadany laboratoryjnie z Systemami KARDO i dedykowany jako jeden z komponent\u00f3w tego systemu pod p\u0142ytki gresu. Klej Proof \u0142\u0105czy od razu warstw\u0119 aluminium i gres\/terakot\u0119, co sprawia i\u017c system jest montowany w jeden dzie\u0144.  D\u0142ugo\u015b\u0107: 23 cm Wysoko\u015b\u0107: 23 cm Szeroko\u015b\u0107: 28.5 cm Waga: 13,4 kg Pojemno\u015b\u0107: 10l Wydajno\u015b\u0107: 1,5 kg\/ m2","og_url":"https:\/\/kardosystems.com\/sklep\/produkt\/klej-kardo-waterpanel-proof-10l-poliuretanowy-klej-i-izolacja-wiadro\/","og_site_name":"KARDO Sklep - Ogrzewanie pod\u0142ogowe i systemy grzejne","article_modified_time":"2026-04-20T12:24:43+00:00","og_image":[{"width":650,"height":650,"url":"https:\/\/kardosystems.com\/sklep\/wp-content\/uploads\/2021\/03\/water-proof.jpg","type":"image\/jpeg"}],"twitter_card":"summary_large_image","twitter_misc":{"Szacowany czas czytania":"2 minuty"},"schema":{"@context":"https:\/\/schema.org","@graph":[{"@type":"WebPage","@id":"https:\/\/kardosystems.com\/sklep\/produkt\/klej-kardo-waterpanel-proof-10l-poliuretanowy-klej-i-izolacja-wiadro\/","url":"https:\/\/kardosystems.com\/sklep\/produkt\/klej-kardo-waterpanel-proof-10l-poliuretanowy-klej-i-izolacja-wiadro\/","name":"Klej KARDO PROOF 10l - poliuretanowy klej i izolacja, wiadro - KARDO Sklep - Ogrzewanie pod\u0142ogowe i systemy grzejne","isPartOf":{"@id":"https:\/\/kardosystems.com\/sklep\/#website"},"primaryImageOfPage":{"@id":"https:\/\/kardosystems.com\/sklep\/produkt\/klej-kardo-waterpanel-proof-10l-poliuretanowy-klej-i-izolacja-wiadro\/#primaryimage"},"image":{"@id":"https:\/\/kardosystems.com\/sklep\/produkt\/klej-kardo-waterpanel-proof-10l-poliuretanowy-klej-i-izolacja-wiadro\/#primaryimage"},"thumbnailUrl":"https:\/\/kardosystems.com\/sklep\/wp-content\/uploads\/2021\/03\/water-proof.jpg","datePublished":"2021-03-24T14:04:24+00:00","dateModified":"2026-04-20T12:24:43+00:00","breadcrumb":{"@id":"https:\/\/kardosystems.com\/sklep\/produkt\/klej-kardo-waterpanel-proof-10l-poliuretanowy-klej-i-izolacja-wiadro\/#breadcrumb"},"inLanguage":"pl-PL","potentialAction":[{"@type":"ReadAction","target":["https:\/\/kardosystems.com\/sklep\/produkt\/klej-kardo-waterpanel-proof-10l-poliuretanowy-klej-i-izolacja-wiadro\/"]}]},{"@type":"ImageObject","inLanguage":"pl-PL","@id":"https:\/\/kardosystems.com\/sklep\/produkt\/klej-kardo-waterpanel-proof-10l-poliuretanowy-klej-i-izolacja-wiadro\/#primaryimage","url":"https:\/\/kardosystems.com\/sklep\/wp-content\/uploads\/2021\/03\/water-proof.jpg","contentUrl":"https:\/\/kardosystems.com\/sklep\/wp-content\/uploads\/2021\/03\/water-proof.jpg","width":650,"height":650},{"@type":"BreadcrumbList","@id":"https:\/\/kardosystems.com\/sklep\/produkt\/klej-kardo-waterpanel-proof-10l-poliuretanowy-klej-i-izolacja-wiadro\/#breadcrumb","itemListElement":[{"@type":"ListItem","position":1,"name":"Strona g\u0142\u00f3wna","item":"https:\/\/kardosystems.com\/sklep\/"},{"@type":"ListItem","position":2,"name":"Wszystkie produkty","item":"https:\/\/kardosystems.com\/sklep\/produkty\/"},{"@type":"ListItem","position":3,"name":"Klej KARDO PROOF 10l &#8211; poliuretanowy klej i izolacja, wiadro"}]},{"@type":"WebSite","@id":"https:\/\/kardosystems.com\/sklep\/#website","url":"https:\/\/kardosystems.com\/sklep\/","name":"KARDO Sklep - Ogrzewanie pod\u0142ogowe i systemy grzejne","description":"Systemy KARDO izolacyjno grzewcze","publisher":{"@id":"https:\/\/kardosystems.com\/sklep\/#organization"},"potentialAction":[{"@type":"SearchAction","target":{"@type":"EntryPoint","urlTemplate":"https:\/\/kardosystems.com\/sklep\/?s={search_term_string}"},"query-input":{"@type":"PropertyValueSpecification","valueRequired":true,"valueName":"search_term_string"}}],"inLanguage":"pl-PL"},{"@type":"Organization","@id":"https:\/\/kardosystems.com\/sklep\/#organization","name":"KARDO SYSTEMS","url":"https:\/\/kardosystems.com\/sklep\/","logo":{"@type":"ImageObject","inLanguage":"pl-PL","@id":"https:\/\/kardosystems.com\/sklep\/#\/schema\/logo\/image\/","url":"https:\/\/kardosystems.com\/sklep\/wp-content\/uploads\/2020\/06\/cropped-logosdsdsd.png","contentUrl":"https:\/\/kardosystems.com\/sklep\/wp-content\/uploads\/2020\/06\/cropped-logosdsdsd.png","width":512,"height":512,"caption":"KARDO SYSTEMS"},"image":{"@id":"https:\/\/kardosystems.com\/sklep\/#\/schema\/logo\/image\/"}}]}},"_links":{"self":[{"href":"https:\/\/kardosystems.com\/sklep\/wp-json\/wp\/v2\/product\/2071","targetHints":{"allow":["GET"]}}],"collection":[{"href":"https:\/\/kardosystems.com\/sklep\/wp-json\/wp\/v2\/product"}],"about":[{"href":"https:\/\/kardosystems.com\/sklep\/wp-json\/wp\/v2\/types\/product"}],"replies":[{"embeddable":true,"href":"https:\/\/kardosystems.com\/sklep\/wp-json\/wp\/v2\/comments?post=2071"}],"version-history":[{"count":6,"href":"https:\/\/kardosystems.com\/sklep\/wp-json\/wp\/v2\/product\/2071\/revisions"}],"predecessor-version":[{"id":3397,"href":"https:\/\/kardosystems.com\/sklep\/wp-json\/wp\/v2\/product\/2071\/revisions\/3397"}],"wp:featuredmedia":[{"embeddable":true,"href":"https:\/\/kardosystems.com\/sklep\/wp-json\/wp\/v2\/media\/2061"}],"wp:attachment":[{"href":"https:\/\/kardosystems.com\/sklep\/wp-json\/wp\/v2\/media?parent=2071"}],"wp:term":[{"taxonomy":"product_brand","embeddable":true,"href":"https:\/\/kardosystems.com\/sklep\/wp-json\/wp\/v2\/product_brand?post=2071"},{"taxonomy":"product_cat","embeddable":true,"href":"https:\/\/kardosystems.com\/sklep\/wp-json\/wp\/v2\/product_cat?post=2071"},{"taxonomy":"product_tag","embeddable":true,"href":"https:\/\/kardosystems.com\/sklep\/wp-json\/wp\/v2\/product_tag?post=2071"}],"curies":[{"name":"wp","href":"https:\/\/api.w.org\/{rel}","templated":true}]}}