{"id":1529,"date":"2020-10-02T15:34:22","date_gmt":"2020-10-02T13:34:22","guid":{"rendered":"https:\/\/store.kardosystems.com\/?post_type=product&#038;p=1529"},"modified":"2026-03-20T12:40:26","modified_gmt":"2026-03-20T11:40:26","slug":"termostat-ax-te4-z-czujnikiem-powietrznym-i-podlogowym","status":"publish","type":"product","link":"https:\/\/kardosystems.com\/sklep\/produkt\/termostat-ax-te4-z-czujnikiem-powietrznym-i-podlogowym\/","title":{"rendered":"TERMOSTAT KARDO-TE4 z czujnikiem powietrznym i pod\u0142ogowym |Regulator TE-4"},"content":{"rendered":"<section class=\"section\">\n<div class=\"item item-6\">\n<section class=\"text-item\"><b>Elektroniczny regulator TE4<\/b> przeznaczony do regulowania temperatury mieszka\u0144, domk\u00f3w jednorodzinnych, lokali u\u017cytkowych. Nowoczesna konstrukcja i technologia, wysoka jako\u015b\u0107 podzespo\u0142\u00f3w, gwarantuj\u0105 wysok\u0105 jako\u015b\u0107 produktu i niezawodno\u015b\u0107. Mo\u017cna go stosowa\u0107\u00a0 do ogrzewania\u00a0 centralnego (gazowego, na rop\u0119 itp.) oraz elektrycznego lub wodnego ogrzewania pod\u0142ogowego.<\/section>\n<section><\/section>\n<\/div>\n<\/section>\n<section class=\"section\">\n<div class=\"item item-12\">\n<section class=\"text-item\"><b>Mo\u017cliwo\u015b\u0107 wyboru funkcji:<\/b><\/section>\n<section class=\"text-item\">1. regulator temperatury powietrza<\/section>\n<section class=\"text-item\">2. regulator temperatur pod\u0142ogi (z czujnikiem temperatury pod\u0142ogi)<\/section>\n<section class=\"text-item\">3. regulator temperatury powietrza i ograniczanie temperatury pod\u0142ogi szczeg\u00f3lnie przydatny w ogrzewaniu mieszanym np. pod\u0142ogowe + ogrzewanie centralne, kominek itp.<\/section>\n<\/div>\n<\/section>\n<section><\/section>\n<section>Model <b>KARDO-TE4<\/b>\u00a0zast\u0105pi\u0142 star\u0105 wersj\u0119 produktu <b>AX-TE4.<\/b> Jest to nadal ten sam producent i produkcja odbywa si\u0119 w Polsce.<\/section>\n","protected":false},"excerpt":{"rendered":"<section class=\"section\">\n<div class=\"item item-6\">\n<section class=\"text-item\"><b>Elektroniczny regulator KARDO &#8211; TE4<\/b> przeznaczony do regulowania temperatury mieszka\u0144, domk\u00f3w jednorodzinnych, lokali u\u017cytkowych. Mo\u017cna go stosowa\u0107\u00a0 do ogrzewania\u00a0 centralnego (gazowego, na rop\u0119 itp.) oraz elektrycznego lub wodnego ogrzewania pod\u0142ogowego.<\/section>\n<\/div>\n<\/section>\n<section class=\"section\">\n<div class=\"item item-12\">\n<section class=\"text-item\">zasilanie: 220V\/50Hz, 3600VA<br \/>\nzakres regulacji temperatury: +5 st.C do +35 st.C<br \/>\nhistereza dla regulacji temperatury powietrza:\u00a0 0,5 st.C<br \/>\nhistereza dla regulacji temperatury pod\u0142ogi: +1 st.C<br \/>\nwymiary: 90 x 85 x 30mm<br \/>\nd\u0142. czujnika temperatury: 2,5 mb<\/section>\n<\/div>\n<\/section>\n<section><\/section>\n<section>Model <b>KARDO-TE4<\/b>\u00a0zast\u0105pi\u0142 star\u0105 wersj\u0119 produktu <b>AX-TE4.<\/b> Jest to nadal ten sam producent i produkcja odbywa si\u0119 w Polsce.<\/section>\n","protected":false},"featured_media":7706,"comment_status":"open","ping_status":"closed","template":"","meta":{"ocean_post_layout":"","ocean_both_sidebars_style":"","ocean_both_sidebars_content_width":0,"ocean_both_sidebars_sidebars_width":0,"ocean_sidebar":"0","ocean_second_sidebar":"0","ocean_disable_margins":"enable","ocean_add_body_class":"","ocean_shortcode_before_top_bar":"","ocean_shortcode_after_top_bar":"","ocean_shortcode_before_header":"","ocean_shortcode_after_header":"","ocean_has_shortcode":"","ocean_shortcode_after_title":"","ocean_shortcode_before_footer_widgets":"","ocean_shortcode_after_footer_widgets":"","ocean_shortcode_before_footer_bottom":"","ocean_shortcode_after_footer_bottom":"","ocean_display_top_bar":"default","ocean_display_header":"default","ocean_header_style":"","ocean_center_header_left_menu":"0","ocean_custom_header_template":"0","ocean_custom_logo":0,"ocean_custom_retina_logo":0,"ocean_custom_logo_max_width":0,"ocean_custom_logo_tablet_max_width":0,"ocean_custom_logo_mobile_max_width":0,"ocean_custom_logo_max_height":0,"ocean_custom_logo_tablet_max_height":0,"ocean_custom_logo_mobile_max_height":0,"ocean_header_custom_menu":"0","ocean_menu_typo_font_family":"0","ocean_menu_typo_font_subset":"","ocean_menu_typo_font_size":0,"ocean_menu_typo_font_size_tablet":0,"ocean_menu_typo_font_size_mobile":0,"ocean_menu_typo_font_size_unit":"px","ocean_menu_typo_font_weight":"","ocean_menu_typo_font_weight_tablet":"","ocean_menu_typo_font_weight_mobile":"","ocean_menu_typo_transform":"","ocean_menu_typo_transform_tablet":"","ocean_menu_typo_transform_mobile":"","ocean_menu_typo_line_height":0,"ocean_menu_typo_line_height_tablet":0,"ocean_menu_typo_line_height_mobile":0,"ocean_menu_typo_line_height_unit":"","ocean_menu_typo_spacing":0,"ocean_menu_typo_spacing_tablet":0,"ocean_menu_typo_spacing_mobile":0,"ocean_menu_typo_spacing_unit":"","ocean_menu_link_color":"","ocean_menu_link_color_hover":"","ocean_menu_link_color_active":"","ocean_menu_link_background":"","ocean_menu_link_hover_background":"","ocean_menu_link_active_background":"","ocean_menu_social_links_bg":"","ocean_menu_social_hover_links_bg":"","ocean_menu_social_links_color":"","ocean_menu_social_hover_links_color":"","ocean_disable_title":"default","ocean_disable_heading":"default","ocean_post_title":"","ocean_post_subheading":"","ocean_post_title_style":"","ocean_post_title_background_color":"","ocean_post_title_background":0,"ocean_post_title_bg_image_position":"","ocean_post_title_bg_image_attachment":"","ocean_post_title_bg_image_repeat":"","ocean_post_title_bg_image_size":"","ocean_post_title_height":0,"ocean_post_title_bg_overlay":0.5,"ocean_post_title_bg_overlay_color":"","ocean_disable_breadcrumbs":"default","ocean_breadcrumbs_color":"","ocean_breadcrumbs_separator_color":"","ocean_breadcrumbs_links_color":"","ocean_breadcrumbs_links_hover_color":"","ocean_display_footer_widgets":"default","ocean_display_footer_bottom":"default","ocean_custom_footer_template":"0"},"product_brand":[],"product_cat":[66],"product_tag":[165,162,167,166,170,163,171,164,210,169],"class_list":{"0":"post-1529","1":"product","2":"type-product","3":"status-publish","4":"has-post-thumbnail","6":"product_cat-regulator","7":"product_tag-prosty-termostat","8":"product_tag-termostat","9":"product_tag-termostat-do-kabli","10":"product_tag-termostat-do-mat","11":"product_tag-termostat-do-ogrzewania","12":"product_tag-termostat-do-ogrzewania-podlogowego","13":"product_tag-termostat-do-podlogowki","14":"product_tag-termostat-natynkowy","15":"product_tag-termostat-te4","16":"product_tag-termostat-z-pokretlem","17":"product_shipping_class-male","19":"entry","20":"has-media","22":"first","23":"instock","24":"sale","25":"taxable","26":"shipping-taxable","27":"purchasable","28":"product-type-simple","29":"has-rating","30":"has-product-nav","31":"col","32":"span_1_of_3","33":"owp-content-center","34":"item-entry","35":"owp-thumbs-layout-horizontal","36":"owp-btn-normal","37":"owp-tabs-layout-horizontal"},"yoast_head":"<!-- This site is optimized with the Yoast SEO plugin v27.4 - https:\/\/yoast.com\/product\/yoast-seo-wordpress\/ -->\n<title>TERMOSTAT KARDO-TE4 z czujnikiem powietrznym i pod\u0142ogowym |Regulator TE-4 - KARDO Sklep - Ogrzewanie pod\u0142ogowe i systemy grzejne<\/title>\n<meta name=\"robots\" content=\"index, follow, max-snippet:-1, max-image-preview:large, max-video-preview:-1\" \/>\n<link rel=\"canonical\" href=\"https:\/\/kardosystems.com\/sklep\/produkt\/termostat-ax-te4-z-czujnikiem-powietrznym-i-podlogowym\/\" \/>\n<meta property=\"og:locale\" content=\"pl_PL\" \/>\n<meta property=\"og:type\" content=\"article\" \/>\n<meta property=\"og:title\" content=\"TERMOSTAT KARDO-TE4 z czujnikiem powietrznym i pod\u0142ogowym |Regulator TE-4 - KARDO Sklep - Ogrzewanie pod\u0142ogowe i systemy grzejne\" \/>\n<meta property=\"og:description\" content=\"Elektroniczny regulator KARDO - TE4 przeznaczony do regulowania temperatury mieszka\u0144, domk\u00f3w jednorodzinnych, lokali u\u017cytkowych. Mo\u017cna go stosowa\u0107\u00a0 do ogrzewania\u00a0 centralnego (gazowego, na rop\u0119 itp.) oraz elektrycznego lub wodnego ogrzewania pod\u0142ogowego.  zasilanie: 220V\/50Hz, 3600VA zakres regulacji temperatury: +5 st.C do +35 st.C histereza dla regulacji temperatury powietrza:\u00a0 0,5 st.C histereza dla regulacji temperatury pod\u0142ogi: +1 st.C wymiary: 90 x 85 x 30mm d\u0142. czujnika temperatury: 2,5 mb Model KARDO-TE4\u00a0zast\u0105pi\u0142 star\u0105 wersj\u0119 produktu AX-TE4. Jest to nadal ten sam producent i produkcja odbywa si\u0119 w Polsce.\" \/>\n<meta property=\"og:url\" content=\"https:\/\/kardosystems.com\/sklep\/produkt\/termostat-ax-te4-z-czujnikiem-powietrznym-i-podlogowym\/\" \/>\n<meta property=\"og:site_name\" content=\"KARDO Sklep - Ogrzewanie pod\u0142ogowe i systemy grzejne\" \/>\n<meta property=\"article:modified_time\" content=\"2026-03-20T11:40:26+00:00\" \/>\n<meta property=\"og:image\" content=\"https:\/\/kardosystems.com\/sklep\/wp-content\/uploads\/2020\/10\/kardo-ax-te4.png\" \/>\n\t<meta property=\"og:image:width\" content=\"1024\" \/>\n\t<meta property=\"og:image:height\" content=\"1024\" \/>\n\t<meta property=\"og:image:type\" content=\"image\/png\" \/>\n<meta name=\"twitter:card\" content=\"summary_large_image\" \/>\n<meta name=\"twitter:label1\" content=\"Szacowany czas czytania\" \/>\n\t<meta name=\"twitter:data1\" content=\"1 minuta\" \/>\n<script type=\"application\/ld+json\" class=\"yoast-schema-graph\">{\"@context\":\"https:\\\/\\\/schema.org\",\"@graph\":[{\"@type\":\"WebPage\",\"@id\":\"https:\\\/\\\/kardosystems.com\\\/sklep\\\/produkt\\\/termostat-ax-te4-z-czujnikiem-powietrznym-i-podlogowym\\\/\",\"url\":\"https:\\\/\\\/kardosystems.com\\\/sklep\\\/produkt\\\/termostat-ax-te4-z-czujnikiem-powietrznym-i-podlogowym\\\/\",\"name\":\"TERMOSTAT KARDO-TE4 z czujnikiem powietrznym i pod\u0142ogowym |Regulator TE-4 - KARDO Sklep - Ogrzewanie pod\u0142ogowe i systemy grzejne\",\"isPartOf\":{\"@id\":\"https:\\\/\\\/kardosystems.com\\\/sklep\\\/#website\"},\"primaryImageOfPage\":{\"@id\":\"https:\\\/\\\/kardosystems.com\\\/sklep\\\/produkt\\\/termostat-ax-te4-z-czujnikiem-powietrznym-i-podlogowym\\\/#primaryimage\"},\"image\":{\"@id\":\"https:\\\/\\\/kardosystems.com\\\/sklep\\\/produkt\\\/termostat-ax-te4-z-czujnikiem-powietrznym-i-podlogowym\\\/#primaryimage\"},\"thumbnailUrl\":\"https:\\\/\\\/kardosystems.com\\\/sklep\\\/wp-content\\\/uploads\\\/2020\\\/10\\\/kardo-ax-te4.png\",\"datePublished\":\"2020-10-02T13:34:22+00:00\",\"dateModified\":\"2026-03-20T11:40:26+00:00\",\"breadcrumb\":{\"@id\":\"https:\\\/\\\/kardosystems.com\\\/sklep\\\/produkt\\\/termostat-ax-te4-z-czujnikiem-powietrznym-i-podlogowym\\\/#breadcrumb\"},\"inLanguage\":\"pl-PL\",\"potentialAction\":[{\"@type\":\"ReadAction\",\"target\":[\"https:\\\/\\\/kardosystems.com\\\/sklep\\\/produkt\\\/termostat-ax-te4-z-czujnikiem-powietrznym-i-podlogowym\\\/\"]}]},{\"@type\":\"ImageObject\",\"inLanguage\":\"pl-PL\",\"@id\":\"https:\\\/\\\/kardosystems.com\\\/sklep\\\/produkt\\\/termostat-ax-te4-z-czujnikiem-powietrznym-i-podlogowym\\\/#primaryimage\",\"url\":\"https:\\\/\\\/kardosystems.com\\\/sklep\\\/wp-content\\\/uploads\\\/2020\\\/10\\\/kardo-ax-te4.png\",\"contentUrl\":\"https:\\\/\\\/kardosystems.com\\\/sklep\\\/wp-content\\\/uploads\\\/2020\\\/10\\\/kardo-ax-te4.png\",\"width\":1024,\"height\":1024},{\"@type\":\"BreadcrumbList\",\"@id\":\"https:\\\/\\\/kardosystems.com\\\/sklep\\\/produkt\\\/termostat-ax-te4-z-czujnikiem-powietrznym-i-podlogowym\\\/#breadcrumb\",\"itemListElement\":[{\"@type\":\"ListItem\",\"position\":1,\"name\":\"Strona g\u0142\u00f3wna\",\"item\":\"https:\\\/\\\/kardosystems.com\\\/sklep\\\/\"},{\"@type\":\"ListItem\",\"position\":2,\"name\":\"Wszystkie produkty\",\"item\":\"https:\\\/\\\/kardosystems.com\\\/sklep\\\/produkty\\\/\"},{\"@type\":\"ListItem\",\"position\":3,\"name\":\"TERMOSTAT KARDO-TE4 z czujnikiem powietrznym i pod\u0142ogowym |Regulator TE-4\"}]},{\"@type\":\"WebSite\",\"@id\":\"https:\\\/\\\/kardosystems.com\\\/sklep\\\/#website\",\"url\":\"https:\\\/\\\/kardosystems.com\\\/sklep\\\/\",\"name\":\"KARDO Sklep - Ogrzewanie pod\u0142ogowe i systemy grzejne\",\"description\":\"Systemy KARDO izolacyjno grzewcze\",\"publisher\":{\"@id\":\"https:\\\/\\\/kardosystems.com\\\/sklep\\\/#organization\"},\"potentialAction\":[{\"@type\":\"SearchAction\",\"target\":{\"@type\":\"EntryPoint\",\"urlTemplate\":\"https:\\\/\\\/kardosystems.com\\\/sklep\\\/?s={search_term_string}\"},\"query-input\":{\"@type\":\"PropertyValueSpecification\",\"valueRequired\":true,\"valueName\":\"search_term_string\"}}],\"inLanguage\":\"pl-PL\"},{\"@type\":\"Organization\",\"@id\":\"https:\\\/\\\/kardosystems.com\\\/sklep\\\/#organization\",\"name\":\"KARDO SYSTEMS\",\"url\":\"https:\\\/\\\/kardosystems.com\\\/sklep\\\/\",\"logo\":{\"@type\":\"ImageObject\",\"inLanguage\":\"pl-PL\",\"@id\":\"https:\\\/\\\/kardosystems.com\\\/sklep\\\/#\\\/schema\\\/logo\\\/image\\\/\",\"url\":\"https:\\\/\\\/kardosystems.com\\\/sklep\\\/wp-content\\\/uploads\\\/2020\\\/06\\\/cropped-logosdsdsd.png\",\"contentUrl\":\"https:\\\/\\\/kardosystems.com\\\/sklep\\\/wp-content\\\/uploads\\\/2020\\\/06\\\/cropped-logosdsdsd.png\",\"width\":512,\"height\":512,\"caption\":\"KARDO SYSTEMS\"},\"image\":{\"@id\":\"https:\\\/\\\/kardosystems.com\\\/sklep\\\/#\\\/schema\\\/logo\\\/image\\\/\"}}]}<\/script>\n<!-- \/ Yoast SEO plugin. -->","yoast_head_json":{"title":"TERMOSTAT KARDO-TE4 z czujnikiem powietrznym i pod\u0142ogowym |Regulator TE-4 - KARDO Sklep - Ogrzewanie pod\u0142ogowe i systemy grzejne","robots":{"index":"index","follow":"follow","max-snippet":"max-snippet:-1","max-image-preview":"max-image-preview:large","max-video-preview":"max-video-preview:-1"},"canonical":"https:\/\/kardosystems.com\/sklep\/produkt\/termostat-ax-te4-z-czujnikiem-powietrznym-i-podlogowym\/","og_locale":"pl_PL","og_type":"article","og_title":"TERMOSTAT KARDO-TE4 z czujnikiem powietrznym i pod\u0142ogowym |Regulator TE-4 - KARDO Sklep - Ogrzewanie pod\u0142ogowe i systemy grzejne","og_description":"Elektroniczny regulator KARDO - TE4 przeznaczony do regulowania temperatury mieszka\u0144, domk\u00f3w jednorodzinnych, lokali u\u017cytkowych. Mo\u017cna go stosowa\u0107\u00a0 do ogrzewania\u00a0 centralnego (gazowego, na rop\u0119 itp.) oraz elektrycznego lub wodnego ogrzewania pod\u0142ogowego.  zasilanie: 220V\/50Hz, 3600VA zakres regulacji temperatury: +5 st.C do +35 st.C histereza dla regulacji temperatury powietrza:\u00a0 0,5 st.C histereza dla regulacji temperatury pod\u0142ogi: +1 st.C wymiary: 90 x 85 x 30mm d\u0142. czujnika temperatury: 2,5 mb Model KARDO-TE4\u00a0zast\u0105pi\u0142 star\u0105 wersj\u0119 produktu AX-TE4. Jest to nadal ten sam producent i produkcja odbywa si\u0119 w Polsce.","og_url":"https:\/\/kardosystems.com\/sklep\/produkt\/termostat-ax-te4-z-czujnikiem-powietrznym-i-podlogowym\/","og_site_name":"KARDO Sklep - Ogrzewanie pod\u0142ogowe i systemy grzejne","article_modified_time":"2026-03-20T11:40:26+00:00","og_image":[{"width":1024,"height":1024,"url":"https:\/\/kardosystems.com\/sklep\/wp-content\/uploads\/2020\/10\/kardo-ax-te4.png","type":"image\/png"}],"twitter_card":"summary_large_image","twitter_misc":{"Szacowany czas czytania":"1 minuta"},"schema":{"@context":"https:\/\/schema.org","@graph":[{"@type":"WebPage","@id":"https:\/\/kardosystems.com\/sklep\/produkt\/termostat-ax-te4-z-czujnikiem-powietrznym-i-podlogowym\/","url":"https:\/\/kardosystems.com\/sklep\/produkt\/termostat-ax-te4-z-czujnikiem-powietrznym-i-podlogowym\/","name":"TERMOSTAT KARDO-TE4 z czujnikiem powietrznym i pod\u0142ogowym |Regulator TE-4 - KARDO Sklep - Ogrzewanie pod\u0142ogowe i systemy grzejne","isPartOf":{"@id":"https:\/\/kardosystems.com\/sklep\/#website"},"primaryImageOfPage":{"@id":"https:\/\/kardosystems.com\/sklep\/produkt\/termostat-ax-te4-z-czujnikiem-powietrznym-i-podlogowym\/#primaryimage"},"image":{"@id":"https:\/\/kardosystems.com\/sklep\/produkt\/termostat-ax-te4-z-czujnikiem-powietrznym-i-podlogowym\/#primaryimage"},"thumbnailUrl":"https:\/\/kardosystems.com\/sklep\/wp-content\/uploads\/2020\/10\/kardo-ax-te4.png","datePublished":"2020-10-02T13:34:22+00:00","dateModified":"2026-03-20T11:40:26+00:00","breadcrumb":{"@id":"https:\/\/kardosystems.com\/sklep\/produkt\/termostat-ax-te4-z-czujnikiem-powietrznym-i-podlogowym\/#breadcrumb"},"inLanguage":"pl-PL","potentialAction":[{"@type":"ReadAction","target":["https:\/\/kardosystems.com\/sklep\/produkt\/termostat-ax-te4-z-czujnikiem-powietrznym-i-podlogowym\/"]}]},{"@type":"ImageObject","inLanguage":"pl-PL","@id":"https:\/\/kardosystems.com\/sklep\/produkt\/termostat-ax-te4-z-czujnikiem-powietrznym-i-podlogowym\/#primaryimage","url":"https:\/\/kardosystems.com\/sklep\/wp-content\/uploads\/2020\/10\/kardo-ax-te4.png","contentUrl":"https:\/\/kardosystems.com\/sklep\/wp-content\/uploads\/2020\/10\/kardo-ax-te4.png","width":1024,"height":1024},{"@type":"BreadcrumbList","@id":"https:\/\/kardosystems.com\/sklep\/produkt\/termostat-ax-te4-z-czujnikiem-powietrznym-i-podlogowym\/#breadcrumb","itemListElement":[{"@type":"ListItem","position":1,"name":"Strona g\u0142\u00f3wna","item":"https:\/\/kardosystems.com\/sklep\/"},{"@type":"ListItem","position":2,"name":"Wszystkie produkty","item":"https:\/\/kardosystems.com\/sklep\/produkty\/"},{"@type":"ListItem","position":3,"name":"TERMOSTAT KARDO-TE4 z czujnikiem powietrznym i pod\u0142ogowym |Regulator TE-4"}]},{"@type":"WebSite","@id":"https:\/\/kardosystems.com\/sklep\/#website","url":"https:\/\/kardosystems.com\/sklep\/","name":"KARDO Sklep - Ogrzewanie pod\u0142ogowe i systemy grzejne","description":"Systemy KARDO izolacyjno grzewcze","publisher":{"@id":"https:\/\/kardosystems.com\/sklep\/#organization"},"potentialAction":[{"@type":"SearchAction","target":{"@type":"EntryPoint","urlTemplate":"https:\/\/kardosystems.com\/sklep\/?s={search_term_string}"},"query-input":{"@type":"PropertyValueSpecification","valueRequired":true,"valueName":"search_term_string"}}],"inLanguage":"pl-PL"},{"@type":"Organization","@id":"https:\/\/kardosystems.com\/sklep\/#organization","name":"KARDO SYSTEMS","url":"https:\/\/kardosystems.com\/sklep\/","logo":{"@type":"ImageObject","inLanguage":"pl-PL","@id":"https:\/\/kardosystems.com\/sklep\/#\/schema\/logo\/image\/","url":"https:\/\/kardosystems.com\/sklep\/wp-content\/uploads\/2020\/06\/cropped-logosdsdsd.png","contentUrl":"https:\/\/kardosystems.com\/sklep\/wp-content\/uploads\/2020\/06\/cropped-logosdsdsd.png","width":512,"height":512,"caption":"KARDO SYSTEMS"},"image":{"@id":"https:\/\/kardosystems.com\/sklep\/#\/schema\/logo\/image\/"}}]}},"_links":{"self":[{"href":"https:\/\/kardosystems.com\/sklep\/wp-json\/wp\/v2\/product\/1529","targetHints":{"allow":["GET"]}}],"collection":[{"href":"https:\/\/kardosystems.com\/sklep\/wp-json\/wp\/v2\/product"}],"about":[{"href":"https:\/\/kardosystems.com\/sklep\/wp-json\/wp\/v2\/types\/product"}],"replies":[{"embeddable":true,"href":"https:\/\/kardosystems.com\/sklep\/wp-json\/wp\/v2\/comments?post=1529"}],"version-history":[{"count":12,"href":"https:\/\/kardosystems.com\/sklep\/wp-json\/wp\/v2\/product\/1529\/revisions"}],"predecessor-version":[{"id":7709,"href":"https:\/\/kardosystems.com\/sklep\/wp-json\/wp\/v2\/product\/1529\/revisions\/7709"}],"wp:featuredmedia":[{"embeddable":true,"href":"https:\/\/kardosystems.com\/sklep\/wp-json\/wp\/v2\/media\/7706"}],"wp:attachment":[{"href":"https:\/\/kardosystems.com\/sklep\/wp-json\/wp\/v2\/media?parent=1529"}],"wp:term":[{"taxonomy":"product_brand","embeddable":true,"href":"https:\/\/kardosystems.com\/sklep\/wp-json\/wp\/v2\/product_brand?post=1529"},{"taxonomy":"product_cat","embeddable":true,"href":"https:\/\/kardosystems.com\/sklep\/wp-json\/wp\/v2\/product_cat?post=1529"},{"taxonomy":"product_tag","embeddable":true,"href":"https:\/\/kardosystems.com\/sklep\/wp-json\/wp\/v2\/product_tag?post=1529"}],"curies":[{"name":"wp","href":"https:\/\/api.w.org\/{rel}","templated":true}]}}